{"id":798,"date":"2023-02-15T07:45:10","date_gmt":"2023-02-15T07:45:10","guid":{"rendered":"https:\/\/www.jjlex.si\/?page_id=798"},"modified":"2023-02-24T08:33:27","modified_gmt":"2023-02-24T08:33:27","slug":"ursa-demsar","status":"publish","type":"page","link":"https:\/\/www.jjlex.si\/hr\/pravni-savjetnici\/ursa-demsar\/","title":{"rendered":"Ur\u0161a Dem\u0161ar"},"content":{"rendered":"<div class=\"row \"><div class=\"wpv-grid grid-1-2  wpv-first-level first unextended\" style=\"padding-top:0px;padding-bottom:0px\" id=\"wpv-column-082b3ab590b9142b623c17ed98844d6a\" ><p><img loading=\"lazy\" decoding=\"async\" class=\"alignnone size-full wp-image-271\" src=\"\/wp-content\/uploads\/sites\/10\/2023\/02\/ursa-demsar.jpg\" alt=\"Ur\u0161a Dem\u0161ar\" width=\"500\" height=\"500\" \/><\/div>\n<div class=\"wpv-grid grid-1-2  wpv-first-level unextended\" style=\"padding-top:0px;padding-bottom:0px\" id=\"wpv-column-bbddced3a2e8472895d764e152698fe5\" ><div class=\"team-member has-content\">\n\t\t<div class=\"team-member-info\">\n\t\t<h3>\n\t\t\t\t\t\t\t\t\t\t\t\t<\/h3>\n\t\t\t\t\t\t\t\t<div class=\"share-icons clearfix\">\n\t\t\t\t\t<\/div>\n\t<\/div>\n\t\t<div class=\"team-member-bio\">\n\t\t<strong>Podru\u010dja:<br \/>\n<\/strong>gra\u0111ansko pravo, pravo tr\u017ei\u0161nog natjecanja, radno pravo, parni\u010dni postupak, upravni postupak<\/p>\n<p><strong>Obrazovanje:<\/strong><br \/>\nMag.iur. \u2013 Pravni fakultet Sveu\u010dili\u0161ta u Ljubljani (2021.)<\/p>\n<p><strong>Jezici:<\/strong><br \/>\nEngleski<br \/>\nFrancuski\t<\/div>\n\t<\/div>\n<\/div><\/div>\n<div class=\"row \"><div class=\"wpv-grid grid-1-1  wpv-first-level first unextended\" style=\"padding-top:0px;padding-bottom:0px\" id=\"wpv-column-f348417e759beb9839a539ed00d7c059\" ><div class=\"push\" style='height:50px'><\/div><\/div><\/div>\n","protected":false},"excerpt":{"rendered":"","protected":false},"author":1,"featured_media":0,"parent":563,"menu_order":7,"comment_status":"closed","ping_status":"closed","template":"","meta":{"footnotes":""},"class_list":["post-798","page","type-page","status-publish","hentry"],"yoast_head":"<!-- This site is optimized with the Yoast SEO plugin v25.1 - https:\/\/yoast.com\/wordpress\/plugins\/seo\/ -->\r\n<title>Ur\u0161a Dem\u0161ar - Odvetni\u0161ka pisarna Jane\u017ei\u010d &amp; Jarkovi\u010d<\/title>\r\n<meta name=\"robots\" content=\"index, follow, max-snippet:-1, max-image-preview:large, max-video-preview:-1\" \/>\r\n<link rel=\"canonical\" href=\"https:\/\/www.jjlex.si\/hr\/pravni-savjetnici\/ursa-demsar\/\" \/>\r\n<meta property=\"og:locale\" content=\"hr_HR\" \/>\r\n<meta property=\"og:type\" content=\"article\" \/>\r\n<meta property=\"og:title\" content=\"Ur\u0161a Dem\u0161ar - Odvetni\u0161ka pisarna Jane\u017ei\u010d &amp; Jarkovi\u010d\" \/>\r\n<meta property=\"og:url\" content=\"https:\/\/www.jjlex.si\/hr\/pravni-savjetnici\/ursa-demsar\/\" \/>\r\n<meta property=\"og:site_name\" content=\"Odvetni\u0161ka pisarna Jane\u017ei\u010d &amp; Jarkovi\u010d\" \/>\r\n<meta property=\"article:modified_time\" content=\"2023-02-24T08:33:27+00:00\" \/>\r\n<meta name=\"twitter:card\" content=\"summary_large_image\" \/>\r\n<meta name=\"twitter:label1\" content=\"Procijenjeno vrijeme \u010ditanja\" \/>\n\t<meta name=\"twitter:data1\" content=\"1 minuta\" \/>\r\n<script type=\"application\/ld+json\" class=\"yoast-schema-graph\">{\"@context\":\"https:\/\/schema.org\",\"@graph\":[{\"@type\":\"WebPage\",\"@id\":\"https:\/\/www.jjlex.si\/hr\/pravni-savjetnici\/ursa-demsar\/\",\"url\":\"https:\/\/www.jjlex.si\/hr\/pravni-savjetnici\/ursa-demsar\/\",\"name\":\"Ur\u0161a Dem\u0161ar - Odvetni\u0161ka pisarna Jane\u017ei\u010d &amp; Jarkovi\u010d\",\"isPartOf\":{\"@id\":\"https:\/\/www.jjlex.si\/#website\"},\"datePublished\":\"2023-02-15T07:45:10+00:00\",\"dateModified\":\"2023-02-24T08:33:27+00:00\",\"breadcrumb\":{\"@id\":\"https:\/\/www.jjlex.si\/hr\/pravni-savjetnici\/ursa-demsar\/#breadcrumb\"},\"inLanguage\":\"hr\",\"potentialAction\":[{\"@type\":\"ReadAction\",\"target\":[\"https:\/\/www.jjlex.si\/hr\/pravni-savjetnici\/ursa-demsar\/\"]}]},{\"@type\":\"BreadcrumbList\",\"@id\":\"https:\/\/www.jjlex.si\/hr\/pravni-savjetnici\/ursa-demsar\/#breadcrumb\",\"itemListElement\":[{\"@type\":\"ListItem\",\"position\":1,\"name\":\"Pravni savjetnici\",\"item\":\"https:\/\/www.jjlex.si\/hr\/pravni-savjetnici\/\"},{\"@type\":\"ListItem\",\"position\":2,\"name\":\"Ur\u0161a Dem\u0161ar\"}]},{\"@type\":\"WebSite\",\"@id\":\"https:\/\/www.jjlex.si\/#website\",\"url\":\"https:\/\/www.jjlex.si\/\",\"name\":\"Odvetni\u0161ka pisarna Jane\u017ei\u010d &amp; Jarkovi\u010d\",\"description\":\"Just another WordPress site\",\"potentialAction\":[{\"@type\":\"SearchAction\",\"target\":{\"@type\":\"EntryPoint\",\"urlTemplate\":\"https:\/\/www.jjlex.si\/?s={search_term_string}\"},\"query-input\":{\"@type\":\"PropertyValueSpecification\",\"valueRequired\":true,\"valueName\":\"search_term_string\"}}],\"inLanguage\":\"hr\"}]}<\/script>\r\n<!-- \/ Yoast SEO plugin. -->","yoast_head_json":{"title":"Ur\u0161a Dem\u0161ar - Odvetni\u0161ka pisarna Jane\u017ei\u010d &amp; Jarkovi\u010d","robots":{"index":"index","follow":"follow","max-snippet":"max-snippet:-1","max-image-preview":"max-image-preview:large","max-video-preview":"max-video-preview:-1"},"canonical":"https:\/\/www.jjlex.si\/hr\/pravni-savjetnici\/ursa-demsar\/","og_locale":"hr_HR","og_type":"article","og_title":"Ur\u0161a Dem\u0161ar - Odvetni\u0161ka pisarna Jane\u017ei\u010d &amp; Jarkovi\u010d","og_url":"https:\/\/www.jjlex.si\/hr\/pravni-savjetnici\/ursa-demsar\/","og_site_name":"Odvetni\u0161ka pisarna Jane\u017ei\u010d &amp; Jarkovi\u010d","article_modified_time":"2023-02-24T08:33:27+00:00","twitter_card":"summary_large_image","twitter_misc":{"Procijenjeno vrijeme \u010ditanja":"1 minuta"},"schema":{"@context":"https:\/\/schema.org","@graph":[{"@type":"WebPage","@id":"https:\/\/www.jjlex.si\/hr\/pravni-savjetnici\/ursa-demsar\/","url":"https:\/\/www.jjlex.si\/hr\/pravni-savjetnici\/ursa-demsar\/","name":"Ur\u0161a Dem\u0161ar - Odvetni\u0161ka pisarna Jane\u017ei\u010d &amp; Jarkovi\u010d","isPartOf":{"@id":"https:\/\/www.jjlex.si\/#website"},"datePublished":"2023-02-15T07:45:10+00:00","dateModified":"2023-02-24T08:33:27+00:00","breadcrumb":{"@id":"https:\/\/www.jjlex.si\/hr\/pravni-savjetnici\/ursa-demsar\/#breadcrumb"},"inLanguage":"hr","potentialAction":[{"@type":"ReadAction","target":["https:\/\/www.jjlex.si\/hr\/pravni-savjetnici\/ursa-demsar\/"]}]},{"@type":"BreadcrumbList","@id":"https:\/\/www.jjlex.si\/hr\/pravni-savjetnici\/ursa-demsar\/#breadcrumb","itemListElement":[{"@type":"ListItem","position":1,"name":"Pravni savjetnici","item":"https:\/\/www.jjlex.si\/hr\/pravni-savjetnici\/"},{"@type":"ListItem","position":2,"name":"Ur\u0161a Dem\u0161ar"}]},{"@type":"WebSite","@id":"https:\/\/www.jjlex.si\/#website","url":"https:\/\/www.jjlex.si\/","name":"Odvetni\u0161ka pisarna Jane\u017ei\u010d &amp; Jarkovi\u010d","description":"Just another WordPress site","potentialAction":[{"@type":"SearchAction","target":{"@type":"EntryPoint","urlTemplate":"https:\/\/www.jjlex.si\/?s={search_term_string}"},"query-input":{"@type":"PropertyValueSpecification","valueRequired":true,"valueName":"search_term_string"}}],"inLanguage":"hr"}]}},"_links":{"self":[{"href":"https:\/\/www.jjlex.si\/hr\/wp-json\/wp\/v2\/pages\/798","targetHints":{"allow":["GET"]}}],"collection":[{"href":"https:\/\/www.jjlex.si\/hr\/wp-json\/wp\/v2\/pages"}],"about":[{"href":"https:\/\/www.jjlex.si\/hr\/wp-json\/wp\/v2\/types\/page"}],"author":[{"embeddable":true,"href":"https:\/\/www.jjlex.si\/hr\/wp-json\/wp\/v2\/users\/1"}],"replies":[{"embeddable":true,"href":"https:\/\/www.jjlex.si\/hr\/wp-json\/wp\/v2\/comments?post=798"}],"version-history":[{"count":7,"href":"https:\/\/www.jjlex.si\/hr\/wp-json\/wp\/v2\/pages\/798\/revisions"}],"predecessor-version":[{"id":819,"href":"https:\/\/www.jjlex.si\/hr\/wp-json\/wp\/v2\/pages\/798\/revisions\/819"}],"up":[{"embeddable":true,"href":"https:\/\/www.jjlex.si\/hr\/wp-json\/wp\/v2\/pages\/563"}],"wp:attachment":[{"href":"https:\/\/www.jjlex.si\/hr\/wp-json\/wp\/v2\/media?parent=798"}],"curies":[{"name":"wp","href":"https:\/\/api.w.org\/{rel}","templated":true}]}}