{"id":577,"date":"2015-09-30T13:51:46","date_gmt":"2015-09-30T13:51:46","guid":{"rendered":"https:\/\/www.jjlex.si\/?page_id=577&#038;lang=hr"},"modified":"2021-08-10T07:39:24","modified_gmt":"2021-08-10T07:39:24","slug":"kontakt","status":"publish","type":"page","link":"https:\/\/www.jjlex.si\/hr\/kontakt\/","title":{"rendered":"Kontakt"},"content":{"rendered":"<div class=\"row \"><div class=\"wpv-grid grid-1-1  wpv-first-level first unextended\" style=\"padding-top:0px;padding-bottom:0px\" id=\"wpv-column-3ad6e4ddbca31f07ffabda077a6ab719\" >\t\t<h2 class=\"text-divider-double\">\t\t\tKontakt\t\t<\/h2>\t\t<div class=\"sep\"><\/div>\t<div class=\"row \"><div class=\"wpv-grid grid-1-1  first unextended animation-fade-in animated-active\" style=\"padding-top:0px;padding-bottom:0px\" id=\"wpv-column-7aab30c9634d7d2e99042f62d4d022ba\" ><div class=\"push\" style='margin-bottom:-30px'><\/div>\n<p style=\"text-align: center;\"><span class=\"vamtam-font-style-2 accent-4\">Nazovite nas ili nam pi\u0161ite uz kori\u0161tenje doljnjeg obrasca i s veseljem \u0107emo odgovoriti na va\u0161a pitanja.<\/span><br \/>\n<div class=\"push\" style='height:30px'><\/div><\/div><\/div>\n<div class=\"row \"><div class=\"wpv-grid grid-1-3  first unextended animation-fade-in animated-active\" style=\"padding-top:0px;padding-bottom:0px\" id=\"wpv-column-1c8769de70024c46df43e8062555f8dd\" ><p style=\"text-align: center;\"><span class='icon shortcode theme  use-hover' style='font-size:32px !important;color:#f7b54a;'>&#57547;<\/span>\n<p style=\"text-align: center;\">Tav\u010darjeva 8,<br \/>\n1000 Ljubljana, Slovenija<\/div>\n<div class=\"wpv-grid grid-1-3  unextended animation-fade-in animated-active\" style=\"padding-top:0px;padding-bottom:0px\" id=\"wpv-column-f0cf8b71a60645c49cef71539c67c477\" ><p style=\"text-align: center;\"><span class='icon shortcode theme  use-hover' style='font-size:32px !important;color:#f7b54a;'>&#57471;<\/span>\n<p style=\"text-align: center;\">T: +386 1 230 9000<br \/>\nF: +386 1 230 9010<br \/>\nE-mail: <a href=\"mailto:info@jjlex.si\">info@jjlex.si<\/a><\/div>\n<div class=\"wpv-grid grid-1-3  unextended animation-fade-in animated-active\" style=\"padding-top:0px;padding-bottom:0px\" id=\"wpv-column-41ded8d45154e421a38ec18dd577af5a\" ><p style=\"text-align: center;\"><span class='icon shortcode theme  use-hover' style='font-size:32px !important;color:#f7b54a;'>&#57530;<\/span>\n<p style=\"text-align: center;\">Ponedjeljak \u2013 petak<br \/>\n08:00 \u2013 16:00<\/div><\/div>\n<div class=\"push\" style='margin-bottom:-40px'><\/div>\n<div class=\"sep-3\"><\/div><\/div><\/div>\n<div class=\"row \"><div class=\"wpv-grid grid-1-1  wpv-first-level first extended\" style=\"padding-top:60px;padding-bottom:30px\" id=\"wpv-column-63ec57c3ebe180e7f0f6a02fabb622a4\" ><div class=\"extended-column-inner\"><div class=\"row \"><div class=\"wpv-grid grid-1-1  first unextended animation-from-bottom animated-active\" style=\"padding-top:0px;padding-bottom:0px\" id=\"wpv-column-ca97fb4ba51c36fc56b3e21b24020405\" ><p>\n<div class=\"wpcf7 no-js\" id=\"wpcf7-f447-o1\" lang=\"hr\" dir=\"ltr\" data-wpcf7-id=\"447\">\n<div class=\"screen-reader-response\"><p role=\"status\" aria-live=\"polite\" aria-atomic=\"true\"><\/p> <ul><\/ul><\/div>\n<form action=\"\/hr\/wp-json\/wp\/v2\/pages\/577#wpcf7-f447-o1\" method=\"post\" class=\"wpcf7-form init\" aria-label=\"Kontakt obrazac\" novalidate=\"novalidate\" data-status=\"init\">\n<div style=\"display: none;\">\n<input type=\"hidden\" name=\"_wpcf7\" value=\"447\" \/>\n<input type=\"hidden\" name=\"_wpcf7_version\" value=\"6.0.6\" \/>\n<input type=\"hidden\" name=\"_wpcf7_locale\" value=\"hr\" \/>\n<input type=\"hidden\" name=\"_wpcf7_unit_tag\" value=\"wpcf7-f447-o1\" \/>\n<input type=\"hidden\" name=\"_wpcf7_container_post\" value=\"0\" \/>\n<input type=\"hidden\" name=\"_wpcf7_posted_data_hash\" value=\"\" \/>\n<input type=\"hidden\" name=\"_wpcf7_recaptcha_response\" value=\"\" \/>\n<\/div>\n<div class=\"row \">\n\t<div class=\"wpv-grid grid-1-3 wpv-first-level first unextended\">\n\t\t<p><span class=\"wpcf7-form-control-wrap\" data-name=\"your-name\"><input size=\"40\" maxlength=\"400\" class=\"wpcf7-form-control wpcf7-text wpcf7-validates-as-required\" aria-required=\"true\" aria-invalid=\"false\" placeholder=\"Ime\" value=\"\" type=\"text\" name=\"your-name\" \/><\/span>\n\t\t<\/p>\n\t<\/div>\n\t<div class=\"wpv-grid grid-1-3 wpv-first-level unextended\">\n\t\t<p><span class=\"wpcf7-form-control-wrap\" data-name=\"your-email\"><input size=\"40\" maxlength=\"400\" class=\"wpcf7-form-control wpcf7-email wpcf7-validates-as-required wpcf7-text wpcf7-validates-as-email\" aria-required=\"true\" aria-invalid=\"false\" placeholder=\"E-po\u0161ta\" value=\"\" type=\"email\" name=\"your-email\" \/><\/span>\n\t\t<\/p>\n\t<\/div>\n\t<div class=\"wpv-grid grid-1-3 wpv-first-level unextended\">\n\t\t<p><span class=\"wpcf7-form-control-wrap\" data-name=\"your-subject\"><input size=\"40\" maxlength=\"400\" class=\"wpcf7-form-control wpcf7-text\" aria-invalid=\"false\" placeholder=\"Predmet\" value=\"\" type=\"text\" name=\"your-subject\" \/><\/span>\n\t\t<\/p>\n\t<\/div>\n\t<div class=\"wpv-grid grid-1-1 wpv-first-level unextended\">\n\t\t<p><span class=\"wpcf7-form-control-wrap\" data-name=\"your-message\"><textarea cols=\"40\" rows=\"10\" maxlength=\"2000\" class=\"wpcf7-form-control wpcf7-textarea\" aria-invalid=\"false\" placeholder=\"Poruka\" name=\"your-message\"><\/textarea><\/span>\n\t\t<\/p>\n\t<\/div>\n\t<div class=\"wpv-grid grid-1-1 wpv-first-level unextended\">\n\t\t<p><input class=\"wpcf7-form-control wpcf7-submit has-spinner\" type=\"submit\" value=\"Po\u0161alji\" \/>\n\t\t<\/p>\n\t<\/div>\n<\/div><div class=\"wpcf7-response-output\" aria-hidden=\"true\"><\/div>\n<\/form>\n<\/div>\n<\/div><\/div><\/div><\/div><\/div>\n<div class=\"row \"><div class=\"wpv-grid grid-1-1  wpv-first-level first unextended\" style=\"padding-top:0px;padding-bottom:0px\" id=\"wpv-column-fd0c81c7f1149a49e8ff28affcef1ead\" ><p><iframe loading=\"lazy\" style=\"border: 0;\" src=\"https:\/\/www.google.com\/maps\/embed?pb=!1m18!1m12!1m3!1d2768.8419535379962!2d14.507595600000007!3d46.05425060000001!2m3!1f0!2f0!3f0!3m2!1i1024!2i768!4f13.1!3m3!1m2!1s0x4765329d91ae9105%3A0x7e59bf80678ade01!2sTav%C4%8Darjeva+ulica+8%2C+1000+Ljubljana!5e0!3m2!1ssl!2ssi!4v1436337123824\" width=\"100%\" height=\"400\" frameborder=\"0\" allowfullscreen=\"allowfullscreen\"><\/iframe><\/div><\/div>\n<div class=\"row \"><div class=\"wpv-grid grid-1-1  wpv-first-level first unextended\" style=\"padding-top:0px;padding-bottom:0px\" id=\"wpv-column-ebf185b2e7ce14f07ab3568a3076a41d\" ><p style=\"text-align: center;\">Odvjetni\u010dki ured Jane\u017ei\u010d &amp; Jarkovi\u010d, d. o. o., je registriran na Okru\u017enom sudu u Ljubljani, mati\u010dni broj subjekta 3674169000, temeljni kapital: 7.894,74 EUR, pla\u0107en u cijelosti.<\/p>\n<p style=\"text-align: center;\">Odvjetni\u010dki ured Jane\u017ei\u010d &amp; Jarkovi\u010d, d. o. o., je obveznik za pla\u0107anje PDV-a, identifikacijski broj SI27960838. Podaci o transakcijskom ra\u010dunu: br. ra\u010duna SI56 0400 1004 7826 033 kod NOVA KBM d.d..<\/p>\n<p style=\"text-align: center;\">Dru\u0161tvo je registrirano kao zastupnik za za\u0161titne znakove i modele u Uredu Republike Slovenije za intelektualno vlasni\u0161tvo pod br. 212.<\/div><\/div>\n","protected":false},"excerpt":{"rendered":"<p>Nazovite nas ili nam pi\u0161ite uz kori\u0161tenje doljnjeg obrasca i s veseljem \u0107emo odgovoriti na va\u0161a pitanja. Tav\u010darjeva 8, 1000 Ljubljana, Slovenija T: +386 1 230 9000 F: +386 1 230 9010 E-mail: info@jjlex.si Ponedjeljak \u2013 petak 08:00 \u2013 16:00 Odvjetni\u010dki ured Jane\u017ei\u010d &amp; Jarkovi\u010d, d. o. o., je registriran na Okru\u017enom sudu u Ljubljani,&#8230;<\/p>\n","protected":false},"author":1,"featured_media":0,"parent":0,"menu_order":3,"comment_status":"closed","ping_status":"closed","template":"","meta":{"footnotes":""},"class_list":["post-577","page","type-page","status-publish","hentry"],"yoast_head":"<!-- This site is optimized with the Yoast SEO plugin v25.1 - https:\/\/yoast.com\/wordpress\/plugins\/seo\/ -->\r\n<title>Kontakt - Odvetni\u0161ka pisarna Jane\u017ei\u010d &amp; Jarkovi\u010d<\/title>\r\n<meta name=\"robots\" content=\"index, follow, max-snippet:-1, max-image-preview:large, max-video-preview:-1\" \/>\r\n<link rel=\"canonical\" href=\"https:\/\/www.jjlex.si\/kontakt\/\" \/>\r\n<meta property=\"og:locale\" content=\"hr_HR\" \/>\r\n<meta property=\"og:type\" content=\"article\" \/>\r\n<meta property=\"og:title\" content=\"Kontakt - Odvetni\u0161ka pisarna Jane\u017ei\u010d &amp; Jarkovi\u010d\" \/>\r\n<meta property=\"og:description\" content=\"Nazovite nas ili nam pi\u0161ite uz kori\u0161tenje doljnjeg obrasca i s veseljem \u0107emo odgovoriti na va\u0161a pitanja. Tav\u010darjeva 8, 1000 Ljubljana, Slovenija T: +386 1 230 9000 F: +386 1 230 9010 E-mail: info@jjlex.si Ponedjeljak \u2013 petak 08:00 \u2013 16:00 Odvjetni\u010dki ured Jane\u017ei\u010d &amp; Jarkovi\u010d, d. o. o., je registriran na Okru\u017enom sudu u Ljubljani,...\" \/>\r\n<meta property=\"og:url\" content=\"https:\/\/www.jjlex.si\/kontakt\/\" \/>\r\n<meta property=\"og:site_name\" content=\"Odvetni\u0161ka pisarna Jane\u017ei\u010d &amp; Jarkovi\u010d\" \/>\r\n<meta property=\"article:modified_time\" content=\"2021-08-10T07:39:24+00:00\" \/>\r\n<meta name=\"twitter:card\" content=\"summary_large_image\" \/>\r\n<meta name=\"twitter:label1\" content=\"Procijenjeno vrijeme \u010ditanja\" \/>\n\t<meta name=\"twitter:data1\" content=\"2 minute\" \/>\r\n<script type=\"application\/ld+json\" class=\"yoast-schema-graph\">{\"@context\":\"https:\/\/schema.org\",\"@graph\":[{\"@type\":\"WebPage\",\"@id\":\"https:\/\/www.jjlex.si\/kontakt\/\",\"url\":\"https:\/\/www.jjlex.si\/kontakt\/\",\"name\":\"Kontakt - Odvetni\u0161ka pisarna Jane\u017ei\u010d &amp; Jarkovi\u010d\",\"isPartOf\":{\"@id\":\"https:\/\/www.jjlex.si\/#website\"},\"datePublished\":\"2015-09-30T13:51:46+00:00\",\"dateModified\":\"2021-08-10T07:39:24+00:00\",\"inLanguage\":\"hr\",\"potentialAction\":[{\"@type\":\"ReadAction\",\"target\":[\"https:\/\/www.jjlex.si\/kontakt\/\"]}]},{\"@type\":\"WebSite\",\"@id\":\"https:\/\/www.jjlex.si\/#website\",\"url\":\"https:\/\/www.jjlex.si\/\",\"name\":\"Odvetni\u0161ka pisarna Jane\u017ei\u010d &amp; Jarkovi\u010d\",\"description\":\"Just another WordPress site\",\"potentialAction\":[{\"@type\":\"SearchAction\",\"target\":{\"@type\":\"EntryPoint\",\"urlTemplate\":\"https:\/\/www.jjlex.si\/?s={search_term_string}\"},\"query-input\":{\"@type\":\"PropertyValueSpecification\",\"valueRequired\":true,\"valueName\":\"search_term_string\"}}],\"inLanguage\":\"hr\"}]}<\/script>\r\n<!-- \/ Yoast SEO plugin. -->","yoast_head_json":{"title":"Kontakt - Odvetni\u0161ka pisarna Jane\u017ei\u010d &amp; Jarkovi\u010d","robots":{"index":"index","follow":"follow","max-snippet":"max-snippet:-1","max-image-preview":"max-image-preview:large","max-video-preview":"max-video-preview:-1"},"canonical":"https:\/\/www.jjlex.si\/kontakt\/","og_locale":"hr_HR","og_type":"article","og_title":"Kontakt - Odvetni\u0161ka pisarna Jane\u017ei\u010d &amp; Jarkovi\u010d","og_description":"Nazovite nas ili nam pi\u0161ite uz kori\u0161tenje doljnjeg obrasca i s veseljem \u0107emo odgovoriti na va\u0161a pitanja. Tav\u010darjeva 8, 1000 Ljubljana, Slovenija T: +386 1 230 9000 F: +386 1 230 9010 E-mail: info@jjlex.si Ponedjeljak \u2013 petak 08:00 \u2013 16:00 Odvjetni\u010dki ured Jane\u017ei\u010d &amp; Jarkovi\u010d, d. o. o., je registriran na Okru\u017enom sudu u Ljubljani,...","og_url":"https:\/\/www.jjlex.si\/kontakt\/","og_site_name":"Odvetni\u0161ka pisarna Jane\u017ei\u010d &amp; Jarkovi\u010d","article_modified_time":"2021-08-10T07:39:24+00:00","twitter_card":"summary_large_image","twitter_misc":{"Procijenjeno vrijeme \u010ditanja":"2 minute"},"schema":{"@context":"https:\/\/schema.org","@graph":[{"@type":"WebPage","@id":"https:\/\/www.jjlex.si\/kontakt\/","url":"https:\/\/www.jjlex.si\/kontakt\/","name":"Kontakt - Odvetni\u0161ka pisarna Jane\u017ei\u010d &amp; Jarkovi\u010d","isPartOf":{"@id":"https:\/\/www.jjlex.si\/#website"},"datePublished":"2015-09-30T13:51:46+00:00","dateModified":"2021-08-10T07:39:24+00:00","inLanguage":"hr","potentialAction":[{"@type":"ReadAction","target":["https:\/\/www.jjlex.si\/kontakt\/"]}]},{"@type":"WebSite","@id":"https:\/\/www.jjlex.si\/#website","url":"https:\/\/www.jjlex.si\/","name":"Odvetni\u0161ka pisarna Jane\u017ei\u010d &amp; Jarkovi\u010d","description":"Just another WordPress site","potentialAction":[{"@type":"SearchAction","target":{"@type":"EntryPoint","urlTemplate":"https:\/\/www.jjlex.si\/?s={search_term_string}"},"query-input":{"@type":"PropertyValueSpecification","valueRequired":true,"valueName":"search_term_string"}}],"inLanguage":"hr"}]}},"_links":{"self":[{"href":"https:\/\/www.jjlex.si\/hr\/wp-json\/wp\/v2\/pages\/577","targetHints":{"allow":["GET"]}}],"collection":[{"href":"https:\/\/www.jjlex.si\/hr\/wp-json\/wp\/v2\/pages"}],"about":[{"href":"https:\/\/www.jjlex.si\/hr\/wp-json\/wp\/v2\/types\/page"}],"author":[{"embeddable":true,"href":"https:\/\/www.jjlex.si\/hr\/wp-json\/wp\/v2\/users\/1"}],"replies":[{"embeddable":true,"href":"https:\/\/www.jjlex.si\/hr\/wp-json\/wp\/v2\/comments?post=577"}],"version-history":[{"count":5,"href":"https:\/\/www.jjlex.si\/hr\/wp-json\/wp\/v2\/pages\/577\/revisions"}],"predecessor-version":[{"id":764,"href":"https:\/\/www.jjlex.si\/hr\/wp-json\/wp\/v2\/pages\/577\/revisions\/764"}],"wp:attachment":[{"href":"https:\/\/www.jjlex.si\/hr\/wp-json\/wp\/v2\/media?parent=577"}],"curies":[{"name":"wp","href":"https:\/\/api.w.org\/{rel}","templated":true}]}}