{"id":575,"date":"2015-09-30T13:50:56","date_gmt":"2015-09-30T13:50:56","guid":{"rendered":"https:\/\/www.jjlex.si\/?page_id=575&#038;lang=hr"},"modified":"2018-08-08T09:31:42","modified_gmt":"2018-08-08T09:31:42","slug":"andrej-debevec","status":"publish","type":"page","link":"https:\/\/www.jjlex.si\/hr\/pravni-savjetnici\/andrej-debevec\/","title":{"rendered":"Andrej Debevec"},"content":{"rendered":"<div class=\"row \"><div class=\"wpv-grid grid-1-2  wpv-first-level first unextended\" style=\"padding-top:0px;padding-bottom:0px\" id=\"wpv-column-978c93164fdac5a3db5e67f14ad8a255\" ><p><img loading=\"lazy\" decoding=\"async\" class=\"alignnone size-full wp-image-271\" src=\"\/wp-content\/uploads\/sites\/10\/2015\/08\/adebevec.jpg\" alt=\"adebevec\" width=\"500\" height=\"500\" srcset=\"https:\/\/www.jjlex.si\/wp-content\/uploads\/sites\/10\/2015\/08\/adebevec.jpg 500w, https:\/\/www.jjlex.si\/wp-content\/uploads\/sites\/10\/2015\/08\/adebevec-150x150.jpg 150w, https:\/\/www.jjlex.si\/wp-content\/uploads\/sites\/10\/2015\/08\/adebevec-300x300.jpg 300w, https:\/\/www.jjlex.si\/wp-content\/uploads\/sites\/10\/2015\/08\/adebevec-60x60.jpg 60w, https:\/\/www.jjlex.si\/wp-content\/uploads\/sites\/10\/2015\/08\/adebevec-360x360.jpg 360w, https:\/\/www.jjlex.si\/wp-content\/uploads\/sites\/10\/2015\/08\/adebevec-262x262.jpg 262w\" sizes=\"auto, (max-width: 500px) 100vw, 500px\" \/><\/div>\n<div class=\"wpv-grid grid-1-2  wpv-first-level unextended\" style=\"padding-top:0px;padding-bottom:0px\" id=\"wpv-column-8c58b1f618e74657f97c0b9f0700f89f\" ><div class=\"team-member has-content\">\n\t\t<div class=\"team-member-info\">\n\t\t<h3>\n\t\t\t\t\t\t\t\t\t\t\t\t<\/h3>\n\t\t\t\t\t\t\t\t<div class=\"share-icons clearfix\">\n\t\t\t\t\t<\/div>\n\t<\/div>\n\t\t<div class=\"team-member-bio\">\n\t\t<strong>Podru\u010dja:<br \/>\n<\/strong>gra\u0111ansko pravo, trgova\u010dko pravo, pravo nekretnina, parni\u010dni i ovr\u0161ni postupak<\/p>\n<p><strong>Obrazovanje:<\/strong><br \/>\nDipl. pravnik \u2013 Pravni fakultet Sveu\u010dili\u0161ta u Ljubljani (2011.)<\/p>\n<p><strong>Jezici:<\/strong><br \/>\nHrvatski<br \/>\nEngleski<br \/>\nNjema\u010dki<br \/>\nRuski\t<\/div>\n\t<\/div>\n<\/div><\/div>\n<div class=\"row \"><div class=\"wpv-grid grid-1-1  wpv-first-level first unextended\" style=\"padding-top:0px;padding-bottom:0px\" id=\"wpv-column-da6b62c3cd907086aeace278251c892a\" ><div class=\"push\" style='height:50px'><\/div><\/div><\/div>\n","protected":false},"excerpt":{"rendered":"","protected":false},"author":1,"featured_media":0,"parent":563,"menu_order":6,"comment_status":"closed","ping_status":"closed","template":"","meta":{"footnotes":""},"class_list":["post-575","page","type-page","status-publish","hentry"],"yoast_head":"<!-- This site is optimized with the Yoast SEO plugin v25.1 - https:\/\/yoast.com\/wordpress\/plugins\/seo\/ -->\r\n<title>Andrej Debevec - Odvetni\u0161ka pisarna Jane\u017ei\u010d &amp; Jarkovi\u010d<\/title>\r\n<meta name=\"robots\" content=\"index, follow, max-snippet:-1, max-image-preview:large, max-video-preview:-1\" \/>\r\n<link rel=\"canonical\" href=\"https:\/\/www.jjlex.si\/hr\/pravni-savjetnici\/andrej-debevec\/\" \/>\r\n<meta property=\"og:locale\" content=\"hr_HR\" \/>\r\n<meta property=\"og:type\" content=\"article\" \/>\r\n<meta property=\"og:title\" content=\"Andrej Debevec - Odvetni\u0161ka pisarna Jane\u017ei\u010d &amp; Jarkovi\u010d\" \/>\r\n<meta property=\"og:url\" content=\"https:\/\/www.jjlex.si\/hr\/pravni-savjetnici\/andrej-debevec\/\" \/>\r\n<meta property=\"og:site_name\" content=\"Odvetni\u0161ka pisarna Jane\u017ei\u010d &amp; Jarkovi\u010d\" \/>\r\n<meta property=\"article:modified_time\" content=\"2018-08-08T09:31:42+00:00\" \/>\r\n<meta name=\"twitter:card\" content=\"summary_large_image\" \/>\r\n<meta name=\"twitter:label1\" content=\"Procijenjeno vrijeme \u010ditanja\" \/>\n\t<meta name=\"twitter:data1\" content=\"1 minuta\" \/>\r\n<script type=\"application\/ld+json\" class=\"yoast-schema-graph\">{\"@context\":\"https:\/\/schema.org\",\"@graph\":[{\"@type\":\"WebPage\",\"@id\":\"https:\/\/www.jjlex.si\/hr\/pravni-savjetnici\/andrej-debevec\/\",\"url\":\"https:\/\/www.jjlex.si\/hr\/pravni-savjetnici\/andrej-debevec\/\",\"name\":\"Andrej Debevec - Odvetni\u0161ka pisarna Jane\u017ei\u010d &amp; Jarkovi\u010d\",\"isPartOf\":{\"@id\":\"https:\/\/www.jjlex.si\/#website\"},\"datePublished\":\"2015-09-30T13:50:56+00:00\",\"dateModified\":\"2018-08-08T09:31:42+00:00\",\"breadcrumb\":{\"@id\":\"https:\/\/www.jjlex.si\/hr\/pravni-savjetnici\/andrej-debevec\/#breadcrumb\"},\"inLanguage\":\"hr\",\"potentialAction\":[{\"@type\":\"ReadAction\",\"target\":[\"https:\/\/www.jjlex.si\/hr\/pravni-savjetnici\/andrej-debevec\/\"]}]},{\"@type\":\"BreadcrumbList\",\"@id\":\"https:\/\/www.jjlex.si\/hr\/pravni-savjetnici\/andrej-debevec\/#breadcrumb\",\"itemListElement\":[{\"@type\":\"ListItem\",\"position\":1,\"name\":\"Pravni savjetnici\",\"item\":\"https:\/\/www.jjlex.si\/hr\/pravni-savjetnici\/\"},{\"@type\":\"ListItem\",\"position\":2,\"name\":\"Andrej Debevec\"}]},{\"@type\":\"WebSite\",\"@id\":\"https:\/\/www.jjlex.si\/#website\",\"url\":\"https:\/\/www.jjlex.si\/\",\"name\":\"Odvetni\u0161ka pisarna Jane\u017ei\u010d &amp; Jarkovi\u010d\",\"description\":\"Just another WordPress site\",\"potentialAction\":[{\"@type\":\"SearchAction\",\"target\":{\"@type\":\"EntryPoint\",\"urlTemplate\":\"https:\/\/www.jjlex.si\/?s={search_term_string}\"},\"query-input\":{\"@type\":\"PropertyValueSpecification\",\"valueRequired\":true,\"valueName\":\"search_term_string\"}}],\"inLanguage\":\"hr\"}]}<\/script>\r\n<!-- \/ Yoast SEO plugin. -->","yoast_head_json":{"title":"Andrej Debevec - Odvetni\u0161ka pisarna Jane\u017ei\u010d &amp; Jarkovi\u010d","robots":{"index":"index","follow":"follow","max-snippet":"max-snippet:-1","max-image-preview":"max-image-preview:large","max-video-preview":"max-video-preview:-1"},"canonical":"https:\/\/www.jjlex.si\/hr\/pravni-savjetnici\/andrej-debevec\/","og_locale":"hr_HR","og_type":"article","og_title":"Andrej Debevec - Odvetni\u0161ka pisarna Jane\u017ei\u010d &amp; Jarkovi\u010d","og_url":"https:\/\/www.jjlex.si\/hr\/pravni-savjetnici\/andrej-debevec\/","og_site_name":"Odvetni\u0161ka pisarna Jane\u017ei\u010d &amp; Jarkovi\u010d","article_modified_time":"2018-08-08T09:31:42+00:00","twitter_card":"summary_large_image","twitter_misc":{"Procijenjeno vrijeme \u010ditanja":"1 minuta"},"schema":{"@context":"https:\/\/schema.org","@graph":[{"@type":"WebPage","@id":"https:\/\/www.jjlex.si\/hr\/pravni-savjetnici\/andrej-debevec\/","url":"https:\/\/www.jjlex.si\/hr\/pravni-savjetnici\/andrej-debevec\/","name":"Andrej Debevec - Odvetni\u0161ka pisarna Jane\u017ei\u010d &amp; Jarkovi\u010d","isPartOf":{"@id":"https:\/\/www.jjlex.si\/#website"},"datePublished":"2015-09-30T13:50:56+00:00","dateModified":"2018-08-08T09:31:42+00:00","breadcrumb":{"@id":"https:\/\/www.jjlex.si\/hr\/pravni-savjetnici\/andrej-debevec\/#breadcrumb"},"inLanguage":"hr","potentialAction":[{"@type":"ReadAction","target":["https:\/\/www.jjlex.si\/hr\/pravni-savjetnici\/andrej-debevec\/"]}]},{"@type":"BreadcrumbList","@id":"https:\/\/www.jjlex.si\/hr\/pravni-savjetnici\/andrej-debevec\/#breadcrumb","itemListElement":[{"@type":"ListItem","position":1,"name":"Pravni savjetnici","item":"https:\/\/www.jjlex.si\/hr\/pravni-savjetnici\/"},{"@type":"ListItem","position":2,"name":"Andrej Debevec"}]},{"@type":"WebSite","@id":"https:\/\/www.jjlex.si\/#website","url":"https:\/\/www.jjlex.si\/","name":"Odvetni\u0161ka pisarna Jane\u017ei\u010d &amp; Jarkovi\u010d","description":"Just another WordPress site","potentialAction":[{"@type":"SearchAction","target":{"@type":"EntryPoint","urlTemplate":"https:\/\/www.jjlex.si\/?s={search_term_string}"},"query-input":{"@type":"PropertyValueSpecification","valueRequired":true,"valueName":"search_term_string"}}],"inLanguage":"hr"}]}},"_links":{"self":[{"href":"https:\/\/www.jjlex.si\/hr\/wp-json\/wp\/v2\/pages\/575","targetHints":{"allow":["GET"]}}],"collection":[{"href":"https:\/\/www.jjlex.si\/hr\/wp-json\/wp\/v2\/pages"}],"about":[{"href":"https:\/\/www.jjlex.si\/hr\/wp-json\/wp\/v2\/types\/page"}],"author":[{"embeddable":true,"href":"https:\/\/www.jjlex.si\/hr\/wp-json\/wp\/v2\/users\/1"}],"replies":[{"embeddable":true,"href":"https:\/\/www.jjlex.si\/hr\/wp-json\/wp\/v2\/comments?post=575"}],"version-history":[{"count":3,"href":"https:\/\/www.jjlex.si\/hr\/wp-json\/wp\/v2\/pages\/575\/revisions"}],"predecessor-version":[{"id":749,"href":"https:\/\/www.jjlex.si\/hr\/wp-json\/wp\/v2\/pages\/575\/revisions\/749"}],"up":[{"embeddable":true,"href":"https:\/\/www.jjlex.si\/hr\/wp-json\/wp\/v2\/pages\/563"}],"wp:attachment":[{"href":"https:\/\/www.jjlex.si\/hr\/wp-json\/wp\/v2\/media?parent=575"}],"curies":[{"name":"wp","href":"https:\/\/api.w.org\/{rel}","templated":true}]}}