{"id":567,"date":"2015-09-30T13:46:20","date_gmt":"2015-09-30T13:46:20","guid":{"rendered":"https:\/\/www.jjlex.si\/?page_id=567&#038;lang=hr"},"modified":"2018-08-08T09:30:02","modified_gmt":"2018-08-08T09:30:02","slug":"andrej-jarkovic","status":"publish","type":"page","link":"https:\/\/www.jjlex.si\/hr\/pravni-savjetnici\/andrej-jarkovic\/","title":{"rendered":"Andrej Jarkovi\u010d"},"content":{"rendered":"<div class=\"row \"><div class=\"wpv-grid grid-1-2  wpv-first-level first unextended\" style=\"padding-top:0px;padding-bottom:0px\" id=\"wpv-column-bcaf873c6a89ccbefd4da6ea6311452c\" ><p><img loading=\"lazy\" decoding=\"async\" class=\"alignnone size-full wp-image-273\" src=\"\/wp-content\/uploads\/sites\/10\/2015\/08\/ajarkovic.jpg\" alt=\"ajarkovic\" width=\"500\" height=\"500\" srcset=\"https:\/\/www.jjlex.si\/wp-content\/uploads\/sites\/10\/2015\/08\/ajarkovic.jpg 500w, https:\/\/www.jjlex.si\/wp-content\/uploads\/sites\/10\/2015\/08\/ajarkovic-150x150.jpg 150w, https:\/\/www.jjlex.si\/wp-content\/uploads\/sites\/10\/2015\/08\/ajarkovic-300x300.jpg 300w, https:\/\/www.jjlex.si\/wp-content\/uploads\/sites\/10\/2015\/08\/ajarkovic-60x60.jpg 60w, https:\/\/www.jjlex.si\/wp-content\/uploads\/sites\/10\/2015\/08\/ajarkovic-360x360.jpg 360w, https:\/\/www.jjlex.si\/wp-content\/uploads\/sites\/10\/2015\/08\/ajarkovic-262x262.jpg 262w\" sizes=\"auto, (max-width: 500px) 100vw, 500px\" \/><\/div>\n<div class=\"wpv-grid grid-1-2  wpv-first-level unextended\" style=\"padding-top:0px;padding-bottom:0px\" id=\"wpv-column-5eeeda2eec4b82fab7eeac91d0c44822\" ><div class=\"team-member has-content\">\n\t\t<div class=\"team-member-info\">\n\t\t<h3>\n\t\t\t\t\t\t\t\t\t\t\t\t<\/h3>\n\t\t\t\t\t\t\t\t<div class=\"share-icons clearfix\">\n\t\t\t\t\t<\/div>\n\t<\/div>\n\t\t<div class=\"team-member-bio\">\n\t\t<strong>Podru\u010dja:<br \/>\n<\/strong>arbitra\u017eno pravo, gra\u0111ansko pravo, trgova\u010dko pravo, pravo intelektualnog vlasni\u0161tva, pravo konkurencije, pravo nekretnina, parni\u010dni i ovr\u0161ni postupak, tr\u017ei\u0161no pravo i ogla\u0161avanje<\/p>\n<p><strong>Obrazovanje:<\/strong><br \/>\nLjetni semestar iz ameri\u010dkog prava i pravnih institucija, Sveu\u010dili\u0161te u Madisonu, ZDA (2001.)<br \/>\nDipl. pravnik \u2013 Pravni fakultet Sveu\u010dili\u0161ta u Ljubljani (1992.)<\/p>\n<p><strong>Jezici:<\/strong><br \/>\nNjema\u010dki<br \/>\nEngleski<br \/>\nHrvatski<br \/>\nSrpski\t<\/div>\n\t<\/div>\n<\/div><\/div>\n<div class=\"row \"><div class=\"wpv-grid grid-1-1  wpv-first-level first unextended\" style=\"padding-top:0px;padding-bottom:0px\" id=\"wpv-column-b60b6d38f2ffbdad61fcbbc52f1e3c3c\" ><div class=\"push\" style='height:50px'><\/div><\/div><\/div>\n","protected":false},"excerpt":{"rendered":"","protected":false},"author":1,"featured_media":0,"parent":563,"menu_order":2,"comment_status":"closed","ping_status":"closed","template":"","meta":{"footnotes":""},"class_list":["post-567","page","type-page","status-publish","hentry"],"yoast_head":"<!-- This site is optimized with the Yoast SEO plugin v27.5 - https:\/\/yoast.com\/product\/yoast-seo-wordpress\/ -->\r\n<title>Andrej Jarkovi\u010d - Odvetni\u0161ka pisarna Jane\u017ei\u010d &amp; Jarkovi\u010d<\/title>\r\n<meta name=\"robots\" content=\"index, follow, max-snippet:-1, max-image-preview:large, max-video-preview:-1\" \/>\r\n<link rel=\"canonical\" href=\"https:\/\/www.jjlex.si\/hr\/pravni-savjetnici\/andrej-jarkovic\/\" \/>\r\n<meta property=\"og:locale\" content=\"hr_HR\" \/>\r\n<meta property=\"og:type\" content=\"article\" \/>\r\n<meta property=\"og:title\" content=\"Andrej Jarkovi\u010d - Odvetni\u0161ka pisarna Jane\u017ei\u010d &amp; Jarkovi\u010d\" \/>\r\n<meta property=\"og:url\" content=\"https:\/\/www.jjlex.si\/hr\/pravni-savjetnici\/andrej-jarkovic\/\" \/>\r\n<meta property=\"og:site_name\" content=\"Odvetni\u0161ka pisarna Jane\u017ei\u010d &amp; Jarkovi\u010d\" \/>\r\n<meta property=\"article:modified_time\" content=\"2018-08-08T09:30:02+00:00\" \/>\r\n<meta name=\"twitter:card\" content=\"summary_large_image\" \/>\r\n<meta name=\"twitter:label1\" content=\"Procijenjeno vrijeme \u010ditanja\" \/>\n\t<meta name=\"twitter:data1\" content=\"1 minuta\" \/>\r\n<script type=\"application\/ld+json\" class=\"yoast-schema-graph\">{\"@context\":\"https:\\\/\\\/schema.org\",\"@graph\":[{\"@type\":\"WebPage\",\"@id\":\"https:\\\/\\\/www.jjlex.si\\\/hr\\\/pravni-savjetnici\\\/andrej-jarkovic\\\/\",\"url\":\"https:\\\/\\\/www.jjlex.si\\\/hr\\\/pravni-savjetnici\\\/andrej-jarkovic\\\/\",\"name\":\"Andrej Jarkovi\u010d - Odvetni\u0161ka pisarna Jane\u017ei\u010d &amp; Jarkovi\u010d\",\"isPartOf\":{\"@id\":\"https:\\\/\\\/www.jjlex.si\\\/#website\"},\"datePublished\":\"2015-09-30T13:46:20+00:00\",\"dateModified\":\"2018-08-08T09:30:02+00:00\",\"breadcrumb\":{\"@id\":\"https:\\\/\\\/www.jjlex.si\\\/hr\\\/pravni-savjetnici\\\/andrej-jarkovic\\\/#breadcrumb\"},\"inLanguage\":\"hr\",\"potentialAction\":[{\"@type\":\"ReadAction\",\"target\":[\"https:\\\/\\\/www.jjlex.si\\\/hr\\\/pravni-savjetnici\\\/andrej-jarkovic\\\/\"]}]},{\"@type\":\"BreadcrumbList\",\"@id\":\"https:\\\/\\\/www.jjlex.si\\\/hr\\\/pravni-savjetnici\\\/andrej-jarkovic\\\/#breadcrumb\",\"itemListElement\":[{\"@type\":\"ListItem\",\"position\":1,\"name\":\"Pravni savjetnici\",\"item\":\"https:\\\/\\\/www.jjlex.si\\\/hr\\\/pravni-savjetnici\\\/\"},{\"@type\":\"ListItem\",\"position\":2,\"name\":\"Andrej Jarkovi\u010d\"}]},{\"@type\":\"WebSite\",\"@id\":\"https:\\\/\\\/www.jjlex.si\\\/#website\",\"url\":\"https:\\\/\\\/www.jjlex.si\\\/\",\"name\":\"Odvetni\u0161ka pisarna Jane\u017ei\u010d &amp; Jarkovi\u010d\",\"description\":\"Just another WordPress site\",\"potentialAction\":[{\"@type\":\"SearchAction\",\"target\":{\"@type\":\"EntryPoint\",\"urlTemplate\":\"https:\\\/\\\/www.jjlex.si\\\/?s={search_term_string}\"},\"query-input\":{\"@type\":\"PropertyValueSpecification\",\"valueRequired\":true,\"valueName\":\"search_term_string\"}}],\"inLanguage\":\"hr\"}]}<\/script>\r\n<!-- \/ Yoast SEO plugin. -->","yoast_head_json":{"title":"Andrej Jarkovi\u010d - Odvetni\u0161ka pisarna Jane\u017ei\u010d &amp; Jarkovi\u010d","robots":{"index":"index","follow":"follow","max-snippet":"max-snippet:-1","max-image-preview":"max-image-preview:large","max-video-preview":"max-video-preview:-1"},"canonical":"https:\/\/www.jjlex.si\/hr\/pravni-savjetnici\/andrej-jarkovic\/","og_locale":"hr_HR","og_type":"article","og_title":"Andrej Jarkovi\u010d - Odvetni\u0161ka pisarna Jane\u017ei\u010d &amp; Jarkovi\u010d","og_url":"https:\/\/www.jjlex.si\/hr\/pravni-savjetnici\/andrej-jarkovic\/","og_site_name":"Odvetni\u0161ka pisarna Jane\u017ei\u010d &amp; Jarkovi\u010d","article_modified_time":"2018-08-08T09:30:02+00:00","twitter_card":"summary_large_image","twitter_misc":{"Procijenjeno vrijeme \u010ditanja":"1 minuta"},"schema":{"@context":"https:\/\/schema.org","@graph":[{"@type":"WebPage","@id":"https:\/\/www.jjlex.si\/hr\/pravni-savjetnici\/andrej-jarkovic\/","url":"https:\/\/www.jjlex.si\/hr\/pravni-savjetnici\/andrej-jarkovic\/","name":"Andrej Jarkovi\u010d - Odvetni\u0161ka pisarna Jane\u017ei\u010d &amp; Jarkovi\u010d","isPartOf":{"@id":"https:\/\/www.jjlex.si\/#website"},"datePublished":"2015-09-30T13:46:20+00:00","dateModified":"2018-08-08T09:30:02+00:00","breadcrumb":{"@id":"https:\/\/www.jjlex.si\/hr\/pravni-savjetnici\/andrej-jarkovic\/#breadcrumb"},"inLanguage":"hr","potentialAction":[{"@type":"ReadAction","target":["https:\/\/www.jjlex.si\/hr\/pravni-savjetnici\/andrej-jarkovic\/"]}]},{"@type":"BreadcrumbList","@id":"https:\/\/www.jjlex.si\/hr\/pravni-savjetnici\/andrej-jarkovic\/#breadcrumb","itemListElement":[{"@type":"ListItem","position":1,"name":"Pravni savjetnici","item":"https:\/\/www.jjlex.si\/hr\/pravni-savjetnici\/"},{"@type":"ListItem","position":2,"name":"Andrej Jarkovi\u010d"}]},{"@type":"WebSite","@id":"https:\/\/www.jjlex.si\/#website","url":"https:\/\/www.jjlex.si\/","name":"Odvetni\u0161ka pisarna Jane\u017ei\u010d &amp; Jarkovi\u010d","description":"Just another WordPress site","potentialAction":[{"@type":"SearchAction","target":{"@type":"EntryPoint","urlTemplate":"https:\/\/www.jjlex.si\/?s={search_term_string}"},"query-input":{"@type":"PropertyValueSpecification","valueRequired":true,"valueName":"search_term_string"}}],"inLanguage":"hr"}]}},"_links":{"self":[{"href":"https:\/\/www.jjlex.si\/hr\/wp-json\/wp\/v2\/pages\/567","targetHints":{"allow":["GET"]}}],"collection":[{"href":"https:\/\/www.jjlex.si\/hr\/wp-json\/wp\/v2\/pages"}],"about":[{"href":"https:\/\/www.jjlex.si\/hr\/wp-json\/wp\/v2\/types\/page"}],"author":[{"embeddable":true,"href":"https:\/\/www.jjlex.si\/hr\/wp-json\/wp\/v2\/users\/1"}],"replies":[{"embeddable":true,"href":"https:\/\/www.jjlex.si\/hr\/wp-json\/wp\/v2\/comments?post=567"}],"version-history":[{"count":4,"href":"https:\/\/www.jjlex.si\/hr\/wp-json\/wp\/v2\/pages\/567\/revisions"}],"predecessor-version":[{"id":746,"href":"https:\/\/www.jjlex.si\/hr\/wp-json\/wp\/v2\/pages\/567\/revisions\/746"}],"up":[{"embeddable":true,"href":"https:\/\/www.jjlex.si\/hr\/wp-json\/wp\/v2\/pages\/563"}],"wp:attachment":[{"href":"https:\/\/www.jjlex.si\/hr\/wp-json\/wp\/v2\/media?parent=567"}],"curies":[{"name":"wp","href":"https:\/\/api.w.org\/{rel}","templated":true}]}}