{"id":563,"date":"2015-09-30T13:42:59","date_gmt":"2015-09-30T13:42:59","guid":{"rendered":"https:\/\/www.jjlex.si\/?page_id=563&#038;lang=hr"},"modified":"2024-02-06T08:28:26","modified_gmt":"2024-02-06T08:28:26","slug":"pravni-savjetnici","status":"publish","type":"page","link":"https:\/\/www.jjlex.si\/hr\/pravni-savjetnici\/","title":{"rendered":"Pravni savjetnici"},"content":{"rendered":"<div class=\"row \"><div class=\"wpv-grid grid-1-1  wpv-first-level first unextended\" style=\"padding-top:0px;padding-bottom:0px\" id=\"wpv-column-e9c5042cad13303bd2ee1cd7a45693f1\" ><div class=\"row \"><div class=\"wpv-grid grid-1-4  first unextended\" style=\"padding-top:0px;padding-bottom:0px\" id=\"wpv-column-7638de19f6ddf89bd7e94bf34dd2699c\" ><div class=\"row \"><div class=\"wpv-grid grid-1-1  first unextended\" style=\"padding-top:0px;padding-bottom:0px\" id=\"wpv-column-731a376876e1ccddf3f68c1680976d59\" ><div class=\"team-member has-content\">\n<div class=\"thumbnail\"><a href=\"\/pravni-savjetnici\/aleksandra-janezic\"><img loading=\"lazy\" decoding=\"async\" class=\"alignnone size-full wp-image-272\" src=\"\/wp-content\/uploads\/sites\/10\/2015\/08\/ajanezic.jpg\" alt=\"ajanezic\" width=\"500\" height=\"500\" srcset=\"https:\/\/www.jjlex.si\/wp-content\/uploads\/sites\/10\/2015\/08\/ajanezic.jpg 500w, https:\/\/www.jjlex.si\/wp-content\/uploads\/sites\/10\/2015\/08\/ajanezic-150x150.jpg 150w, https:\/\/www.jjlex.si\/wp-content\/uploads\/sites\/10\/2015\/08\/ajanezic-300x300.jpg 300w, https:\/\/www.jjlex.si\/wp-content\/uploads\/sites\/10\/2015\/08\/ajanezic-60x60.jpg 60w, https:\/\/www.jjlex.si\/wp-content\/uploads\/sites\/10\/2015\/08\/ajanezic-360x360.jpg 360w, https:\/\/www.jjlex.si\/wp-content\/uploads\/sites\/10\/2015\/08\/ajanezic-262x262.jpg 262w\" sizes=\"auto, (max-width: 500px) 100vw, 500px\" \/><\/a><\/div>\n<\/div><\/div><\/div><\/div>\n<div class=\"wpv-grid grid-1-4  unextended\" style=\"padding-top:0px;padding-bottom:0px\" id=\"wpv-column-070d1e657c7a084ce360acf821727617\" ><div class=\"row \"><div class=\"wpv-grid grid-1-1  first unextended\" style=\"padding-top:0px;padding-bottom:0px\" id=\"wpv-column-908482f34bd99fa6f02845e277b55498\" ><div class=\"team-member has-content\">\n\t\t<div class=\"team-member-info\">\n\t\t<h3>\n\t\t\t\t\t\t\t<a href=\"\/hr\/pravni-savjetnici\/aleksandra-janezic\" title=\"Aleksandra Jane\u017ei\u010d\">\n\t\t\t\t\t\t\tAleksandra Jane\u017ei\u010d\t\t\t\t\t\t\t<\/a>\n\t\t\t\t\t<\/h3>\n\t\t\t\t\t<h5 class=\"regular-title-wrapper team-member-position\"> ODVJETNICA I ZASTUPNICA ZA ZA\u0160TITNE ZNAKOVE; EUROPSKA ZASTUPNICA ZA ZA\u0160TITNE ZNAKOVE <\/h5>\n\t\t\t\t\t\t\t\t<div class=\"share-icons clearfix\">\n\t\t\t\t\t<\/div>\n\t<\/div>\n\t\t<div class=\"team-member-bio\">\n\t\t<strong>Podru\u010dja: <\/strong><br \/>\ntrgova\u010dko pravo, pravo intelektualnog vlasni\u0161tva, pravo konkurencije, tr\u017ei\u0161no pravo i pravo ogla\u0161avanja<\/p>\n<p><a href=\"\/hr\/pravni-savjetnici\/aleksandra-janezic\">Vi\u0161e \u2192<\/a>\t<\/div>\n\t<\/div>\n<\/div><\/div><\/div>\n<div class=\"wpv-grid grid-1-4  unextended\" style=\"padding-top:0px;padding-bottom:0px\" id=\"wpv-column-50b4ff328ac7e6d4922cb60ae8f1b2dc\" ><div class=\"row \"><div class=\"wpv-grid grid-1-1  first unextended\" style=\"padding-top:0px;padding-bottom:0px\" id=\"wpv-column-82da9d7f09ba524bf922bfbbbcb3b3bc\" ><div class=\"team-member has-content\">\n<div class=\"thumbnail\"><a href=\"\/pravni-savjetnici\/andrej-jarkovic\"><img loading=\"lazy\" decoding=\"async\" class=\"alignnone size-full wp-image-273\" src=\"\/wp-content\/uploads\/sites\/10\/2015\/08\/ajarkovic.jpg\" alt=\"ajarkovic\" width=\"500\" height=\"500\" srcset=\"https:\/\/www.jjlex.si\/wp-content\/uploads\/sites\/10\/2015\/08\/ajarkovic.jpg 500w, https:\/\/www.jjlex.si\/wp-content\/uploads\/sites\/10\/2015\/08\/ajarkovic-150x150.jpg 150w, https:\/\/www.jjlex.si\/wp-content\/uploads\/sites\/10\/2015\/08\/ajarkovic-300x300.jpg 300w, https:\/\/www.jjlex.si\/wp-content\/uploads\/sites\/10\/2015\/08\/ajarkovic-60x60.jpg 60w, https:\/\/www.jjlex.si\/wp-content\/uploads\/sites\/10\/2015\/08\/ajarkovic-360x360.jpg 360w, https:\/\/www.jjlex.si\/wp-content\/uploads\/sites\/10\/2015\/08\/ajarkovic-262x262.jpg 262w\" sizes=\"auto, (max-width: 500px) 100vw, 500px\" \/><\/a><\/div>\n<\/div><\/div><\/div><\/div>\n<div class=\"wpv-grid grid-1-4  unextended\" style=\"padding-top:0px;padding-bottom:0px\" id=\"wpv-column-84b71ee67738bc7a4a0dad78442abda2\" ><div class=\"row \"><div class=\"wpv-grid grid-1-1  first unextended\" style=\"padding-top:0px;padding-bottom:0px\" id=\"wpv-column-057404741e5dca6aefe1b3621b2539a2\" ><div class=\"team-member has-content\">\n\t\t<div class=\"team-member-info\">\n\t\t<h3>\n\t\t\t\t\t\t\t<a href=\"\/hr\/pravni-savjetnici\/andrej-jarkovic\" title=\"Andrej Jarkovi\u010d\">\n\t\t\t\t\t\t\tAndrej Jarkovi\u010d\t\t\t\t\t\t\t<\/a>\n\t\t\t\t\t<\/h3>\n\t\t\t\t\t<h5 class=\"regular-title-wrapper team-member-position\"> ODJVETNIK; MEDIJATOR <\/h5>\n\t\t\t\t\t\t\t\t<div class=\"share-icons clearfix\">\n\t\t\t\t\t<\/div>\n\t<\/div>\n\t\t<div class=\"team-member-bio\">\n\t\t<strong>Podru\u010dja:<br \/>\n<\/strong>arbitra\u017eno pravo, gra\u0111ansko pravo, trgova\u010dko pravo, pravo intelektualnog vlasni\u0161tva, pravo konkurencije, pravo nekretnina, parni\u010dni i ovr\u0161ni postupak, tr\u017ei\u0161no pravo i ogla\u0161avanje<\/p>\n<p><a href=\"\/hr\/pravni-savjetnici\/andrej-jarkovic\">Vi\u0161e \u2192<\/a>\t<\/div>\n\t<\/div>\n<\/div><\/div><\/div><\/div><\/div><\/div>\n<div class=\"row \"><div class=\"wpv-grid grid-1-1  wpv-first-level first unextended\" style=\"padding-top:0px;padding-bottom:0px\" id=\"wpv-column-a9e120b7fc4d01f08e1679f2a594d65f\" ><div class=\"sep\"><\/div><\/div><\/div>\n<div class=\"row \"><div class=\"wpv-grid grid-1-1  wpv-first-level first unextended\" style=\"padding-top:0px;padding-bottom:0px\" id=\"wpv-column-73c361ff4c4894226d20806497e2e441\" ><div class=\"row \"><div class=\"wpv-grid grid-1-3  first unextended\" style=\"padding-top:0px;padding-bottom:0px\" id=\"wpv-column-4bf8d84b3c6fc8f7afd7269701022e84\" ><div class=\"row \"><div class=\"wpv-grid grid-1-1  first unextended\" style=\"padding-top:0px;padding-bottom:0px\" id=\"wpv-column-c5b2c4f4a21f694b5c4249fb3d0a2122\" ><div class=\"team-member has-content\">\n\t\t<div class=\"thumbnail\">\n\t\t\t\t\t<a href=\"\/hr\/pravni-savjetnici\/andrej-debevec\" title=\"Andrej Debevec\">\n\t\t\t\t\t<img loading=\"lazy\" decoding=\"async\" width=\"500\" height=\"500\" src=\"https:\/\/www.jjlex.si\/wp-content\/uploads\/sites\/10\/2015\/08\/adebevec.jpg\" class=\"attachment-full size-full\" alt=\"\" srcset=\"https:\/\/www.jjlex.si\/wp-content\/uploads\/sites\/10\/2015\/08\/adebevec.jpg 500w, https:\/\/www.jjlex.si\/wp-content\/uploads\/sites\/10\/2015\/08\/adebevec-150x150.jpg 150w, https:\/\/www.jjlex.si\/wp-content\/uploads\/sites\/10\/2015\/08\/adebevec-300x300.jpg 300w, https:\/\/www.jjlex.si\/wp-content\/uploads\/sites\/10\/2015\/08\/adebevec-60x60.jpg 60w, https:\/\/www.jjlex.si\/wp-content\/uploads\/sites\/10\/2015\/08\/adebevec-360x360.jpg 360w, https:\/\/www.jjlex.si\/wp-content\/uploads\/sites\/10\/2015\/08\/adebevec-262x262.jpg 262w\" sizes=\"auto, (max-width: 500px) 100vw, 500px\" \/>\t\t\t\t\t<\/a>\n\t\t\t<\/div>\n\t\t<div class=\"team-member-info\">\n\t\t<h3>\n\t\t\t\t\t\t\t<a href=\"\/hr\/pravni-savjetnici\/andrej-debevec\" title=\"Andrej Debevec\">\n\t\t\t\t\t\t\tAndrej Debevec\t\t\t\t\t\t\t<\/a>\n\t\t\t\t\t<\/h3>\n\t\t\t\t\t<h5 class=\"regular-title-wrapper team-member-position\"> ODJVETNIK <\/h5>\n\t\t\t\t\t\t\t\t<div class=\"share-icons clearfix\">\n\t\t\t\t\t<\/div>\n\t<\/div>\n\t\t<div class=\"team-member-bio\">\n\t\t<strong>Podru\u010dja:<br \/>\n<\/strong>gra\u0111ansko pravo, trgova\u010dko pravo, pravo nekretnina, parni\u010dni i ovr\u0161ni postupak<\/p>\n<p><a href=\"\/hr\/pravni-savjetnici\/andrej-debevec\">Vi\u0161e \u2192<\/a>\t<\/div>\n\t<\/div>\n<\/div><\/div><\/div>\n<div class=\"wpv-grid grid-1-3  unextended\" style=\"padding-top:0px;padding-bottom:0px\" id=\"wpv-column-520f8c236fa5145c458b452f658e830d\" ><div class=\"row \"><div class=\"wpv-grid grid-1-1  first unextended\" style=\"padding-top:0px;padding-bottom:0px\" id=\"wpv-column-1694a6f85f796ddc545f3db2056f0402\" ><div class=\"team-member has-content\">\n\t\t<div class=\"thumbnail\">\n\t\t\t\t\t<a href=\"\/hr\/pravni-savjetnici\/ursa-demsar\" title=\"Ur\u0161a Dem\u0161ar\">\n\t\t\t\t\t<img decoding=\"async\" src=\"\/wp-content\/uploads\/sites\/10\/2023\/02\/ursa-demsar.jpg\" alt=\"\" \/>\t\t\t\t\t<\/a>\n\t\t\t<\/div>\n\t\t<div class=\"team-member-info\">\n\t\t<h3>\n\t\t\t\t\t\t\t<a href=\"\/hr\/pravni-savjetnici\/ursa-demsar\" title=\"Ur\u0161a Dem\u0161ar\">\n\t\t\t\t\t\t\tUr\u0161a Dem\u0161ar\t\t\t\t\t\t\t<\/a>\n\t\t\t\t\t<\/h3>\n\t\t\t\t\t<h5 class=\"regular-title-wrapper team-member-position\"> ODVJETNI\u010cKA VJE\u017dBENICA <\/h5>\n\t\t\t\t\t\t\t\t<div class=\"share-icons clearfix\">\n\t\t\t\t\t<\/div>\n\t<\/div>\n\t\t<div class=\"team-member-bio\">\n\t\t<strong>Podru\u010dja:<br \/>\n<\/strong>gra\u0111ansko pravo, pravo tr\u017ei\u0161nog natjecanja, radno pravo, parni\u010dni postupak, upravni postupak<\/p>\n<p><a href=\"\/hr\/pravni-savjetnici\/ursa-demsar\">Vi\u0161e \u2192<\/a>\t<\/div>\n\t<\/div>\n<\/div><\/div><\/div>\n<div class=\"wpv-grid grid-1-3  unextended\" style=\"padding-top:0px;padding-bottom:0px\" id=\"wpv-column-0d03a736b60a363d4a78ee6638baa19b\" ><\/div><\/div><\/div><\/div>\n","protected":false},"excerpt":{"rendered":"","protected":false},"author":1,"featured_media":0,"parent":0,"menu_order":2,"comment_status":"closed","ping_status":"closed","template":"","meta":{"footnotes":""},"class_list":["post-563","page","type-page","status-publish","hentry"],"yoast_head":"<!-- This site is optimized with the Yoast SEO plugin v25.1 - https:\/\/yoast.com\/wordpress\/plugins\/seo\/ -->\r\n<title>Pravni savjetnici - Odvetni\u0161ka pisarna Jane\u017ei\u010d &amp; Jarkovi\u010d<\/title>\r\n<meta name=\"robots\" content=\"index, follow, max-snippet:-1, max-image-preview:large, max-video-preview:-1\" \/>\r\n<link rel=\"canonical\" href=\"https:\/\/www.jjlex.si\/hr\/pravni-savjetnici\/\" \/>\r\n<meta property=\"og:locale\" content=\"hr_HR\" \/>\r\n<meta property=\"og:type\" content=\"article\" \/>\r\n<meta property=\"og:title\" content=\"Pravni savjetnici - Odvetni\u0161ka pisarna Jane\u017ei\u010d &amp; Jarkovi\u010d\" \/>\r\n<meta property=\"og:url\" content=\"https:\/\/www.jjlex.si\/hr\/pravni-savjetnici\/\" \/>\r\n<meta property=\"og:site_name\" content=\"Odvetni\u0161ka pisarna Jane\u017ei\u010d &amp; Jarkovi\u010d\" \/>\r\n<meta property=\"article:modified_time\" content=\"2024-02-06T08:28:26+00:00\" \/>\r\n<meta name=\"twitter:card\" content=\"summary_large_image\" \/>\r\n<meta name=\"twitter:label1\" content=\"Procijenjeno vrijeme \u010ditanja\" \/>\n\t<meta name=\"twitter:data1\" content=\"3 minute\" \/>\r\n<script type=\"application\/ld+json\" class=\"yoast-schema-graph\">{\"@context\":\"https:\/\/schema.org\",\"@graph\":[{\"@type\":\"WebPage\",\"@id\":\"https:\/\/www.jjlex.si\/hr\/pravni-savjetnici\/\",\"url\":\"https:\/\/www.jjlex.si\/hr\/pravni-savjetnici\/\",\"name\":\"Pravni savjetnici - Odvetni\u0161ka pisarna Jane\u017ei\u010d &amp; Jarkovi\u010d\",\"isPartOf\":{\"@id\":\"https:\/\/www.jjlex.si\/#website\"},\"datePublished\":\"2015-09-30T13:42:59+00:00\",\"dateModified\":\"2024-02-06T08:28:26+00:00\",\"inLanguage\":\"hr\",\"potentialAction\":[{\"@type\":\"ReadAction\",\"target\":[\"https:\/\/www.jjlex.si\/hr\/pravni-savjetnici\/\"]}]},{\"@type\":\"WebSite\",\"@id\":\"https:\/\/www.jjlex.si\/#website\",\"url\":\"https:\/\/www.jjlex.si\/\",\"name\":\"Odvetni\u0161ka pisarna Jane\u017ei\u010d &amp; Jarkovi\u010d\",\"description\":\"Just another WordPress site\",\"potentialAction\":[{\"@type\":\"SearchAction\",\"target\":{\"@type\":\"EntryPoint\",\"urlTemplate\":\"https:\/\/www.jjlex.si\/?s={search_term_string}\"},\"query-input\":{\"@type\":\"PropertyValueSpecification\",\"valueRequired\":true,\"valueName\":\"search_term_string\"}}],\"inLanguage\":\"hr\"}]}<\/script>\r\n<!-- \/ Yoast SEO plugin. -->","yoast_head_json":{"title":"Pravni savjetnici - Odvetni\u0161ka pisarna Jane\u017ei\u010d &amp; Jarkovi\u010d","robots":{"index":"index","follow":"follow","max-snippet":"max-snippet:-1","max-image-preview":"max-image-preview:large","max-video-preview":"max-video-preview:-1"},"canonical":"https:\/\/www.jjlex.si\/hr\/pravni-savjetnici\/","og_locale":"hr_HR","og_type":"article","og_title":"Pravni savjetnici - Odvetni\u0161ka pisarna Jane\u017ei\u010d &amp; Jarkovi\u010d","og_url":"https:\/\/www.jjlex.si\/hr\/pravni-savjetnici\/","og_site_name":"Odvetni\u0161ka pisarna Jane\u017ei\u010d &amp; Jarkovi\u010d","article_modified_time":"2024-02-06T08:28:26+00:00","twitter_card":"summary_large_image","twitter_misc":{"Procijenjeno vrijeme \u010ditanja":"3 minute"},"schema":{"@context":"https:\/\/schema.org","@graph":[{"@type":"WebPage","@id":"https:\/\/www.jjlex.si\/hr\/pravni-savjetnici\/","url":"https:\/\/www.jjlex.si\/hr\/pravni-savjetnici\/","name":"Pravni savjetnici - Odvetni\u0161ka pisarna Jane\u017ei\u010d &amp; Jarkovi\u010d","isPartOf":{"@id":"https:\/\/www.jjlex.si\/#website"},"datePublished":"2015-09-30T13:42:59+00:00","dateModified":"2024-02-06T08:28:26+00:00","inLanguage":"hr","potentialAction":[{"@type":"ReadAction","target":["https:\/\/www.jjlex.si\/hr\/pravni-savjetnici\/"]}]},{"@type":"WebSite","@id":"https:\/\/www.jjlex.si\/#website","url":"https:\/\/www.jjlex.si\/","name":"Odvetni\u0161ka pisarna Jane\u017ei\u010d &amp; Jarkovi\u010d","description":"Just another WordPress site","potentialAction":[{"@type":"SearchAction","target":{"@type":"EntryPoint","urlTemplate":"https:\/\/www.jjlex.si\/?s={search_term_string}"},"query-input":{"@type":"PropertyValueSpecification","valueRequired":true,"valueName":"search_term_string"}}],"inLanguage":"hr"}]}},"_links":{"self":[{"href":"https:\/\/www.jjlex.si\/hr\/wp-json\/wp\/v2\/pages\/563","targetHints":{"allow":["GET"]}}],"collection":[{"href":"https:\/\/www.jjlex.si\/hr\/wp-json\/wp\/v2\/pages"}],"about":[{"href":"https:\/\/www.jjlex.si\/hr\/wp-json\/wp\/v2\/types\/page"}],"author":[{"embeddable":true,"href":"https:\/\/www.jjlex.si\/hr\/wp-json\/wp\/v2\/users\/1"}],"replies":[{"embeddable":true,"href":"https:\/\/www.jjlex.si\/hr\/wp-json\/wp\/v2\/comments?post=563"}],"version-history":[{"count":12,"href":"https:\/\/www.jjlex.si\/hr\/wp-json\/wp\/v2\/pages\/563\/revisions"}],"predecessor-version":[{"id":902,"href":"https:\/\/www.jjlex.si\/hr\/wp-json\/wp\/v2\/pages\/563\/revisions\/902"}],"wp:attachment":[{"href":"https:\/\/www.jjlex.si\/hr\/wp-json\/wp\/v2\/media?parent=563"}],"curies":[{"name":"wp","href":"https:\/\/api.w.org\/{rel}","templated":true}]}}