{"id":557,"date":"2015-09-30T13:29:12","date_gmt":"2015-09-30T13:29:12","guid":{"rendered":"https:\/\/www.jjlex.si\/?page_id=557&#038;lang=hr"},"modified":"2018-08-08T09:21:42","modified_gmt":"2018-08-08T09:21:42","slug":"pravo-intelektualnog-vlasnistva","status":"publish","type":"page","link":"https:\/\/www.jjlex.si\/hr\/pravna-podrucja\/pravo-intelektualnog-vlasnistva\/","title":{"rendered":"PRAVO INTELEKTUALNOG VLASNI\u0160TVA"},"content":{"rendered":"<div class=\"row \"><div class=\"wpv-grid grid-1-1  wpv-first-level first unextended\" style=\"padding-top:0px;padding-bottom:0px\" id=\"wpv-column-7d93514cff847094bfa4c300834faa00\" ><p>Nudimo savjetovanje na podru\u010dju prava intelektualnog vlasni\u0161tva. Sastavljamo ugovore u svezi s pravom industrijskog vlasni\u0161tva te autorskim pravom, provodimo due diligence na podru\u010dju prava intelektualnog vlasni\u0161tva te izra\u0111ujemo pravna mi\u0161ljenja. Stranke zastupamo u sudskim i upravnim postupcima u svezi s kr\u0161enjem prava kao i u postupcima u svezi s registracijom i odr\u017eavanjem prava pred Uredom Republike Slovenije za intelektualno vlasni\u0161tvo, Uredom za uskla\u0111ivanje na unutarnjem tr\u017ei\u0161tu, nadle\u017enim za intelektualno vlasni\u0161tvo u Europskoj uniji, kao i kod Svjetske organizacije za intelektualno vlasni\u0161tvo WIPO.<\/p>\n<div class=\"push\" style='margin-bottom:-20px'><\/div>\n<div class=\"sep-2\"><\/div>\n<div class=\"push\" style='height:5px'><\/div><\/div><\/div>\n","protected":false},"excerpt":{"rendered":"<p>Nudimo savjetovanje na podru\u010dju prava intelektualnog vlasni\u0161tva. Sastavljamo ugovore u svezi s pravom industrijskog vlasni\u0161tva te autorskim pravom, provodimo due diligence na podru\u010dju prava intelektualnog vlasni\u0161tva te izra\u0111ujemo pravna mi\u0161ljenja. Stranke zastupamo u sudskim i upravnim postupcima u svezi s kr\u0161enjem prava kao i u postupcima u svezi s registracijom i odr\u017eavanjem prava pred Uredom&#8230;<\/p>\n","protected":false},"author":1,"featured_media":0,"parent":541,"menu_order":8,"comment_status":"closed","ping_status":"closed","template":"","meta":{"footnotes":""},"class_list":["post-557","page","type-page","status-publish","hentry"],"yoast_head":"<!-- This site is optimized with the Yoast SEO plugin v25.1 - https:\/\/yoast.com\/wordpress\/plugins\/seo\/ -->\r\n<title>PRAVO INTELEKTUALNOG VLASNI\u0160TVA - Odvetni\u0161ka pisarna Jane\u017ei\u010d &amp; Jarkovi\u010d<\/title>\r\n<meta name=\"robots\" content=\"index, follow, max-snippet:-1, max-image-preview:large, max-video-preview:-1\" \/>\r\n<link rel=\"canonical\" href=\"https:\/\/www.jjlex.si\/pravna-podrocja\/pravo-intelektualne-lastnine\/\" \/>\r\n<meta property=\"og:locale\" content=\"hr_HR\" \/>\r\n<meta property=\"og:type\" content=\"article\" \/>\r\n<meta property=\"og:title\" content=\"PRAVO INTELEKTUALNOG VLASNI\u0160TVA - Odvetni\u0161ka pisarna Jane\u017ei\u010d &amp; Jarkovi\u010d\" \/>\r\n<meta property=\"og:description\" content=\"Nudimo savjetovanje na podru\u010dju prava intelektualnog vlasni\u0161tva. Sastavljamo ugovore u svezi s pravom industrijskog vlasni\u0161tva te autorskim pravom, provodimo due diligence na podru\u010dju prava intelektualnog vlasni\u0161tva te izra\u0111ujemo pravna mi\u0161ljenja. Stranke zastupamo u sudskim i upravnim postupcima u svezi s kr\u0161enjem prava kao i u postupcima u svezi s registracijom i odr\u017eavanjem prava pred Uredom...\" \/>\r\n<meta property=\"og:url\" content=\"https:\/\/www.jjlex.si\/pravna-podrocja\/pravo-intelektualne-lastnine\/\" \/>\r\n<meta property=\"og:site_name\" content=\"Odvetni\u0161ka pisarna Jane\u017ei\u010d &amp; Jarkovi\u010d\" \/>\r\n<meta property=\"article:modified_time\" content=\"2018-08-08T09:21:42+00:00\" \/>\r\n<meta name=\"twitter:card\" content=\"summary_large_image\" \/>\r\n<meta name=\"twitter:label1\" content=\"Procijenjeno vrijeme \u010ditanja\" \/>\n\t<meta name=\"twitter:data1\" content=\"1 minuta\" \/>\r\n<script type=\"application\/ld+json\" class=\"yoast-schema-graph\">{\"@context\":\"https:\/\/schema.org\",\"@graph\":[{\"@type\":\"WebPage\",\"@id\":\"https:\/\/www.jjlex.si\/pravna-podrocja\/pravo-intelektualne-lastnine\/\",\"url\":\"https:\/\/www.jjlex.si\/pravna-podrocja\/pravo-intelektualne-lastnine\/\",\"name\":\"PRAVO INTELEKTUALNOG VLASNI\u0160TVA - Odvetni\u0161ka pisarna Jane\u017ei\u010d &amp; Jarkovi\u010d\",\"isPartOf\":{\"@id\":\"https:\/\/www.jjlex.si\/#website\"},\"datePublished\":\"2015-09-30T13:29:12+00:00\",\"dateModified\":\"2018-08-08T09:21:42+00:00\",\"breadcrumb\":{\"@id\":\"https:\/\/www.jjlex.si\/pravna-podrocja\/pravo-intelektualne-lastnine\/#breadcrumb\"},\"inLanguage\":\"hr\",\"potentialAction\":[{\"@type\":\"ReadAction\",\"target\":[\"https:\/\/www.jjlex.si\/pravna-podrocja\/pravo-intelektualne-lastnine\/\"]}]},{\"@type\":\"BreadcrumbList\",\"@id\":\"https:\/\/www.jjlex.si\/pravna-podrocja\/pravo-intelektualne-lastnine\/#breadcrumb\",\"itemListElement\":[{\"@type\":\"ListItem\",\"position\":1,\"name\":\"Pravna podru\u010dja\",\"item\":\"https:\/\/www.jjlex.si\/pravna-podrocja\/\"},{\"@type\":\"ListItem\",\"position\":2,\"name\":\"PRAVO INTELEKTUALNOG VLASNI\u0160TVA\"}]},{\"@type\":\"WebSite\",\"@id\":\"https:\/\/www.jjlex.si\/#website\",\"url\":\"https:\/\/www.jjlex.si\/\",\"name\":\"Odvetni\u0161ka pisarna Jane\u017ei\u010d &amp; Jarkovi\u010d\",\"description\":\"Just another WordPress site\",\"potentialAction\":[{\"@type\":\"SearchAction\",\"target\":{\"@type\":\"EntryPoint\",\"urlTemplate\":\"https:\/\/www.jjlex.si\/?s={search_term_string}\"},\"query-input\":{\"@type\":\"PropertyValueSpecification\",\"valueRequired\":true,\"valueName\":\"search_term_string\"}}],\"inLanguage\":\"hr\"}]}<\/script>\r\n<!-- \/ Yoast SEO plugin. -->","yoast_head_json":{"title":"PRAVO INTELEKTUALNOG VLASNI\u0160TVA - Odvetni\u0161ka pisarna Jane\u017ei\u010d &amp; Jarkovi\u010d","robots":{"index":"index","follow":"follow","max-snippet":"max-snippet:-1","max-image-preview":"max-image-preview:large","max-video-preview":"max-video-preview:-1"},"canonical":"https:\/\/www.jjlex.si\/pravna-podrocja\/pravo-intelektualne-lastnine\/","og_locale":"hr_HR","og_type":"article","og_title":"PRAVO INTELEKTUALNOG VLASNI\u0160TVA - Odvetni\u0161ka pisarna Jane\u017ei\u010d &amp; Jarkovi\u010d","og_description":"Nudimo savjetovanje na podru\u010dju prava intelektualnog vlasni\u0161tva. Sastavljamo ugovore u svezi s pravom industrijskog vlasni\u0161tva te autorskim pravom, provodimo due diligence na podru\u010dju prava intelektualnog vlasni\u0161tva te izra\u0111ujemo pravna mi\u0161ljenja. Stranke zastupamo u sudskim i upravnim postupcima u svezi s kr\u0161enjem prava kao i u postupcima u svezi s registracijom i odr\u017eavanjem prava pred Uredom...","og_url":"https:\/\/www.jjlex.si\/pravna-podrocja\/pravo-intelektualne-lastnine\/","og_site_name":"Odvetni\u0161ka pisarna Jane\u017ei\u010d &amp; Jarkovi\u010d","article_modified_time":"2018-08-08T09:21:42+00:00","twitter_card":"summary_large_image","twitter_misc":{"Procijenjeno vrijeme \u010ditanja":"1 minuta"},"schema":{"@context":"https:\/\/schema.org","@graph":[{"@type":"WebPage","@id":"https:\/\/www.jjlex.si\/pravna-podrocja\/pravo-intelektualne-lastnine\/","url":"https:\/\/www.jjlex.si\/pravna-podrocja\/pravo-intelektualne-lastnine\/","name":"PRAVO INTELEKTUALNOG VLASNI\u0160TVA - Odvetni\u0161ka pisarna Jane\u017ei\u010d &amp; Jarkovi\u010d","isPartOf":{"@id":"https:\/\/www.jjlex.si\/#website"},"datePublished":"2015-09-30T13:29:12+00:00","dateModified":"2018-08-08T09:21:42+00:00","breadcrumb":{"@id":"https:\/\/www.jjlex.si\/pravna-podrocja\/pravo-intelektualne-lastnine\/#breadcrumb"},"inLanguage":"hr","potentialAction":[{"@type":"ReadAction","target":["https:\/\/www.jjlex.si\/pravna-podrocja\/pravo-intelektualne-lastnine\/"]}]},{"@type":"BreadcrumbList","@id":"https:\/\/www.jjlex.si\/pravna-podrocja\/pravo-intelektualne-lastnine\/#breadcrumb","itemListElement":[{"@type":"ListItem","position":1,"name":"Pravna podru\u010dja","item":"https:\/\/www.jjlex.si\/pravna-podrocja\/"},{"@type":"ListItem","position":2,"name":"PRAVO INTELEKTUALNOG VLASNI\u0160TVA"}]},{"@type":"WebSite","@id":"https:\/\/www.jjlex.si\/#website","url":"https:\/\/www.jjlex.si\/","name":"Odvetni\u0161ka pisarna Jane\u017ei\u010d &amp; Jarkovi\u010d","description":"Just another WordPress site","potentialAction":[{"@type":"SearchAction","target":{"@type":"EntryPoint","urlTemplate":"https:\/\/www.jjlex.si\/?s={search_term_string}"},"query-input":{"@type":"PropertyValueSpecification","valueRequired":true,"valueName":"search_term_string"}}],"inLanguage":"hr"}]}},"_links":{"self":[{"href":"https:\/\/www.jjlex.si\/hr\/wp-json\/wp\/v2\/pages\/557","targetHints":{"allow":["GET"]}}],"collection":[{"href":"https:\/\/www.jjlex.si\/hr\/wp-json\/wp\/v2\/pages"}],"about":[{"href":"https:\/\/www.jjlex.si\/hr\/wp-json\/wp\/v2\/types\/page"}],"author":[{"embeddable":true,"href":"https:\/\/www.jjlex.si\/hr\/wp-json\/wp\/v2\/users\/1"}],"replies":[{"embeddable":true,"href":"https:\/\/www.jjlex.si\/hr\/wp-json\/wp\/v2\/comments?post=557"}],"version-history":[{"count":1,"href":"https:\/\/www.jjlex.si\/hr\/wp-json\/wp\/v2\/pages\/557\/revisions"}],"predecessor-version":[{"id":558,"href":"https:\/\/www.jjlex.si\/hr\/wp-json\/wp\/v2\/pages\/557\/revisions\/558"}],"up":[{"embeddable":true,"href":"https:\/\/www.jjlex.si\/hr\/wp-json\/wp\/v2\/pages\/541"}],"wp:attachment":[{"href":"https:\/\/www.jjlex.si\/hr\/wp-json\/wp\/v2\/media?parent=557"}],"curies":[{"name":"wp","href":"https:\/\/api.w.org\/{rel}","templated":true}]}}