{"id":555,"date":"2015-09-30T13:28:13","date_gmt":"2015-09-30T13:28:13","guid":{"rendered":"https:\/\/www.jjlex.si\/?page_id=555&#038;lang=hr"},"modified":"2018-08-08T09:20:40","modified_gmt":"2018-08-08T09:20:40","slug":"parnicni-i-ovrsni-postupak","status":"publish","type":"page","link":"https:\/\/www.jjlex.si\/hr\/pravna-podrucja\/parnicni-i-ovrsni-postupak\/","title":{"rendered":"PARNI\u010cNI I OVR\u0160NI POSTUPAK"},"content":{"rendered":"<div class=\"row \"><div class=\"wpv-grid grid-1-1  wpv-first-level first unextended\" style=\"padding-top:0px;padding-bottom:0px\" id=\"wpv-column-5a3b278f955d440828f7b354abe8aa07\" ><p>Stranke zastupamo te ih pravno savjetujemo u prethodnim postupcima mirnog rje\u0161avanja sporova (medijacijama), u parni\u010dnim te ovr\u0161nim postupcima.<\/p>\n<div class=\"push\" style='margin-bottom:-20px'><\/div>\n<div class=\"sep-2\"><\/div>\n<div class=\"push\" style='height:5px'><\/div><\/div><\/div>\n","protected":false},"excerpt":{"rendered":"<p>Stranke zastupamo te ih pravno savjetujemo u prethodnim postupcima mirnog rje\u0161avanja sporova (medijacijama), u parni\u010dnim te ovr\u0161nim postupcima.<\/p>\n","protected":false},"author":1,"featured_media":0,"parent":541,"menu_order":7,"comment_status":"closed","ping_status":"closed","template":"","meta":{"footnotes":""},"class_list":["post-555","page","type-page","status-publish","hentry"],"yoast_head":"<!-- This site is optimized with the Yoast SEO plugin v27.5 - https:\/\/yoast.com\/product\/yoast-seo-wordpress\/ -->\r\n<title>PARNI\u010cNI I OVR\u0160NI POSTUPAK - Odvetni\u0161ka pisarna Jane\u017ei\u010d &amp; Jarkovi\u010d<\/title>\r\n<meta name=\"robots\" content=\"index, follow, max-snippet:-1, max-image-preview:large, max-video-preview:-1\" \/>\r\n<link rel=\"canonical\" href=\"https:\/\/www.jjlex.si\/pravna-podrocja\/pravdni-in-izvrsilni-postopek\/\" \/>\r\n<meta property=\"og:locale\" content=\"hr_HR\" \/>\r\n<meta property=\"og:type\" content=\"article\" \/>\r\n<meta property=\"og:title\" content=\"PARNI\u010cNI I OVR\u0160NI POSTUPAK - Odvetni\u0161ka pisarna Jane\u017ei\u010d &amp; Jarkovi\u010d\" \/>\r\n<meta property=\"og:description\" content=\"Stranke zastupamo te ih pravno savjetujemo u prethodnim postupcima mirnog rje\u0161avanja sporova (medijacijama), u parni\u010dnim te ovr\u0161nim postupcima.\" \/>\r\n<meta property=\"og:url\" content=\"https:\/\/www.jjlex.si\/pravna-podrocja\/pravdni-in-izvrsilni-postopek\/\" \/>\r\n<meta property=\"og:site_name\" content=\"Odvetni\u0161ka pisarna Jane\u017ei\u010d &amp; Jarkovi\u010d\" \/>\r\n<meta property=\"article:modified_time\" content=\"2018-08-08T09:20:40+00:00\" \/>\r\n<meta name=\"twitter:card\" content=\"summary_large_image\" \/>\r\n<script type=\"application\/ld+json\" class=\"yoast-schema-graph\">{\"@context\":\"https:\\\/\\\/schema.org\",\"@graph\":[{\"@type\":\"WebPage\",\"@id\":\"https:\\\/\\\/www.jjlex.si\\\/pravna-podrocja\\\/pravdni-in-izvrsilni-postopek\\\/\",\"url\":\"https:\\\/\\\/www.jjlex.si\\\/pravna-podrocja\\\/pravdni-in-izvrsilni-postopek\\\/\",\"name\":\"PARNI\u010cNI I OVR\u0160NI POSTUPAK - Odvetni\u0161ka pisarna Jane\u017ei\u010d &amp; Jarkovi\u010d\",\"isPartOf\":{\"@id\":\"https:\\\/\\\/www.jjlex.si\\\/#website\"},\"datePublished\":\"2015-09-30T13:28:13+00:00\",\"dateModified\":\"2018-08-08T09:20:40+00:00\",\"breadcrumb\":{\"@id\":\"https:\\\/\\\/www.jjlex.si\\\/pravna-podrocja\\\/pravdni-in-izvrsilni-postopek\\\/#breadcrumb\"},\"inLanguage\":\"hr\",\"potentialAction\":[{\"@type\":\"ReadAction\",\"target\":[\"https:\\\/\\\/www.jjlex.si\\\/pravna-podrocja\\\/pravdni-in-izvrsilni-postopek\\\/\"]}]},{\"@type\":\"BreadcrumbList\",\"@id\":\"https:\\\/\\\/www.jjlex.si\\\/pravna-podrocja\\\/pravdni-in-izvrsilni-postopek\\\/#breadcrumb\",\"itemListElement\":[{\"@type\":\"ListItem\",\"position\":1,\"name\":\"Pravna podru\u010dja\",\"item\":\"https:\\\/\\\/www.jjlex.si\\\/pravna-podrocja\\\/\"},{\"@type\":\"ListItem\",\"position\":2,\"name\":\"PARNI\u010cNI I OVR\u0160NI POSTUPAK\"}]},{\"@type\":\"WebSite\",\"@id\":\"https:\\\/\\\/www.jjlex.si\\\/#website\",\"url\":\"https:\\\/\\\/www.jjlex.si\\\/\",\"name\":\"Odvetni\u0161ka pisarna Jane\u017ei\u010d &amp; Jarkovi\u010d\",\"description\":\"Just another WordPress site\",\"potentialAction\":[{\"@type\":\"SearchAction\",\"target\":{\"@type\":\"EntryPoint\",\"urlTemplate\":\"https:\\\/\\\/www.jjlex.si\\\/?s={search_term_string}\"},\"query-input\":{\"@type\":\"PropertyValueSpecification\",\"valueRequired\":true,\"valueName\":\"search_term_string\"}}],\"inLanguage\":\"hr\"}]}<\/script>\r\n<!-- \/ Yoast SEO plugin. -->","yoast_head_json":{"title":"PARNI\u010cNI I OVR\u0160NI POSTUPAK - Odvetni\u0161ka pisarna Jane\u017ei\u010d &amp; Jarkovi\u010d","robots":{"index":"index","follow":"follow","max-snippet":"max-snippet:-1","max-image-preview":"max-image-preview:large","max-video-preview":"max-video-preview:-1"},"canonical":"https:\/\/www.jjlex.si\/pravna-podrocja\/pravdni-in-izvrsilni-postopek\/","og_locale":"hr_HR","og_type":"article","og_title":"PARNI\u010cNI I OVR\u0160NI POSTUPAK - Odvetni\u0161ka pisarna Jane\u017ei\u010d &amp; Jarkovi\u010d","og_description":"Stranke zastupamo te ih pravno savjetujemo u prethodnim postupcima mirnog rje\u0161avanja sporova (medijacijama), u parni\u010dnim te ovr\u0161nim postupcima.","og_url":"https:\/\/www.jjlex.si\/pravna-podrocja\/pravdni-in-izvrsilni-postopek\/","og_site_name":"Odvetni\u0161ka pisarna Jane\u017ei\u010d &amp; Jarkovi\u010d","article_modified_time":"2018-08-08T09:20:40+00:00","twitter_card":"summary_large_image","schema":{"@context":"https:\/\/schema.org","@graph":[{"@type":"WebPage","@id":"https:\/\/www.jjlex.si\/pravna-podrocja\/pravdni-in-izvrsilni-postopek\/","url":"https:\/\/www.jjlex.si\/pravna-podrocja\/pravdni-in-izvrsilni-postopek\/","name":"PARNI\u010cNI I OVR\u0160NI POSTUPAK - Odvetni\u0161ka pisarna Jane\u017ei\u010d &amp; Jarkovi\u010d","isPartOf":{"@id":"https:\/\/www.jjlex.si\/#website"},"datePublished":"2015-09-30T13:28:13+00:00","dateModified":"2018-08-08T09:20:40+00:00","breadcrumb":{"@id":"https:\/\/www.jjlex.si\/pravna-podrocja\/pravdni-in-izvrsilni-postopek\/#breadcrumb"},"inLanguage":"hr","potentialAction":[{"@type":"ReadAction","target":["https:\/\/www.jjlex.si\/pravna-podrocja\/pravdni-in-izvrsilni-postopek\/"]}]},{"@type":"BreadcrumbList","@id":"https:\/\/www.jjlex.si\/pravna-podrocja\/pravdni-in-izvrsilni-postopek\/#breadcrumb","itemListElement":[{"@type":"ListItem","position":1,"name":"Pravna podru\u010dja","item":"https:\/\/www.jjlex.si\/pravna-podrocja\/"},{"@type":"ListItem","position":2,"name":"PARNI\u010cNI I OVR\u0160NI POSTUPAK"}]},{"@type":"WebSite","@id":"https:\/\/www.jjlex.si\/#website","url":"https:\/\/www.jjlex.si\/","name":"Odvetni\u0161ka pisarna Jane\u017ei\u010d &amp; Jarkovi\u010d","description":"Just another WordPress site","potentialAction":[{"@type":"SearchAction","target":{"@type":"EntryPoint","urlTemplate":"https:\/\/www.jjlex.si\/?s={search_term_string}"},"query-input":{"@type":"PropertyValueSpecification","valueRequired":true,"valueName":"search_term_string"}}],"inLanguage":"hr"}]}},"_links":{"self":[{"href":"https:\/\/www.jjlex.si\/hr\/wp-json\/wp\/v2\/pages\/555","targetHints":{"allow":["GET"]}}],"collection":[{"href":"https:\/\/www.jjlex.si\/hr\/wp-json\/wp\/v2\/pages"}],"about":[{"href":"https:\/\/www.jjlex.si\/hr\/wp-json\/wp\/v2\/types\/page"}],"author":[{"embeddable":true,"href":"https:\/\/www.jjlex.si\/hr\/wp-json\/wp\/v2\/users\/1"}],"replies":[{"embeddable":true,"href":"https:\/\/www.jjlex.si\/hr\/wp-json\/wp\/v2\/comments?post=555"}],"version-history":[{"count":1,"href":"https:\/\/www.jjlex.si\/hr\/wp-json\/wp\/v2\/pages\/555\/revisions"}],"predecessor-version":[{"id":556,"href":"https:\/\/www.jjlex.si\/hr\/wp-json\/wp\/v2\/pages\/555\/revisions\/556"}],"up":[{"embeddable":true,"href":"https:\/\/www.jjlex.si\/hr\/wp-json\/wp\/v2\/pages\/541"}],"wp:attachment":[{"href":"https:\/\/www.jjlex.si\/hr\/wp-json\/wp\/v2\/media?parent=555"}],"curies":[{"name":"wp","href":"https:\/\/api.w.org\/{rel}","templated":true}]}}