{"id":539,"date":"2015-09-30T13:14:35","date_gmt":"2015-09-30T13:14:35","guid":{"rendered":"https:\/\/www.jjlex.si\/?page_id=539&#038;lang=hr"},"modified":"2018-08-08T09:19:14","modified_gmt":"2018-08-08T09:19:14","slug":"opci-uvjeti","status":"publish","type":"page","link":"https:\/\/www.jjlex.si\/hr\/pocetna\/opci-uvjeti\/","title":{"rendered":"Op\u0107i uvjeti"},"content":{"rendered":"<div class=\"row \"><div class=\"wpv-grid grid-1-1  wpv-first-level first unextended\" style=\"padding-top:0px;padding-bottom:0px\" id=\"wpv-column-34c45c5d6b61a1898f48dcb0fa0a8125\" ><p>Sve web stranice dostupne na adresi www.jjlex.si su sukladno zakonu namijenjene isklju\u010divo informiranju javnosti o provo\u0111enju odvjetni\u010dke djelatnosti. <\/p>\n<p>Dio na\u0161e web stranice tako\u0111er su i linkovi do web stranica tre\u0107ih osoba. Za sadr\u017eaj na tim stranicama ne odgovaramo.<\/div><\/div>\n","protected":false},"excerpt":{"rendered":"<p>Sve web stranice dostupne na adresi www.jjlex.si su sukladno zakonu namijenjene isklju\u010divo informiranju javnosti o provo\u0111enju odvjetni\u010dke djelatnosti. Dio na\u0161e web stranice tako\u0111er su i linkovi do web stranica tre\u0107ih osoba. Za sadr\u017eaj na tim stranicama ne odgovaramo.<\/p>\n","protected":false},"author":1,"featured_media":0,"parent":452,"menu_order":3,"comment_status":"closed","ping_status":"closed","template":"","meta":{"footnotes":""},"class_list":["post-539","page","type-page","status-publish","hentry"],"yoast_head":"<!-- This site is optimized with the Yoast SEO plugin v25.1 - https:\/\/yoast.com\/wordpress\/plugins\/seo\/ -->\r\n<title>Op\u0107i uvjeti - Odvetni\u0161ka pisarna Jane\u017ei\u010d &amp; Jarkovi\u010d<\/title>\r\n<meta name=\"robots\" content=\"index, follow, max-snippet:-1, max-image-preview:large, max-video-preview:-1\" \/>\r\n<link rel=\"canonical\" href=\"https:\/\/www.jjlex.si\/domov\/splosni-pogoji\/\" \/>\r\n<meta property=\"og:locale\" content=\"hr_HR\" \/>\r\n<meta property=\"og:type\" content=\"article\" \/>\r\n<meta property=\"og:title\" content=\"Op\u0107i uvjeti - Odvetni\u0161ka pisarna Jane\u017ei\u010d &amp; Jarkovi\u010d\" \/>\r\n<meta property=\"og:description\" content=\"Sve web stranice dostupne na adresi www.jjlex.si su sukladno zakonu namijenjene isklju\u010divo informiranju javnosti o provo\u0111enju odvjetni\u010dke djelatnosti. Dio na\u0161e web stranice tako\u0111er su i linkovi do web stranica tre\u0107ih osoba. Za sadr\u017eaj na tim stranicama ne odgovaramo.\" \/>\r\n<meta property=\"og:url\" content=\"https:\/\/www.jjlex.si\/domov\/splosni-pogoji\/\" \/>\r\n<meta property=\"og:site_name\" content=\"Odvetni\u0161ka pisarna Jane\u017ei\u010d &amp; Jarkovi\u010d\" \/>\r\n<meta property=\"article:modified_time\" content=\"2018-08-08T09:19:14+00:00\" \/>\r\n<meta name=\"twitter:card\" content=\"summary_large_image\" \/>\r\n<meta name=\"twitter:label1\" content=\"Procijenjeno vrijeme \u010ditanja\" \/>\n\t<meta name=\"twitter:data1\" content=\"1 minuta\" \/>\r\n<script type=\"application\/ld+json\" class=\"yoast-schema-graph\">{\"@context\":\"https:\/\/schema.org\",\"@graph\":[{\"@type\":\"WebPage\",\"@id\":\"https:\/\/www.jjlex.si\/domov\/splosni-pogoji\/\",\"url\":\"https:\/\/www.jjlex.si\/domov\/splosni-pogoji\/\",\"name\":\"Op\u0107i uvjeti - Odvetni\u0161ka pisarna Jane\u017ei\u010d &amp; Jarkovi\u010d\",\"isPartOf\":{\"@id\":\"https:\/\/www.jjlex.si\/#website\"},\"datePublished\":\"2015-09-30T13:14:35+00:00\",\"dateModified\":\"2018-08-08T09:19:14+00:00\",\"breadcrumb\":{\"@id\":\"https:\/\/www.jjlex.si\/domov\/splosni-pogoji\/#breadcrumb\"},\"inLanguage\":\"hr\",\"potentialAction\":[{\"@type\":\"ReadAction\",\"target\":[\"https:\/\/www.jjlex.si\/domov\/splosni-pogoji\/\"]}]},{\"@type\":\"BreadcrumbList\",\"@id\":\"https:\/\/www.jjlex.si\/domov\/splosni-pogoji\/#breadcrumb\",\"itemListElement\":[{\"@type\":\"ListItem\",\"position\":1,\"name\":\"Po\u010detna\",\"item\":\"https:\/\/www.jjlex.si\/\"},{\"@type\":\"ListItem\",\"position\":2,\"name\":\"Op\u0107i uvjeti\"}]},{\"@type\":\"WebSite\",\"@id\":\"https:\/\/www.jjlex.si\/#website\",\"url\":\"https:\/\/www.jjlex.si\/\",\"name\":\"Odvetni\u0161ka pisarna Jane\u017ei\u010d &amp; Jarkovi\u010d\",\"description\":\"Just another WordPress site\",\"potentialAction\":[{\"@type\":\"SearchAction\",\"target\":{\"@type\":\"EntryPoint\",\"urlTemplate\":\"https:\/\/www.jjlex.si\/?s={search_term_string}\"},\"query-input\":{\"@type\":\"PropertyValueSpecification\",\"valueRequired\":true,\"valueName\":\"search_term_string\"}}],\"inLanguage\":\"hr\"}]}<\/script>\r\n<!-- \/ Yoast SEO plugin. -->","yoast_head_json":{"title":"Op\u0107i uvjeti - Odvetni\u0161ka pisarna Jane\u017ei\u010d &amp; Jarkovi\u010d","robots":{"index":"index","follow":"follow","max-snippet":"max-snippet:-1","max-image-preview":"max-image-preview:large","max-video-preview":"max-video-preview:-1"},"canonical":"https:\/\/www.jjlex.si\/domov\/splosni-pogoji\/","og_locale":"hr_HR","og_type":"article","og_title":"Op\u0107i uvjeti - Odvetni\u0161ka pisarna Jane\u017ei\u010d &amp; Jarkovi\u010d","og_description":"Sve web stranice dostupne na adresi www.jjlex.si su sukladno zakonu namijenjene isklju\u010divo informiranju javnosti o provo\u0111enju odvjetni\u010dke djelatnosti. Dio na\u0161e web stranice tako\u0111er su i linkovi do web stranica tre\u0107ih osoba. Za sadr\u017eaj na tim stranicama ne odgovaramo.","og_url":"https:\/\/www.jjlex.si\/domov\/splosni-pogoji\/","og_site_name":"Odvetni\u0161ka pisarna Jane\u017ei\u010d &amp; Jarkovi\u010d","article_modified_time":"2018-08-08T09:19:14+00:00","twitter_card":"summary_large_image","twitter_misc":{"Procijenjeno vrijeme \u010ditanja":"1 minuta"},"schema":{"@context":"https:\/\/schema.org","@graph":[{"@type":"WebPage","@id":"https:\/\/www.jjlex.si\/domov\/splosni-pogoji\/","url":"https:\/\/www.jjlex.si\/domov\/splosni-pogoji\/","name":"Op\u0107i uvjeti - Odvetni\u0161ka pisarna Jane\u017ei\u010d &amp; Jarkovi\u010d","isPartOf":{"@id":"https:\/\/www.jjlex.si\/#website"},"datePublished":"2015-09-30T13:14:35+00:00","dateModified":"2018-08-08T09:19:14+00:00","breadcrumb":{"@id":"https:\/\/www.jjlex.si\/domov\/splosni-pogoji\/#breadcrumb"},"inLanguage":"hr","potentialAction":[{"@type":"ReadAction","target":["https:\/\/www.jjlex.si\/domov\/splosni-pogoji\/"]}]},{"@type":"BreadcrumbList","@id":"https:\/\/www.jjlex.si\/domov\/splosni-pogoji\/#breadcrumb","itemListElement":[{"@type":"ListItem","position":1,"name":"Po\u010detna","item":"https:\/\/www.jjlex.si\/"},{"@type":"ListItem","position":2,"name":"Op\u0107i uvjeti"}]},{"@type":"WebSite","@id":"https:\/\/www.jjlex.si\/#website","url":"https:\/\/www.jjlex.si\/","name":"Odvetni\u0161ka pisarna Jane\u017ei\u010d &amp; Jarkovi\u010d","description":"Just another WordPress site","potentialAction":[{"@type":"SearchAction","target":{"@type":"EntryPoint","urlTemplate":"https:\/\/www.jjlex.si\/?s={search_term_string}"},"query-input":{"@type":"PropertyValueSpecification","valueRequired":true,"valueName":"search_term_string"}}],"inLanguage":"hr"}]}},"_links":{"self":[{"href":"https:\/\/www.jjlex.si\/hr\/wp-json\/wp\/v2\/pages\/539","targetHints":{"allow":["GET"]}}],"collection":[{"href":"https:\/\/www.jjlex.si\/hr\/wp-json\/wp\/v2\/pages"}],"about":[{"href":"https:\/\/www.jjlex.si\/hr\/wp-json\/wp\/v2\/types\/page"}],"author":[{"embeddable":true,"href":"https:\/\/www.jjlex.si\/hr\/wp-json\/wp\/v2\/users\/1"}],"replies":[{"embeddable":true,"href":"https:\/\/www.jjlex.si\/hr\/wp-json\/wp\/v2\/comments?post=539"}],"version-history":[{"count":2,"href":"https:\/\/www.jjlex.si\/hr\/wp-json\/wp\/v2\/pages\/539\/revisions"}],"predecessor-version":[{"id":669,"href":"https:\/\/www.jjlex.si\/hr\/wp-json\/wp\/v2\/pages\/539\/revisions\/669"}],"up":[{"embeddable":true,"href":"https:\/\/www.jjlex.si\/hr\/wp-json\/wp\/v2\/pages\/452"}],"wp:attachment":[{"href":"https:\/\/www.jjlex.si\/hr\/wp-json\/wp\/v2\/media?parent=539"}],"curies":[{"name":"wp","href":"https:\/\/api.w.org\/{rel}","templated":true}]}}