{"id":537,"date":"2015-09-30T13:13:33","date_gmt":"2015-09-30T13:13:33","guid":{"rendered":"https:\/\/www.jjlex.si\/?page_id=537&#038;lang=hr"},"modified":"2018-08-08T09:18:55","modified_gmt":"2018-08-08T09:18:55","slug":"zastita-privatnosti","status":"publish","type":"page","link":"https:\/\/www.jjlex.si\/hr\/pocetna\/zastita-privatnosti\/","title":{"rendered":"Za\u0161tita privatnosti"},"content":{"rendered":"<div class=\"row \"><div class=\"wpv-grid grid-1-1  wpv-first-level first unextended\" style=\"padding-top:0px;padding-bottom:0px\" id=\"wpv-column-4e6604b150953b250d32751ba3b26e0e\" ><p>Posjetitelji web stranice nisu du\u017eni proslje\u0111ivati nikakve osobne podatke. U slu\u010daju da se odlu\u010dite stupiti u kontakt s nama, Va\u0161e ime i adresu koristit \u0107emo za proslje\u0111ivanje \u017eeljenih informacija.<\/p>\n<p>Osobne podatke \u010duvat \u0107emo kao povjerljive<\/div><\/div>\n","protected":false},"excerpt":{"rendered":"<p>Posjetitelji web stranice nisu du\u017eni proslje\u0111ivati nikakve osobne podatke. U slu\u010daju da se odlu\u010dite stupiti u kontakt s nama, Va\u0161e ime i adresu koristit \u0107emo za proslje\u0111ivanje \u017eeljenih informacija. Osobne podatke \u010duvat \u0107emo kao povjerljive<\/p>\n","protected":false},"author":1,"featured_media":0,"parent":452,"menu_order":2,"comment_status":"closed","ping_status":"closed","template":"","meta":{"footnotes":""},"class_list":["post-537","page","type-page","status-publish","hentry"],"yoast_head":"<!-- This site is optimized with the Yoast SEO plugin v25.1 - https:\/\/yoast.com\/wordpress\/plugins\/seo\/ -->\r\n<title>Za\u0161tita privatnosti - Odvetni\u0161ka pisarna Jane\u017ei\u010d &amp; Jarkovi\u010d<\/title>\r\n<meta name=\"robots\" content=\"index, follow, max-snippet:-1, max-image-preview:large, max-video-preview:-1\" \/>\r\n<link rel=\"canonical\" href=\"https:\/\/www.jjlex.si\/domov\/varstvo-zasebnosti\/\" \/>\r\n<meta property=\"og:locale\" content=\"hr_HR\" \/>\r\n<meta property=\"og:type\" content=\"article\" \/>\r\n<meta property=\"og:title\" content=\"Za\u0161tita privatnosti - Odvetni\u0161ka pisarna Jane\u017ei\u010d &amp; Jarkovi\u010d\" \/>\r\n<meta property=\"og:description\" content=\"Posjetitelji web stranice nisu du\u017eni proslje\u0111ivati nikakve osobne podatke. U slu\u010daju da se odlu\u010dite stupiti u kontakt s nama, Va\u0161e ime i adresu koristit \u0107emo za proslje\u0111ivanje \u017eeljenih informacija. Osobne podatke \u010duvat \u0107emo kao povjerljive\" \/>\r\n<meta property=\"og:url\" content=\"https:\/\/www.jjlex.si\/domov\/varstvo-zasebnosti\/\" \/>\r\n<meta property=\"og:site_name\" content=\"Odvetni\u0161ka pisarna Jane\u017ei\u010d &amp; Jarkovi\u010d\" \/>\r\n<meta property=\"article:modified_time\" content=\"2018-08-08T09:18:55+00:00\" \/>\r\n<meta name=\"twitter:card\" content=\"summary_large_image\" \/>\r\n<script type=\"application\/ld+json\" class=\"yoast-schema-graph\">{\"@context\":\"https:\/\/schema.org\",\"@graph\":[{\"@type\":\"WebPage\",\"@id\":\"https:\/\/www.jjlex.si\/domov\/varstvo-zasebnosti\/\",\"url\":\"https:\/\/www.jjlex.si\/domov\/varstvo-zasebnosti\/\",\"name\":\"Za\u0161tita privatnosti - Odvetni\u0161ka pisarna Jane\u017ei\u010d &amp; Jarkovi\u010d\",\"isPartOf\":{\"@id\":\"https:\/\/www.jjlex.si\/#website\"},\"datePublished\":\"2015-09-30T13:13:33+00:00\",\"dateModified\":\"2018-08-08T09:18:55+00:00\",\"breadcrumb\":{\"@id\":\"https:\/\/www.jjlex.si\/domov\/varstvo-zasebnosti\/#breadcrumb\"},\"inLanguage\":\"hr\",\"potentialAction\":[{\"@type\":\"ReadAction\",\"target\":[\"https:\/\/www.jjlex.si\/domov\/varstvo-zasebnosti\/\"]}]},{\"@type\":\"BreadcrumbList\",\"@id\":\"https:\/\/www.jjlex.si\/domov\/varstvo-zasebnosti\/#breadcrumb\",\"itemListElement\":[{\"@type\":\"ListItem\",\"position\":1,\"name\":\"Po\u010detna\",\"item\":\"https:\/\/www.jjlex.si\/\"},{\"@type\":\"ListItem\",\"position\":2,\"name\":\"Za\u0161tita privatnosti\"}]},{\"@type\":\"WebSite\",\"@id\":\"https:\/\/www.jjlex.si\/#website\",\"url\":\"https:\/\/www.jjlex.si\/\",\"name\":\"Odvetni\u0161ka pisarna Jane\u017ei\u010d &amp; Jarkovi\u010d\",\"description\":\"Just another WordPress site\",\"potentialAction\":[{\"@type\":\"SearchAction\",\"target\":{\"@type\":\"EntryPoint\",\"urlTemplate\":\"https:\/\/www.jjlex.si\/?s={search_term_string}\"},\"query-input\":{\"@type\":\"PropertyValueSpecification\",\"valueRequired\":true,\"valueName\":\"search_term_string\"}}],\"inLanguage\":\"hr\"}]}<\/script>\r\n<!-- \/ Yoast SEO plugin. -->","yoast_head_json":{"title":"Za\u0161tita privatnosti - Odvetni\u0161ka pisarna Jane\u017ei\u010d &amp; Jarkovi\u010d","robots":{"index":"index","follow":"follow","max-snippet":"max-snippet:-1","max-image-preview":"max-image-preview:large","max-video-preview":"max-video-preview:-1"},"canonical":"https:\/\/www.jjlex.si\/domov\/varstvo-zasebnosti\/","og_locale":"hr_HR","og_type":"article","og_title":"Za\u0161tita privatnosti - Odvetni\u0161ka pisarna Jane\u017ei\u010d &amp; Jarkovi\u010d","og_description":"Posjetitelji web stranice nisu du\u017eni proslje\u0111ivati nikakve osobne podatke. U slu\u010daju da se odlu\u010dite stupiti u kontakt s nama, Va\u0161e ime i adresu koristit \u0107emo za proslje\u0111ivanje \u017eeljenih informacija. Osobne podatke \u010duvat \u0107emo kao povjerljive","og_url":"https:\/\/www.jjlex.si\/domov\/varstvo-zasebnosti\/","og_site_name":"Odvetni\u0161ka pisarna Jane\u017ei\u010d &amp; Jarkovi\u010d","article_modified_time":"2018-08-08T09:18:55+00:00","twitter_card":"summary_large_image","schema":{"@context":"https:\/\/schema.org","@graph":[{"@type":"WebPage","@id":"https:\/\/www.jjlex.si\/domov\/varstvo-zasebnosti\/","url":"https:\/\/www.jjlex.si\/domov\/varstvo-zasebnosti\/","name":"Za\u0161tita privatnosti - Odvetni\u0161ka pisarna Jane\u017ei\u010d &amp; Jarkovi\u010d","isPartOf":{"@id":"https:\/\/www.jjlex.si\/#website"},"datePublished":"2015-09-30T13:13:33+00:00","dateModified":"2018-08-08T09:18:55+00:00","breadcrumb":{"@id":"https:\/\/www.jjlex.si\/domov\/varstvo-zasebnosti\/#breadcrumb"},"inLanguage":"hr","potentialAction":[{"@type":"ReadAction","target":["https:\/\/www.jjlex.si\/domov\/varstvo-zasebnosti\/"]}]},{"@type":"BreadcrumbList","@id":"https:\/\/www.jjlex.si\/domov\/varstvo-zasebnosti\/#breadcrumb","itemListElement":[{"@type":"ListItem","position":1,"name":"Po\u010detna","item":"https:\/\/www.jjlex.si\/"},{"@type":"ListItem","position":2,"name":"Za\u0161tita privatnosti"}]},{"@type":"WebSite","@id":"https:\/\/www.jjlex.si\/#website","url":"https:\/\/www.jjlex.si\/","name":"Odvetni\u0161ka pisarna Jane\u017ei\u010d &amp; Jarkovi\u010d","description":"Just another WordPress site","potentialAction":[{"@type":"SearchAction","target":{"@type":"EntryPoint","urlTemplate":"https:\/\/www.jjlex.si\/?s={search_term_string}"},"query-input":{"@type":"PropertyValueSpecification","valueRequired":true,"valueName":"search_term_string"}}],"inLanguage":"hr"}]}},"_links":{"self":[{"href":"https:\/\/www.jjlex.si\/hr\/wp-json\/wp\/v2\/pages\/537","targetHints":{"allow":["GET"]}}],"collection":[{"href":"https:\/\/www.jjlex.si\/hr\/wp-json\/wp\/v2\/pages"}],"about":[{"href":"https:\/\/www.jjlex.si\/hr\/wp-json\/wp\/v2\/types\/page"}],"author":[{"embeddable":true,"href":"https:\/\/www.jjlex.si\/hr\/wp-json\/wp\/v2\/users\/1"}],"replies":[{"embeddable":true,"href":"https:\/\/www.jjlex.si\/hr\/wp-json\/wp\/v2\/comments?post=537"}],"version-history":[{"count":3,"href":"https:\/\/www.jjlex.si\/hr\/wp-json\/wp\/v2\/pages\/537\/revisions"}],"predecessor-version":[{"id":670,"href":"https:\/\/www.jjlex.si\/hr\/wp-json\/wp\/v2\/pages\/537\/revisions\/670"}],"up":[{"embeddable":true,"href":"https:\/\/www.jjlex.si\/hr\/wp-json\/wp\/v2\/pages\/452"}],"wp:attachment":[{"href":"https:\/\/www.jjlex.si\/hr\/wp-json\/wp\/v2\/media?parent=537"}],"curies":[{"name":"wp","href":"https:\/\/api.w.org\/{rel}","templated":true}]}}