{"id":534,"date":"2015-09-30T13:11:22","date_gmt":"2015-09-30T13:11:22","guid":{"rendered":"https:\/\/www.jjlex.si\/?page_id=534&#038;lang=hr"},"modified":"2023-02-13T11:39:37","modified_gmt":"2023-02-13T11:39:37","slug":"linkovi","status":"publish","type":"page","link":"https:\/\/www.jjlex.si\/hr\/pocetna\/linkovi\/","title":{"rendered":"Linkovi"},"content":{"rendered":"<div class=\"row \"><div class=\"wpv-grid grid-1-1  wpv-first-level first unextended\" style=\"padding-top:0px;padding-bottom:0px\" id=\"wpv-column-57c77c166d690951d9b6df1fb5cd826b\" ><div class=\"row \"><div class=\"wpv-grid grid-1-3  first unextended\" style=\"padding-top:0px;padding-bottom:0px\" id=\"wpv-column-e60a7fbf84d3a9b5e916e2ba3671c9b1\" >\t\t<h2 class=\"text-divider-double\">\t\t\t\nSudovi\t\t<\/h2>\t\t<div class=\"sep\"><\/div>\t\n<p>Slovenija<\/p>\n<ol>\n<li><a href=\"http:\/\/www.us-rs.si\/\" target=\"_blank\" rel=\"noopener\">Ustavni sud RS<\/a><\/li>\n<li><a href=\"http:\/\/www.sodisce.si\/\" target=\"_blank\" rel=\"noopener\">Vrhovni sud RS<\/a><\/li>\n<\/ol>\n<p>Europska unija<\/p>\n<ol>\n<li><a href=\"http:\/\/www.echr.coe.int\/Pages\/home.aspx?p=home&amp;c=\" target=\"_blank\" rel=\"noopener\">Europski sud za ljudska prava<\/a><\/li>\n<li>Sud Europske unije \u2013 <a href=\"http:\/\/curia.europa.eu\/jcms\/jcms\/Jo2_6999\/\" target=\"_blank\" rel=\"noopener\">CURIA<\/a><\/li>\n<\/ol>\n\t\t<h2 class=\"text-divider-double\">\t\t\t\nRegistri i propisi\t\t<\/h2>\t\t<div class=\"sep\"><\/div>\t\n<ol>\n<li><a href=\"http:\/\/www.ajpes.si\/\" target=\"_blank\" rel=\"noopener\">Ajpes<\/a> &#8211; Agencija RS za javnopravne evidencije i usluge<\/li>\n<li><a href=\"http:\/\/www.pisrs.si\/Pis.web\/\" target=\"_blank\" rel=\"noopener\">Pravno-informacijski sustav RS<\/a><\/li>\n<li><a href=\"http:\/\/www.uradni-list.si\/\" target=\"_blank\" rel=\"noopener\">Slu\u017ebeni list RS<\/a><\/li>\n<li><a href=\"http:\/\/www.pisrs.si\/Pis.web\/pregledPredpisa?id=TARI184\" target=\"_blank\" rel=\"noopener\">Odvjetni\u010dka tarifa<\/a><\/li>\n<\/ol><\/div>\n<div class=\"wpv-grid grid-1-3  unextended\" style=\"padding-top:0px;padding-bottom:0px\" id=\"wpv-column-8f39f96b2569a0b17f270cdb2ccf1252\" >\t\t<h2 class=\"text-divider-double\">\t\t\t\nInstitucije\t\t<\/h2>\t\t<div class=\"sep\"><\/div>\t\n<p>Op\u0107e ustanove<\/p>\n<ol>\n<li><a href=\"http:\/\/www.bsi.si\/\" target=\"_blank\" rel=\"noopener\">Banka Slovenije<\/a><\/li>\n<li><a href=\"http:\/\/www.dz-rs.si\/\" target=\"_blank\" rel=\"noopener\">Dr\u017eavni zbor RS<\/a><\/li>\n<\/ol>\n<p>Strukovne komore &amp; udruge<\/p>\n<ol>\n<li><a href=\"http:\/\/www.odv-zb.si\/\" target=\"_blank\" rel=\"noopener\">Odvjetni\u010dka komora Slovenije<\/a><\/li>\n<li><a href=\"http:\/\/www.notar-z.si\/\" target=\"_blank\" rel=\"noopener\">Javnobilje\u017eni\u010dka komora Slovenije<\/a><\/li>\n<li><a href=\"http:\/\/www.izvrsitelji.si\/\" target=\"_blank\" rel=\"noopener\">Komora sudskih izvr\u0161itelja Slovenije<\/a><\/li>\n<\/ol>\n<p>&nbsp;<\/p>\n<ol start=\"4\">\n<li><a href=\"http:\/\/www.gzs.si\/\" target=\"_blank\" rel=\"noopener\">Gospodarska komora Slovenije<\/a><\/li>\n<li><a href=\"http:\/\/www.soz.si\/\" target=\"_blank\" rel=\"noopener\">Slovenska komora ogla\u0161iva\u010da<\/a><\/li>\n<li><a href=\"http:\/\/www.tzslo.si\/\" target=\"_blank\" rel=\"noopener\">Trgovinska komora Slovenije<\/a><\/li>\n<\/ol>\n<p>Intelektualno vlasni\u0161tvo<\/p>\n<ol>\n<li><a href=\"http:\/\/www.uil-sipo.si\/\" target=\"_blank\" rel=\"noopener\">Ured RS za intelektualno vlasni\u0161tvo<\/a><\/li>\n<li>Ured za harmonizaciju na unutarnjem tr\u017ei\u0161tu EU (za\u0161titni znakovi i modeli) <a href=\"http:\/\/oami.europa.eu\/\" target=\"_blank\" rel=\"noopener\">UHNT (OHIM)<\/a><\/li>\n<li>Svjetska organizacija za intelektualno vlasni\u0161tvo <a href=\"http:\/\/www.wipo.int\/\" target=\"_blank\" rel=\"noopener\">WIPO<\/a><\/li>\n<\/ol><\/div>\n<div class=\"wpv-grid grid-1-3  unextended\" style=\"padding-top:0px;padding-bottom:0px\" id=\"wpv-column-1728e831644b3d7c22f469fc7ef076e1\" >\t\t<h2 class=\"text-divider-double\">\t\t\t\nE-uprava\t\t<\/h2>\t\t<div class=\"sep\"><\/div>\t\n<ul>\n<li><a href=\"http:\/\/e-uprava.gov.si\/\" target=\"_blank\" rel=\"noopener\">E-uprava<\/a><\/li>\n<\/ul><\/div><\/div><\/div><\/div>\n","protected":false},"excerpt":{"rendered":"<p>Slovenija Ustavni sud RS Vrhovni sud RS Europska unija Europski sud za ljudska prava Sud Europske unije \u2013 CURIA Ajpes &#8211; Agencija RS za javnopravne evidencije i usluge Pravno-informacijski sustav RS Slu\u017ebeni list RS Odvjetni\u010dka tarifa Op\u0107e ustanove Banka Slovenije Dr\u017eavni zbor RS Strukovne komore &amp; udruge Odvjetni\u010dka komora Slovenije Javnobilje\u017eni\u010dka komora Slovenije Komora sudskih&#8230;<\/p>\n","protected":false},"author":1,"featured_media":0,"parent":452,"menu_order":1,"comment_status":"closed","ping_status":"closed","template":"","meta":{"footnotes":""},"class_list":["post-534","page","type-page","status-publish","hentry"],"yoast_head":"<!-- This site is optimized with the Yoast SEO plugin v25.1 - https:\/\/yoast.com\/wordpress\/plugins\/seo\/ -->\r\n<title>Linkovi - Odvetni\u0161ka pisarna Jane\u017ei\u010d &amp; Jarkovi\u010d<\/title>\r\n<meta name=\"robots\" content=\"index, follow, max-snippet:-1, max-image-preview:large, max-video-preview:-1\" \/>\r\n<link rel=\"canonical\" href=\"https:\/\/www.jjlex.si\/domov\/povezave\/\" \/>\r\n<meta property=\"og:locale\" content=\"hr_HR\" \/>\r\n<meta property=\"og:type\" content=\"article\" \/>\r\n<meta property=\"og:title\" content=\"Linkovi - Odvetni\u0161ka pisarna Jane\u017ei\u010d &amp; Jarkovi\u010d\" \/>\r\n<meta property=\"og:description\" content=\"Slovenija Ustavni sud RS Vrhovni sud RS Europska unija Europski sud za ljudska prava Sud Europske unije \u2013 CURIA Ajpes &#8211; Agencija RS za javnopravne evidencije i usluge Pravno-informacijski sustav RS Slu\u017ebeni list RS Odvjetni\u010dka tarifa Op\u0107e ustanove Banka Slovenije Dr\u017eavni zbor RS Strukovne komore &amp; udruge Odvjetni\u010dka komora Slovenije Javnobilje\u017eni\u010dka komora Slovenije Komora sudskih...\" \/>\r\n<meta property=\"og:url\" content=\"https:\/\/www.jjlex.si\/domov\/povezave\/\" \/>\r\n<meta property=\"og:site_name\" content=\"Odvetni\u0161ka pisarna Jane\u017ei\u010d &amp; Jarkovi\u010d\" \/>\r\n<meta property=\"article:modified_time\" content=\"2023-02-13T11:39:37+00:00\" \/>\r\n<meta name=\"twitter:card\" content=\"summary_large_image\" \/>\r\n<meta name=\"twitter:label1\" content=\"Procijenjeno vrijeme \u010ditanja\" \/>\n\t<meta name=\"twitter:data1\" content=\"2 minute\" \/>\r\n<script type=\"application\/ld+json\" class=\"yoast-schema-graph\">{\"@context\":\"https:\/\/schema.org\",\"@graph\":[{\"@type\":\"WebPage\",\"@id\":\"https:\/\/www.jjlex.si\/domov\/povezave\/\",\"url\":\"https:\/\/www.jjlex.si\/domov\/povezave\/\",\"name\":\"Linkovi - Odvetni\u0161ka pisarna Jane\u017ei\u010d &amp; Jarkovi\u010d\",\"isPartOf\":{\"@id\":\"https:\/\/www.jjlex.si\/#website\"},\"datePublished\":\"2015-09-30T13:11:22+00:00\",\"dateModified\":\"2023-02-13T11:39:37+00:00\",\"breadcrumb\":{\"@id\":\"https:\/\/www.jjlex.si\/domov\/povezave\/#breadcrumb\"},\"inLanguage\":\"hr\",\"potentialAction\":[{\"@type\":\"ReadAction\",\"target\":[\"https:\/\/www.jjlex.si\/domov\/povezave\/\"]}]},{\"@type\":\"BreadcrumbList\",\"@id\":\"https:\/\/www.jjlex.si\/domov\/povezave\/#breadcrumb\",\"itemListElement\":[{\"@type\":\"ListItem\",\"position\":1,\"name\":\"Po\u010detna\",\"item\":\"https:\/\/www.jjlex.si\/\"},{\"@type\":\"ListItem\",\"position\":2,\"name\":\"Linkovi\"}]},{\"@type\":\"WebSite\",\"@id\":\"https:\/\/www.jjlex.si\/#website\",\"url\":\"https:\/\/www.jjlex.si\/\",\"name\":\"Odvetni\u0161ka pisarna Jane\u017ei\u010d &amp; Jarkovi\u010d\",\"description\":\"Just another WordPress site\",\"potentialAction\":[{\"@type\":\"SearchAction\",\"target\":{\"@type\":\"EntryPoint\",\"urlTemplate\":\"https:\/\/www.jjlex.si\/?s={search_term_string}\"},\"query-input\":{\"@type\":\"PropertyValueSpecification\",\"valueRequired\":true,\"valueName\":\"search_term_string\"}}],\"inLanguage\":\"hr\"}]}<\/script>\r\n<!-- \/ Yoast SEO plugin. -->","yoast_head_json":{"title":"Linkovi - Odvetni\u0161ka pisarna Jane\u017ei\u010d &amp; Jarkovi\u010d","robots":{"index":"index","follow":"follow","max-snippet":"max-snippet:-1","max-image-preview":"max-image-preview:large","max-video-preview":"max-video-preview:-1"},"canonical":"https:\/\/www.jjlex.si\/domov\/povezave\/","og_locale":"hr_HR","og_type":"article","og_title":"Linkovi - Odvetni\u0161ka pisarna Jane\u017ei\u010d &amp; Jarkovi\u010d","og_description":"Slovenija Ustavni sud RS Vrhovni sud RS Europska unija Europski sud za ljudska prava Sud Europske unije \u2013 CURIA Ajpes &#8211; Agencija RS za javnopravne evidencije i usluge Pravno-informacijski sustav RS Slu\u017ebeni list RS Odvjetni\u010dka tarifa Op\u0107e ustanove Banka Slovenije Dr\u017eavni zbor RS Strukovne komore &amp; udruge Odvjetni\u010dka komora Slovenije Javnobilje\u017eni\u010dka komora Slovenije Komora sudskih...","og_url":"https:\/\/www.jjlex.si\/domov\/povezave\/","og_site_name":"Odvetni\u0161ka pisarna Jane\u017ei\u010d &amp; Jarkovi\u010d","article_modified_time":"2023-02-13T11:39:37+00:00","twitter_card":"summary_large_image","twitter_misc":{"Procijenjeno vrijeme \u010ditanja":"2 minute"},"schema":{"@context":"https:\/\/schema.org","@graph":[{"@type":"WebPage","@id":"https:\/\/www.jjlex.si\/domov\/povezave\/","url":"https:\/\/www.jjlex.si\/domov\/povezave\/","name":"Linkovi - Odvetni\u0161ka pisarna Jane\u017ei\u010d &amp; Jarkovi\u010d","isPartOf":{"@id":"https:\/\/www.jjlex.si\/#website"},"datePublished":"2015-09-30T13:11:22+00:00","dateModified":"2023-02-13T11:39:37+00:00","breadcrumb":{"@id":"https:\/\/www.jjlex.si\/domov\/povezave\/#breadcrumb"},"inLanguage":"hr","potentialAction":[{"@type":"ReadAction","target":["https:\/\/www.jjlex.si\/domov\/povezave\/"]}]},{"@type":"BreadcrumbList","@id":"https:\/\/www.jjlex.si\/domov\/povezave\/#breadcrumb","itemListElement":[{"@type":"ListItem","position":1,"name":"Po\u010detna","item":"https:\/\/www.jjlex.si\/"},{"@type":"ListItem","position":2,"name":"Linkovi"}]},{"@type":"WebSite","@id":"https:\/\/www.jjlex.si\/#website","url":"https:\/\/www.jjlex.si\/","name":"Odvetni\u0161ka pisarna Jane\u017ei\u010d &amp; Jarkovi\u010d","description":"Just another WordPress site","potentialAction":[{"@type":"SearchAction","target":{"@type":"EntryPoint","urlTemplate":"https:\/\/www.jjlex.si\/?s={search_term_string}"},"query-input":{"@type":"PropertyValueSpecification","valueRequired":true,"valueName":"search_term_string"}}],"inLanguage":"hr"}]}},"_links":{"self":[{"href":"https:\/\/www.jjlex.si\/hr\/wp-json\/wp\/v2\/pages\/534","targetHints":{"allow":["GET"]}}],"collection":[{"href":"https:\/\/www.jjlex.si\/hr\/wp-json\/wp\/v2\/pages"}],"about":[{"href":"https:\/\/www.jjlex.si\/hr\/wp-json\/wp\/v2\/types\/page"}],"author":[{"embeddable":true,"href":"https:\/\/www.jjlex.si\/hr\/wp-json\/wp\/v2\/users\/1"}],"replies":[{"embeddable":true,"href":"https:\/\/www.jjlex.si\/hr\/wp-json\/wp\/v2\/comments?post=534"}],"version-history":[{"count":5,"href":"https:\/\/www.jjlex.si\/hr\/wp-json\/wp\/v2\/pages\/534\/revisions"}],"predecessor-version":[{"id":786,"href":"https:\/\/www.jjlex.si\/hr\/wp-json\/wp\/v2\/pages\/534\/revisions\/786"}],"up":[{"embeddable":true,"href":"https:\/\/www.jjlex.si\/hr\/wp-json\/wp\/v2\/pages\/452"}],"wp:attachment":[{"href":"https:\/\/www.jjlex.si\/hr\/wp-json\/wp\/v2\/media?parent=534"}],"curies":[{"name":"wp","href":"https:\/\/api.w.org\/{rel}","templated":true}]}}