{"id":452,"date":"2015-09-30T11:25:05","date_gmt":"2015-09-30T11:25:05","guid":{"rendered":"https:\/\/www.jjlex.si\/?page_id=452&#038;lang=hr"},"modified":"2015-09-30T11:25:47","modified_gmt":"2015-09-30T11:25:47","slug":"pocetna","status":"publish","type":"page","link":"https:\/\/www.jjlex.si\/hr\/","title":{"rendered":"Po\u010detna"},"content":{"rendered":"<div class=\"row \"><div class=\"wpv-grid grid-1-1  wpv-first-level first extended\" style=\"padding-top:0px;padding-bottom:0px\" id=\"wpv-column-b2a32e01b0e1519414fd95ba8f9ef2e0\" ><div class=\"extended-column-inner\">\t\t<h2 class=\"text-divider-double\">\t\t\t\nKontaktni obrazac<br \/>\n\t\t<\/h2>\t\t<div class=\"sep\"><\/div>\t\n<p>\n<div class=\"wpcf7 no-js\" id=\"wpcf7-f447-o1\" lang=\"hr\" dir=\"ltr\" data-wpcf7-id=\"447\">\n<div class=\"screen-reader-response\"><p role=\"status\" aria-live=\"polite\" aria-atomic=\"true\"><\/p> <ul><\/ul><\/div>\n<form action=\"\/hr\/wp-json\/wp\/v2\/pages\/452#wpcf7-f447-o1\" method=\"post\" class=\"wpcf7-form init\" aria-label=\"Kontakt obrazac\" novalidate=\"novalidate\" data-status=\"init\">\n<div style=\"display: none;\">\n<input type=\"hidden\" name=\"_wpcf7\" value=\"447\" \/>\n<input type=\"hidden\" name=\"_wpcf7_version\" value=\"6.0.6\" \/>\n<input type=\"hidden\" name=\"_wpcf7_locale\" value=\"hr\" \/>\n<input type=\"hidden\" name=\"_wpcf7_unit_tag\" value=\"wpcf7-f447-o1\" \/>\n<input type=\"hidden\" name=\"_wpcf7_container_post\" value=\"0\" \/>\n<input type=\"hidden\" name=\"_wpcf7_posted_data_hash\" value=\"\" \/>\n<input type=\"hidden\" name=\"_wpcf7_recaptcha_response\" value=\"\" \/>\n<\/div>\n<div class=\"row \">\n\t<div class=\"wpv-grid grid-1-3 wpv-first-level first unextended\">\n\t\t<p><span class=\"wpcf7-form-control-wrap\" data-name=\"your-name\"><input size=\"40\" maxlength=\"400\" class=\"wpcf7-form-control wpcf7-text wpcf7-validates-as-required\" aria-required=\"true\" aria-invalid=\"false\" placeholder=\"Ime\" value=\"\" type=\"text\" name=\"your-name\" \/><\/span>\n\t\t<\/p>\n\t<\/div>\n\t<div class=\"wpv-grid grid-1-3 wpv-first-level unextended\">\n\t\t<p><span class=\"wpcf7-form-control-wrap\" data-name=\"your-email\"><input size=\"40\" maxlength=\"400\" class=\"wpcf7-form-control wpcf7-email wpcf7-validates-as-required wpcf7-text wpcf7-validates-as-email\" aria-required=\"true\" aria-invalid=\"false\" placeholder=\"E-po\u0161ta\" value=\"\" type=\"email\" name=\"your-email\" \/><\/span>\n\t\t<\/p>\n\t<\/div>\n\t<div class=\"wpv-grid grid-1-3 wpv-first-level unextended\">\n\t\t<p><span class=\"wpcf7-form-control-wrap\" data-name=\"your-subject\"><input size=\"40\" maxlength=\"400\" class=\"wpcf7-form-control wpcf7-text\" aria-invalid=\"false\" placeholder=\"Predmet\" value=\"\" type=\"text\" name=\"your-subject\" \/><\/span>\n\t\t<\/p>\n\t<\/div>\n\t<div class=\"wpv-grid grid-1-1 wpv-first-level unextended\">\n\t\t<p><span class=\"wpcf7-form-control-wrap\" data-name=\"your-message\"><textarea cols=\"40\" rows=\"10\" maxlength=\"2000\" class=\"wpcf7-form-control wpcf7-textarea\" aria-invalid=\"false\" placeholder=\"Poruka\" name=\"your-message\"><\/textarea><\/span>\n\t\t<\/p>\n\t<\/div>\n\t<div class=\"wpv-grid grid-1-1 wpv-first-level unextended\">\n\t\t<p><input class=\"wpcf7-form-control wpcf7-submit has-spinner\" type=\"submit\" value=\"Po\u0161alji\" \/>\n\t\t<\/p>\n\t<\/div>\n<\/div><div class=\"wpcf7-response-output\" aria-hidden=\"true\"><\/div>\n<\/form>\n<\/div>\n<\/div><\/div><\/div>\n","protected":false},"excerpt":{"rendered":"","protected":false},"author":1,"featured_media":0,"parent":0,"menu_order":0,"comment_status":"closed","ping_status":"closed","template":"","meta":{"footnotes":""},"class_list":["post-452","page","type-page","status-publish","hentry"],"yoast_head":"<!-- This site is optimized with the Yoast SEO plugin v25.1 - https:\/\/yoast.com\/wordpress\/plugins\/seo\/ -->\r\n<title>Po\u010detna - Odvetni\u0161ka pisarna Jane\u017ei\u010d &amp; Jarkovi\u010d<\/title>\r\n<meta name=\"robots\" content=\"index, follow, max-snippet:-1, max-image-preview:large, max-video-preview:-1\" \/>\r\n<link rel=\"canonical\" href=\"https:\/\/www.jjlex.si\/\" \/>\r\n<meta property=\"og:locale\" content=\"hr_HR\" \/>\r\n<meta property=\"og:type\" content=\"article\" \/>\r\n<meta property=\"og:title\" content=\"Po\u010detna - Odvetni\u0161ka pisarna Jane\u017ei\u010d &amp; Jarkovi\u010d\" \/>\r\n<meta property=\"og:url\" content=\"https:\/\/www.jjlex.si\/\" \/>\r\n<meta property=\"og:site_name\" content=\"Odvetni\u0161ka pisarna Jane\u017ei\u010d &amp; Jarkovi\u010d\" \/>\r\n<meta property=\"article:modified_time\" content=\"2015-09-30T11:25:47+00:00\" \/>\r\n<meta name=\"twitter:card\" content=\"summary_large_image\" \/>\r\n<script type=\"application\/ld+json\" class=\"yoast-schema-graph\">{\"@context\":\"https:\/\/schema.org\",\"@graph\":[{\"@type\":\"WebPage\",\"@id\":\"https:\/\/www.jjlex.si\/\",\"url\":\"https:\/\/www.jjlex.si\/\",\"name\":\"Po\u010detna - Odvetni\u0161ka pisarna Jane\u017ei\u010d &amp; Jarkovi\u010d\",\"isPartOf\":{\"@id\":\"https:\/\/www.jjlex.si\/#website\"},\"datePublished\":\"2015-09-30T11:25:05+00:00\",\"dateModified\":\"2015-09-30T11:25:47+00:00\",\"inLanguage\":\"hr\",\"potentialAction\":[{\"@type\":\"ReadAction\",\"target\":[\"https:\/\/www.jjlex.si\/\"]}]},{\"@type\":\"WebSite\",\"@id\":\"https:\/\/www.jjlex.si\/#website\",\"url\":\"https:\/\/www.jjlex.si\/\",\"name\":\"Odvetni\u0161ka pisarna Jane\u017ei\u010d &amp; Jarkovi\u010d\",\"description\":\"Just another WordPress site\",\"potentialAction\":[{\"@type\":\"SearchAction\",\"target\":{\"@type\":\"EntryPoint\",\"urlTemplate\":\"https:\/\/www.jjlex.si\/?s={search_term_string}\"},\"query-input\":{\"@type\":\"PropertyValueSpecification\",\"valueRequired\":true,\"valueName\":\"search_term_string\"}}],\"inLanguage\":\"hr\"}]}<\/script>\r\n<!-- \/ Yoast SEO plugin. -->","yoast_head_json":{"title":"Po\u010detna - Odvetni\u0161ka pisarna Jane\u017ei\u010d &amp; Jarkovi\u010d","robots":{"index":"index","follow":"follow","max-snippet":"max-snippet:-1","max-image-preview":"max-image-preview:large","max-video-preview":"max-video-preview:-1"},"canonical":"https:\/\/www.jjlex.si\/","og_locale":"hr_HR","og_type":"article","og_title":"Po\u010detna - Odvetni\u0161ka pisarna Jane\u017ei\u010d &amp; Jarkovi\u010d","og_url":"https:\/\/www.jjlex.si\/","og_site_name":"Odvetni\u0161ka pisarna Jane\u017ei\u010d &amp; Jarkovi\u010d","article_modified_time":"2015-09-30T11:25:47+00:00","twitter_card":"summary_large_image","schema":{"@context":"https:\/\/schema.org","@graph":[{"@type":"WebPage","@id":"https:\/\/www.jjlex.si\/","url":"https:\/\/www.jjlex.si\/","name":"Po\u010detna - Odvetni\u0161ka pisarna Jane\u017ei\u010d &amp; Jarkovi\u010d","isPartOf":{"@id":"https:\/\/www.jjlex.si\/#website"},"datePublished":"2015-09-30T11:25:05+00:00","dateModified":"2015-09-30T11:25:47+00:00","inLanguage":"hr","potentialAction":[{"@type":"ReadAction","target":["https:\/\/www.jjlex.si\/"]}]},{"@type":"WebSite","@id":"https:\/\/www.jjlex.si\/#website","url":"https:\/\/www.jjlex.si\/","name":"Odvetni\u0161ka pisarna Jane\u017ei\u010d &amp; Jarkovi\u010d","description":"Just another WordPress site","potentialAction":[{"@type":"SearchAction","target":{"@type":"EntryPoint","urlTemplate":"https:\/\/www.jjlex.si\/?s={search_term_string}"},"query-input":{"@type":"PropertyValueSpecification","valueRequired":true,"valueName":"search_term_string"}}],"inLanguage":"hr"}]}},"_links":{"self":[{"href":"https:\/\/www.jjlex.si\/hr\/wp-json\/wp\/v2\/pages\/452","targetHints":{"allow":["GET"]}}],"collection":[{"href":"https:\/\/www.jjlex.si\/hr\/wp-json\/wp\/v2\/pages"}],"about":[{"href":"https:\/\/www.jjlex.si\/hr\/wp-json\/wp\/v2\/types\/page"}],"author":[{"embeddable":true,"href":"https:\/\/www.jjlex.si\/hr\/wp-json\/wp\/v2\/users\/1"}],"replies":[{"embeddable":true,"href":"https:\/\/www.jjlex.si\/hr\/wp-json\/wp\/v2\/comments?post=452"}],"version-history":[{"count":2,"href":"https:\/\/www.jjlex.si\/hr\/wp-json\/wp\/v2\/pages\/452\/revisions"}],"predecessor-version":[{"id":454,"href":"https:\/\/www.jjlex.si\/hr\/wp-json\/wp\/v2\/pages\/452\/revisions\/454"}],"wp:attachment":[{"href":"https:\/\/www.jjlex.si\/hr\/wp-json\/wp\/v2\/media?parent=452"}],"curies":[{"name":"wp","href":"https:\/\/api.w.org\/{rel}","templated":true}]}}