{"id":92,"date":"2015-07-08T06:59:02","date_gmt":"2015-07-08T06:59:02","guid":{"rendered":"https:\/\/www.jjlex.si\/en\/home\/povezave\/"},"modified":"2023-02-13T11:38:17","modified_gmt":"2023-02-13T11:38:17","slug":"links","status":"publish","type":"page","link":"https:\/\/www.jjlex.si\/en\/home\/links\/","title":{"rendered":"Links"},"content":{"rendered":"<div class=\"row \"><div class=\"wpv-grid grid-1-1  wpv-first-level first unextended\" style=\"padding-top:0px;padding-bottom:0px\" id=\"wpv-column-30d6feb4ac3feccb18cf362173b8640c\" ><div class=\"row \"><div class=\"wpv-grid grid-1-3  first unextended\" style=\"padding-top:0px;padding-bottom:0px\" id=\"wpv-column-6c467a5b67050dc6b3d88f0ec8e1e16f\" >\t\t<h2 class=\"text-divider-double\">\t\t\t\nCourts\t\t<\/h2>\t\t<div class=\"sep\"><\/div>\t\n<p>Slovenia<\/p>\n<ol>\n<li><a href=\"http:\/\/www.us-rs.si\/\" target=\"_blank\" rel=\"noopener\">Constitutional Court of the RS<\/a><\/li>\n<li><a href=\"http:\/\/www.sodisce.si\/\" target=\"_blank\" rel=\"noopener\">Supreme Court of the RS<\/a><\/li>\n<\/ol>\n<p>European Union<\/p>\n<ol>\n<li><a href=\"http:\/\/www.echr.coe.int\/Pages\/home.aspx?p=home&amp;c=\" target=\"_blank\" rel=\"noopener\">European Court of Human Rights<\/a><\/li>\n<li>Court of Justice of the European Union \u2013 <a href=\"http:\/\/curia.europa.eu\/jcms\/jcms\/Jo2_6999\/\" target=\"_blank\" rel=\"noopener\">CURIA<\/a><\/li>\n<\/ol>\n\t\t<h2 class=\"text-divider-double\">\t\t\t\nRegisters and regulations\t\t<\/h2>\t\t<div class=\"sep\"><\/div>\t\n<ol>\n<li><a href=\"http:\/\/www.ajpes.si\/\" target=\"_blank\" rel=\"noopener\">Ajpes<\/a> &#8211; (Agency of the Republic of Slovenia for Public Legal Records and Related Services)<\/li>\n<li><a href=\"http:\/\/www.pisrs.si\/Pis.web\/\" target=\"_blank\" rel=\"noopener\">Legal information system of the RS<\/a><\/li>\n<li><a href=\"http:\/\/www.uradni-list.si\/\" target=\"_blank\" rel=\"noopener\">Official Gazette of RS<\/a><\/li>\n<li><a href=\"http:\/\/www.pisrs.si\/Pis.web\/pregledPredpisa?id=TARI184\" target=\"_blank\" rel=\"noopener\">Attorney Tariff<\/a><\/li>\n<\/ol><\/div>\n<div class=\"wpv-grid grid-1-3  unextended\" style=\"padding-top:0px;padding-bottom:0px\" id=\"wpv-column-7f8602cdb2942ef22b4a9d2f713e0ee6\" >\t\t<h2 class=\"text-divider-double\">\t\t\t\nInstitutions\t\t<\/h2>\t\t<div class=\"sep\"><\/div>\t\n<p>General institutions<\/p>\n<ol>\n<li><a href=\"http:\/\/www.bsi.si\/\" target=\"_blank\" rel=\"noopener\">Bank of Slovenia<\/a><\/li>\n<li><a href=\"http:\/\/www.dz-rs.si\/\" target=\"_blank\" rel=\"noopener\">National Assembly of the RS<\/a><\/li>\n<\/ol>\n<p>Professional Chambers and Associations<\/p>\n<ol>\n<li><a href=\"http:\/\/www.odv-zb.si\/\" target=\"_blank\" rel=\"noopener\">Bar Association of Slovenia<\/a><\/li>\n<li><a href=\"http:\/\/www.notar-z.si\/\" target=\"_blank\" rel=\"noopener\">Chamber of Notaries of Slovenia<\/a><\/li>\n<li><a href=\"http:\/\/www.izvrsitelji.si\/\" target=\"_blank\" rel=\"noopener\">Chamber of Execution Officers of Slovenia<\/a><\/li>\n<\/ol>\n<p>&nbsp;<\/p>\n<ol start=\"4\">\n<li><a href=\"http:\/\/www.gzs.si\/\" target=\"_blank\" rel=\"noopener\">Chamber of Commerce and Industry of Slovenia<\/a><\/li>\n<li><a href=\"http:\/\/www.soz.si\/\" target=\"_blank\" rel=\"noopener\">Advertising Chamber of Slovenia<\/a><\/li>\n<li><a href=\"http:\/\/www.tzslo.si\/\" target=\"_blank\" rel=\"noopener\">Slovenian Chamber of Commerce<\/a><\/li>\n<\/ol>\n<p>Intelektualna lastnina<\/p>\n<ol>\n<li><a href=\"http:\/\/www.uil-sipo.si\/\" target=\"_blank\" rel=\"noopener\">Slovenian Intellectual Property Office <\/a><\/li>\n<li>Office for Harmonization in the Internal Market of the EU (trademarks and designs), <a href=\"http:\/\/oami.europa.eu\/\" target=\"_blank\" rel=\"noopener\">(OHIM)<\/a><\/li>\n<li>World Intellectual Property Organization (<a href=\"http:\/\/www.wipo.int\/\" target=\"_blank\" rel=\"noopener\">WIPO<\/a>)<\/li>\n<\/ol><\/div>\n<div class=\"wpv-grid grid-1-3  unextended\" style=\"padding-top:0px;padding-bottom:0px\" id=\"wpv-column-1cf94ca68092139990dd5d91ea99141e\" >\t\t<h2 class=\"text-divider-double\">\t\t\t\nE-government\t\t<\/h2>\t\t<div class=\"sep\"><\/div>\t\n<ul>\n<li><a href=\"http:\/\/e-uprava.gov.si\/\" target=\"_blank\" rel=\"noopener\">E-government<\/a><\/li>\n<\/ul><\/div><\/div><\/div><\/div>\n","protected":false},"excerpt":{"rendered":"<p>Slovenia Constitutional Court of the RS Supreme Court of the RS European Union European Court of Human Rights Court of Justice of the European Union \u2013 CURIA Ajpes &#8211; (Agency of the Republic of Slovenia for Public Legal Records and Related Services) Legal information system of the RS Official Gazette of RS Attorney Tariff General&#8230;<\/p>\n","protected":false},"author":1,"featured_media":0,"parent":61,"menu_order":1,"comment_status":"closed","ping_status":"closed","template":"","meta":{"footnotes":""},"class_list":["post-92","page","type-page","status-publish","hentry"],"yoast_head":"<!-- This site is optimized with the Yoast SEO plugin v25.1 - https:\/\/yoast.com\/wordpress\/plugins\/seo\/ -->\r\n<title>Links - Odvetni\u0161ka pisarna Jane\u017ei\u010d &amp; Jarkovi\u010d<\/title>\r\n<meta name=\"robots\" content=\"index, follow, max-snippet:-1, max-image-preview:large, max-video-preview:-1\" \/>\r\n<link rel=\"canonical\" href=\"https:\/\/www.jjlex.si\/domov\/povezave\/\" \/>\r\n<meta property=\"og:locale\" content=\"en_US\" \/>\r\n<meta property=\"og:type\" content=\"article\" \/>\r\n<meta property=\"og:title\" content=\"Links - Odvetni\u0161ka pisarna Jane\u017ei\u010d &amp; Jarkovi\u010d\" \/>\r\n<meta property=\"og:description\" content=\"Slovenia Constitutional Court of the RS Supreme Court of the RS European Union European Court of Human Rights Court of Justice of the European Union \u2013 CURIA Ajpes &#8211; (Agency of the Republic of Slovenia for Public Legal Records and Related Services) Legal information system of the RS Official Gazette of RS Attorney Tariff General...\" \/>\r\n<meta property=\"og:url\" content=\"https:\/\/www.jjlex.si\/domov\/povezave\/\" \/>\r\n<meta property=\"og:site_name\" content=\"Odvetni\u0161ka pisarna Jane\u017ei\u010d &amp; Jarkovi\u010d\" \/>\r\n<meta property=\"article:modified_time\" content=\"2023-02-13T11:38:17+00:00\" \/>\r\n<meta name=\"twitter:card\" content=\"summary_large_image\" \/>\r\n<meta name=\"twitter:label1\" content=\"Est. reading time\" \/>\n\t<meta name=\"twitter:data1\" content=\"2 minutes\" \/>\r\n<script type=\"application\/ld+json\" class=\"yoast-schema-graph\">{\"@context\":\"https:\/\/schema.org\",\"@graph\":[{\"@type\":\"WebPage\",\"@id\":\"https:\/\/www.jjlex.si\/domov\/povezave\/\",\"url\":\"https:\/\/www.jjlex.si\/domov\/povezave\/\",\"name\":\"Links - Odvetni\u0161ka pisarna Jane\u017ei\u010d &amp; Jarkovi\u010d\",\"isPartOf\":{\"@id\":\"https:\/\/www.jjlex.si\/#website\"},\"datePublished\":\"2015-07-08T06:59:02+00:00\",\"dateModified\":\"2023-02-13T11:38:17+00:00\",\"breadcrumb\":{\"@id\":\"https:\/\/www.jjlex.si\/domov\/povezave\/#breadcrumb\"},\"inLanguage\":\"en-US\",\"potentialAction\":[{\"@type\":\"ReadAction\",\"target\":[\"https:\/\/www.jjlex.si\/domov\/povezave\/\"]}]},{\"@type\":\"BreadcrumbList\",\"@id\":\"https:\/\/www.jjlex.si\/domov\/povezave\/#breadcrumb\",\"itemListElement\":[{\"@type\":\"ListItem\",\"position\":1,\"name\":\"Home\",\"item\":\"https:\/\/www.jjlex.si\/\"},{\"@type\":\"ListItem\",\"position\":2,\"name\":\"Links\"}]},{\"@type\":\"WebSite\",\"@id\":\"https:\/\/www.jjlex.si\/#website\",\"url\":\"https:\/\/www.jjlex.si\/\",\"name\":\"Odvetni\u0161ka pisarna Jane\u017ei\u010d &amp; Jarkovi\u010d\",\"description\":\"Just another WordPress site\",\"potentialAction\":[{\"@type\":\"SearchAction\",\"target\":{\"@type\":\"EntryPoint\",\"urlTemplate\":\"https:\/\/www.jjlex.si\/?s={search_term_string}\"},\"query-input\":{\"@type\":\"PropertyValueSpecification\",\"valueRequired\":true,\"valueName\":\"search_term_string\"}}],\"inLanguage\":\"en-US\"}]}<\/script>\r\n<!-- \/ Yoast SEO plugin. -->","yoast_head_json":{"title":"Links - Odvetni\u0161ka pisarna Jane\u017ei\u010d &amp; Jarkovi\u010d","robots":{"index":"index","follow":"follow","max-snippet":"max-snippet:-1","max-image-preview":"max-image-preview:large","max-video-preview":"max-video-preview:-1"},"canonical":"https:\/\/www.jjlex.si\/domov\/povezave\/","og_locale":"en_US","og_type":"article","og_title":"Links - Odvetni\u0161ka pisarna Jane\u017ei\u010d &amp; Jarkovi\u010d","og_description":"Slovenia Constitutional Court of the RS Supreme Court of the RS European Union European Court of Human Rights Court of Justice of the European Union \u2013 CURIA Ajpes &#8211; (Agency of the Republic of Slovenia for Public Legal Records and Related Services) Legal information system of the RS Official Gazette of RS Attorney Tariff General...","og_url":"https:\/\/www.jjlex.si\/domov\/povezave\/","og_site_name":"Odvetni\u0161ka pisarna Jane\u017ei\u010d &amp; Jarkovi\u010d","article_modified_time":"2023-02-13T11:38:17+00:00","twitter_card":"summary_large_image","twitter_misc":{"Est. reading time":"2 minutes"},"schema":{"@context":"https:\/\/schema.org","@graph":[{"@type":"WebPage","@id":"https:\/\/www.jjlex.si\/domov\/povezave\/","url":"https:\/\/www.jjlex.si\/domov\/povezave\/","name":"Links - Odvetni\u0161ka pisarna Jane\u017ei\u010d &amp; Jarkovi\u010d","isPartOf":{"@id":"https:\/\/www.jjlex.si\/#website"},"datePublished":"2015-07-08T06:59:02+00:00","dateModified":"2023-02-13T11:38:17+00:00","breadcrumb":{"@id":"https:\/\/www.jjlex.si\/domov\/povezave\/#breadcrumb"},"inLanguage":"en-US","potentialAction":[{"@type":"ReadAction","target":["https:\/\/www.jjlex.si\/domov\/povezave\/"]}]},{"@type":"BreadcrumbList","@id":"https:\/\/www.jjlex.si\/domov\/povezave\/#breadcrumb","itemListElement":[{"@type":"ListItem","position":1,"name":"Home","item":"https:\/\/www.jjlex.si\/"},{"@type":"ListItem","position":2,"name":"Links"}]},{"@type":"WebSite","@id":"https:\/\/www.jjlex.si\/#website","url":"https:\/\/www.jjlex.si\/","name":"Odvetni\u0161ka pisarna Jane\u017ei\u010d &amp; Jarkovi\u010d","description":"Just another WordPress site","potentialAction":[{"@type":"SearchAction","target":{"@type":"EntryPoint","urlTemplate":"https:\/\/www.jjlex.si\/?s={search_term_string}"},"query-input":{"@type":"PropertyValueSpecification","valueRequired":true,"valueName":"search_term_string"}}],"inLanguage":"en-US"}]}},"_links":{"self":[{"href":"https:\/\/www.jjlex.si\/en\/wp-json\/wp\/v2\/pages\/92","targetHints":{"allow":["GET"]}}],"collection":[{"href":"https:\/\/www.jjlex.si\/en\/wp-json\/wp\/v2\/pages"}],"about":[{"href":"https:\/\/www.jjlex.si\/en\/wp-json\/wp\/v2\/types\/page"}],"author":[{"embeddable":true,"href":"https:\/\/www.jjlex.si\/en\/wp-json\/wp\/v2\/users\/1"}],"replies":[{"embeddable":true,"href":"https:\/\/www.jjlex.si\/en\/wp-json\/wp\/v2\/comments?post=92"}],"version-history":[{"count":10,"href":"https:\/\/www.jjlex.si\/en\/wp-json\/wp\/v2\/pages\/92\/revisions"}],"predecessor-version":[{"id":784,"href":"https:\/\/www.jjlex.si\/en\/wp-json\/wp\/v2\/pages\/92\/revisions\/784"}],"up":[{"embeddable":true,"href":"https:\/\/www.jjlex.si\/en\/wp-json\/wp\/v2\/pages\/61"}],"wp:attachment":[{"href":"https:\/\/www.jjlex.si\/en\/wp-json\/wp\/v2\/media?parent=92"}],"curies":[{"name":"wp","href":"https:\/\/api.w.org\/{rel}","templated":true}]}}