{"id":399,"date":"2015-09-30T08:14:18","date_gmt":"2015-09-30T08:14:18","guid":{"rendered":"https:\/\/www.jjlex.si\/?page_id=399&#038;lang=en"},"modified":"2018-08-08T08:59:53","modified_gmt":"2018-08-08T08:59:53","slug":"real-property-law","status":"publish","type":"page","link":"https:\/\/www.jjlex.si\/en\/areas-of-practice\/real-property-law\/","title":{"rendered":"Real property law"},"content":{"rendered":"<div class=\"row \"><div class=\"wpv-grid grid-1-1  wpv-first-level first unextended\" style=\"padding-top:0px;padding-bottom:0px\" id=\"wpv-column-af8435880f7003cb26e75aecce41359c\" ><p>Advising and drawing up agreements on: the transfer of title to real estate (sales agreements, deeds of gift, exchange agreements); agreements concerning other rights in rem (servitude, building title, lien); leases; and other agreements. Ensuring legal support in acquiring building permits and operating licences, as well as in procedures of acquisition of a variety of other approvals. Representing clients in land registry cases before courts.<\/p>\n<div class=\"push\" style='margin-bottom:-20px'><\/div>\n<div class=\"sep-2\"><\/div>\n<div class=\"push\" style='height:5px'><\/div><\/div><\/div>\n","protected":false},"excerpt":{"rendered":"<p>Advising and drawing up agreements on: the transfer of title to real estate (sales agreements, deeds of gift, exchange agreements); agreements concerning other rights in rem (servitude, building title, lien); leases; and other agreements. Ensuring legal support in acquiring building permits and operating licences, as well as in procedures of acquisition of a variety of&#8230;<\/p>\n","protected":false},"author":1,"featured_media":0,"parent":184,"menu_order":6,"comment_status":"closed","ping_status":"closed","template":"","meta":{"footnotes":""},"class_list":["post-399","page","type-page","status-publish","hentry"],"yoast_head":"<!-- This site is optimized with the Yoast SEO plugin v25.1 - https:\/\/yoast.com\/wordpress\/plugins\/seo\/ -->\r\n<title>Real property law - Odvetni\u0161ka pisarna Jane\u017ei\u010d &amp; Jarkovi\u010d<\/title>\r\n<meta name=\"robots\" content=\"index, follow, max-snippet:-1, max-image-preview:large, max-video-preview:-1\" \/>\r\n<link rel=\"canonical\" href=\"https:\/\/www.jjlex.si\/en\/areas-of-practice\/real-property-law\/\" \/>\r\n<meta property=\"og:locale\" content=\"en_US\" \/>\r\n<meta property=\"og:type\" content=\"article\" \/>\r\n<meta property=\"og:title\" content=\"Real property law - Odvetni\u0161ka pisarna Jane\u017ei\u010d &amp; Jarkovi\u010d\" \/>\r\n<meta property=\"og:description\" content=\"Advising and drawing up agreements on: the transfer of title to real estate (sales agreements, deeds of gift, exchange agreements); agreements concerning other rights in rem (servitude, building title, lien); leases; and other agreements. Ensuring legal support in acquiring building permits and operating licences, as well as in procedures of acquisition of a variety of...\" \/>\r\n<meta property=\"og:url\" content=\"https:\/\/www.jjlex.si\/en\/areas-of-practice\/real-property-law\/\" \/>\r\n<meta property=\"og:site_name\" content=\"Odvetni\u0161ka pisarna Jane\u017ei\u010d &amp; Jarkovi\u010d\" \/>\r\n<meta property=\"article:modified_time\" content=\"2018-08-08T08:59:53+00:00\" \/>\r\n<meta name=\"twitter:card\" content=\"summary_large_image\" \/>\r\n<meta name=\"twitter:label1\" content=\"Est. reading time\" \/>\n\t<meta name=\"twitter:data1\" content=\"1 minute\" \/>\r\n<script type=\"application\/ld+json\" class=\"yoast-schema-graph\">{\"@context\":\"https:\/\/schema.org\",\"@graph\":[{\"@type\":\"WebPage\",\"@id\":\"https:\/\/www.jjlex.si\/en\/areas-of-practice\/real-property-law\/\",\"url\":\"https:\/\/www.jjlex.si\/en\/areas-of-practice\/real-property-law\/\",\"name\":\"Real property law - Odvetni\u0161ka pisarna Jane\u017ei\u010d &amp; Jarkovi\u010d\",\"isPartOf\":{\"@id\":\"https:\/\/www.jjlex.si\/#website\"},\"datePublished\":\"2015-09-30T08:14:18+00:00\",\"dateModified\":\"2018-08-08T08:59:53+00:00\",\"breadcrumb\":{\"@id\":\"https:\/\/www.jjlex.si\/en\/areas-of-practice\/real-property-law\/#breadcrumb\"},\"inLanguage\":\"en-US\",\"potentialAction\":[{\"@type\":\"ReadAction\",\"target\":[\"https:\/\/www.jjlex.si\/en\/areas-of-practice\/real-property-law\/\"]}]},{\"@type\":\"BreadcrumbList\",\"@id\":\"https:\/\/www.jjlex.si\/en\/areas-of-practice\/real-property-law\/#breadcrumb\",\"itemListElement\":[{\"@type\":\"ListItem\",\"position\":1,\"name\":\"Areas of practice\",\"item\":\"https:\/\/www.jjlex.si\/en\/areas-of-practice\/\"},{\"@type\":\"ListItem\",\"position\":2,\"name\":\"Real property law\"}]},{\"@type\":\"WebSite\",\"@id\":\"https:\/\/www.jjlex.si\/#website\",\"url\":\"https:\/\/www.jjlex.si\/\",\"name\":\"Odvetni\u0161ka pisarna Jane\u017ei\u010d &amp; Jarkovi\u010d\",\"description\":\"Just another WordPress site\",\"potentialAction\":[{\"@type\":\"SearchAction\",\"target\":{\"@type\":\"EntryPoint\",\"urlTemplate\":\"https:\/\/www.jjlex.si\/?s={search_term_string}\"},\"query-input\":{\"@type\":\"PropertyValueSpecification\",\"valueRequired\":true,\"valueName\":\"search_term_string\"}}],\"inLanguage\":\"en-US\"}]}<\/script>\r\n<!-- \/ Yoast SEO plugin. -->","yoast_head_json":{"title":"Real property law - Odvetni\u0161ka pisarna Jane\u017ei\u010d &amp; Jarkovi\u010d","robots":{"index":"index","follow":"follow","max-snippet":"max-snippet:-1","max-image-preview":"max-image-preview:large","max-video-preview":"max-video-preview:-1"},"canonical":"https:\/\/www.jjlex.si\/en\/areas-of-practice\/real-property-law\/","og_locale":"en_US","og_type":"article","og_title":"Real property law - Odvetni\u0161ka pisarna Jane\u017ei\u010d &amp; Jarkovi\u010d","og_description":"Advising and drawing up agreements on: the transfer of title to real estate (sales agreements, deeds of gift, exchange agreements); agreements concerning other rights in rem (servitude, building title, lien); leases; and other agreements. Ensuring legal support in acquiring building permits and operating licences, as well as in procedures of acquisition of a variety of...","og_url":"https:\/\/www.jjlex.si\/en\/areas-of-practice\/real-property-law\/","og_site_name":"Odvetni\u0161ka pisarna Jane\u017ei\u010d &amp; Jarkovi\u010d","article_modified_time":"2018-08-08T08:59:53+00:00","twitter_card":"summary_large_image","twitter_misc":{"Est. reading time":"1 minute"},"schema":{"@context":"https:\/\/schema.org","@graph":[{"@type":"WebPage","@id":"https:\/\/www.jjlex.si\/en\/areas-of-practice\/real-property-law\/","url":"https:\/\/www.jjlex.si\/en\/areas-of-practice\/real-property-law\/","name":"Real property law - Odvetni\u0161ka pisarna Jane\u017ei\u010d &amp; Jarkovi\u010d","isPartOf":{"@id":"https:\/\/www.jjlex.si\/#website"},"datePublished":"2015-09-30T08:14:18+00:00","dateModified":"2018-08-08T08:59:53+00:00","breadcrumb":{"@id":"https:\/\/www.jjlex.si\/en\/areas-of-practice\/real-property-law\/#breadcrumb"},"inLanguage":"en-US","potentialAction":[{"@type":"ReadAction","target":["https:\/\/www.jjlex.si\/en\/areas-of-practice\/real-property-law\/"]}]},{"@type":"BreadcrumbList","@id":"https:\/\/www.jjlex.si\/en\/areas-of-practice\/real-property-law\/#breadcrumb","itemListElement":[{"@type":"ListItem","position":1,"name":"Areas of practice","item":"https:\/\/www.jjlex.si\/en\/areas-of-practice\/"},{"@type":"ListItem","position":2,"name":"Real property law"}]},{"@type":"WebSite","@id":"https:\/\/www.jjlex.si\/#website","url":"https:\/\/www.jjlex.si\/","name":"Odvetni\u0161ka pisarna Jane\u017ei\u010d &amp; Jarkovi\u010d","description":"Just another WordPress site","potentialAction":[{"@type":"SearchAction","target":{"@type":"EntryPoint","urlTemplate":"https:\/\/www.jjlex.si\/?s={search_term_string}"},"query-input":{"@type":"PropertyValueSpecification","valueRequired":true,"valueName":"search_term_string"}}],"inLanguage":"en-US"}]}},"_links":{"self":[{"href":"https:\/\/www.jjlex.si\/en\/wp-json\/wp\/v2\/pages\/399","targetHints":{"allow":["GET"]}}],"collection":[{"href":"https:\/\/www.jjlex.si\/en\/wp-json\/wp\/v2\/pages"}],"about":[{"href":"https:\/\/www.jjlex.si\/en\/wp-json\/wp\/v2\/types\/page"}],"author":[{"embeddable":true,"href":"https:\/\/www.jjlex.si\/en\/wp-json\/wp\/v2\/users\/1"}],"replies":[{"embeddable":true,"href":"https:\/\/www.jjlex.si\/en\/wp-json\/wp\/v2\/comments?post=399"}],"version-history":[{"count":3,"href":"https:\/\/www.jjlex.si\/en\/wp-json\/wp\/v2\/pages\/399\/revisions"}],"predecessor-version":[{"id":646,"href":"https:\/\/www.jjlex.si\/en\/wp-json\/wp\/v2\/pages\/399\/revisions\/646"}],"up":[{"embeddable":true,"href":"https:\/\/www.jjlex.si\/en\/wp-json\/wp\/v2\/pages\/184"}],"wp:attachment":[{"href":"https:\/\/www.jjlex.si\/en\/wp-json\/wp\/v2\/media?parent=399"}],"curies":[{"name":"wp","href":"https:\/\/api.w.org\/{rel}","templated":true}]}}