{"id":388,"date":"2015-09-30T07:56:05","date_gmt":"2015-09-30T07:56:05","guid":{"rendered":"https:\/\/www.jjlex.si\/?page_id=388&#038;lang=en"},"modified":"2018-08-08T08:54:04","modified_gmt":"2018-08-08T08:54:04","slug":"arbitration-law","status":"publish","type":"page","link":"https:\/\/www.jjlex.si\/en\/areas-of-practice\/arbitration-law\/","title":{"rendered":"Arbitration law"},"content":{"rendered":"<div class=\"row \"><div class=\"wpv-grid grid-1-1  wpv-first-level first unextended\" style=\"padding-top:0px;padding-bottom:0px\" id=\"wpv-column-c72ed94cab6a9c1ae7036d510bd5ff1e\" ><p>Providing advisory services to clients, representing them both in arbitration proceedings before the Permanent Arbitration Court, and in ad hoc arbitration proceedings with the seat in the Republic of Slovenia and abroad.<\/p>\n<div class=\"push\" style='margin-bottom:-20px'><\/div>\n<div class=\"sep-2\"><\/div>\n<div class=\"push\" style='height:5px'><\/div><\/div><\/div>\n","protected":false},"excerpt":{"rendered":"<p>Providing advisory services to clients, representing them both in arbitration proceedings before the Permanent Arbitration Court, and in ad hoc arbitration proceedings with the seat in the Republic of Slovenia and abroad.<\/p>\n","protected":false},"author":1,"featured_media":0,"parent":184,"menu_order":1,"comment_status":"closed","ping_status":"closed","template":"","meta":{"footnotes":""},"class_list":["post-388","page","type-page","status-publish","hentry"],"yoast_head":"<!-- This site is optimized with the Yoast SEO plugin v25.1 - https:\/\/yoast.com\/wordpress\/plugins\/seo\/ -->\r\n<title>Arbitration law - Odvetni\u0161ka pisarna Jane\u017ei\u010d &amp; Jarkovi\u010d<\/title>\r\n<meta name=\"robots\" content=\"index, follow, max-snippet:-1, max-image-preview:large, max-video-preview:-1\" \/>\r\n<link rel=\"canonical\" href=\"https:\/\/www.jjlex.si\/en\/areas-of-practice\/arbitration-law\/\" \/>\r\n<meta property=\"og:locale\" content=\"en_US\" \/>\r\n<meta property=\"og:type\" content=\"article\" \/>\r\n<meta property=\"og:title\" content=\"Arbitration law - Odvetni\u0161ka pisarna Jane\u017ei\u010d &amp; Jarkovi\u010d\" \/>\r\n<meta property=\"og:description\" content=\"Providing advisory services to clients, representing them both in arbitration proceedings before the Permanent Arbitration Court, and in ad hoc arbitration proceedings with the seat in the Republic of Slovenia and abroad.\" \/>\r\n<meta property=\"og:url\" content=\"https:\/\/www.jjlex.si\/en\/areas-of-practice\/arbitration-law\/\" \/>\r\n<meta property=\"og:site_name\" content=\"Odvetni\u0161ka pisarna Jane\u017ei\u010d &amp; Jarkovi\u010d\" \/>\r\n<meta property=\"article:modified_time\" content=\"2018-08-08T08:54:04+00:00\" \/>\r\n<meta name=\"twitter:card\" content=\"summary_large_image\" \/>\r\n<script type=\"application\/ld+json\" class=\"yoast-schema-graph\">{\"@context\":\"https:\/\/schema.org\",\"@graph\":[{\"@type\":\"WebPage\",\"@id\":\"https:\/\/www.jjlex.si\/en\/areas-of-practice\/arbitration-law\/\",\"url\":\"https:\/\/www.jjlex.si\/en\/areas-of-practice\/arbitration-law\/\",\"name\":\"Arbitration law - Odvetni\u0161ka pisarna Jane\u017ei\u010d &amp; Jarkovi\u010d\",\"isPartOf\":{\"@id\":\"https:\/\/www.jjlex.si\/#website\"},\"datePublished\":\"2015-09-30T07:56:05+00:00\",\"dateModified\":\"2018-08-08T08:54:04+00:00\",\"breadcrumb\":{\"@id\":\"https:\/\/www.jjlex.si\/en\/areas-of-practice\/arbitration-law\/#breadcrumb\"},\"inLanguage\":\"en-US\",\"potentialAction\":[{\"@type\":\"ReadAction\",\"target\":[\"https:\/\/www.jjlex.si\/en\/areas-of-practice\/arbitration-law\/\"]}]},{\"@type\":\"BreadcrumbList\",\"@id\":\"https:\/\/www.jjlex.si\/en\/areas-of-practice\/arbitration-law\/#breadcrumb\",\"itemListElement\":[{\"@type\":\"ListItem\",\"position\":1,\"name\":\"Areas of practice\",\"item\":\"https:\/\/www.jjlex.si\/en\/areas-of-practice\/\"},{\"@type\":\"ListItem\",\"position\":2,\"name\":\"Arbitration law\"}]},{\"@type\":\"WebSite\",\"@id\":\"https:\/\/www.jjlex.si\/#website\",\"url\":\"https:\/\/www.jjlex.si\/\",\"name\":\"Odvetni\u0161ka pisarna Jane\u017ei\u010d &amp; Jarkovi\u010d\",\"description\":\"Just another WordPress site\",\"potentialAction\":[{\"@type\":\"SearchAction\",\"target\":{\"@type\":\"EntryPoint\",\"urlTemplate\":\"https:\/\/www.jjlex.si\/?s={search_term_string}\"},\"query-input\":{\"@type\":\"PropertyValueSpecification\",\"valueRequired\":true,\"valueName\":\"search_term_string\"}}],\"inLanguage\":\"en-US\"}]}<\/script>\r\n<!-- \/ Yoast SEO plugin. -->","yoast_head_json":{"title":"Arbitration law - Odvetni\u0161ka pisarna Jane\u017ei\u010d &amp; Jarkovi\u010d","robots":{"index":"index","follow":"follow","max-snippet":"max-snippet:-1","max-image-preview":"max-image-preview:large","max-video-preview":"max-video-preview:-1"},"canonical":"https:\/\/www.jjlex.si\/en\/areas-of-practice\/arbitration-law\/","og_locale":"en_US","og_type":"article","og_title":"Arbitration law - Odvetni\u0161ka pisarna Jane\u017ei\u010d &amp; Jarkovi\u010d","og_description":"Providing advisory services to clients, representing them both in arbitration proceedings before the Permanent Arbitration Court, and in ad hoc arbitration proceedings with the seat in the Republic of Slovenia and abroad.","og_url":"https:\/\/www.jjlex.si\/en\/areas-of-practice\/arbitration-law\/","og_site_name":"Odvetni\u0161ka pisarna Jane\u017ei\u010d &amp; Jarkovi\u010d","article_modified_time":"2018-08-08T08:54:04+00:00","twitter_card":"summary_large_image","schema":{"@context":"https:\/\/schema.org","@graph":[{"@type":"WebPage","@id":"https:\/\/www.jjlex.si\/en\/areas-of-practice\/arbitration-law\/","url":"https:\/\/www.jjlex.si\/en\/areas-of-practice\/arbitration-law\/","name":"Arbitration law - Odvetni\u0161ka pisarna Jane\u017ei\u010d &amp; Jarkovi\u010d","isPartOf":{"@id":"https:\/\/www.jjlex.si\/#website"},"datePublished":"2015-09-30T07:56:05+00:00","dateModified":"2018-08-08T08:54:04+00:00","breadcrumb":{"@id":"https:\/\/www.jjlex.si\/en\/areas-of-practice\/arbitration-law\/#breadcrumb"},"inLanguage":"en-US","potentialAction":[{"@type":"ReadAction","target":["https:\/\/www.jjlex.si\/en\/areas-of-practice\/arbitration-law\/"]}]},{"@type":"BreadcrumbList","@id":"https:\/\/www.jjlex.si\/en\/areas-of-practice\/arbitration-law\/#breadcrumb","itemListElement":[{"@type":"ListItem","position":1,"name":"Areas of practice","item":"https:\/\/www.jjlex.si\/en\/areas-of-practice\/"},{"@type":"ListItem","position":2,"name":"Arbitration law"}]},{"@type":"WebSite","@id":"https:\/\/www.jjlex.si\/#website","url":"https:\/\/www.jjlex.si\/","name":"Odvetni\u0161ka pisarna Jane\u017ei\u010d &amp; Jarkovi\u010d","description":"Just another WordPress site","potentialAction":[{"@type":"SearchAction","target":{"@type":"EntryPoint","urlTemplate":"https:\/\/www.jjlex.si\/?s={search_term_string}"},"query-input":{"@type":"PropertyValueSpecification","valueRequired":true,"valueName":"search_term_string"}}],"inLanguage":"en-US"}]}},"_links":{"self":[{"href":"https:\/\/www.jjlex.si\/en\/wp-json\/wp\/v2\/pages\/388","targetHints":{"allow":["GET"]}}],"collection":[{"href":"https:\/\/www.jjlex.si\/en\/wp-json\/wp\/v2\/pages"}],"about":[{"href":"https:\/\/www.jjlex.si\/en\/wp-json\/wp\/v2\/types\/page"}],"author":[{"embeddable":true,"href":"https:\/\/www.jjlex.si\/en\/wp-json\/wp\/v2\/users\/1"}],"replies":[{"embeddable":true,"href":"https:\/\/www.jjlex.si\/en\/wp-json\/wp\/v2\/comments?post=388"}],"version-history":[{"count":3,"href":"https:\/\/www.jjlex.si\/en\/wp-json\/wp\/v2\/pages\/388\/revisions"}],"predecessor-version":[{"id":636,"href":"https:\/\/www.jjlex.si\/en\/wp-json\/wp\/v2\/pages\/388\/revisions\/636"}],"up":[{"embeddable":true,"href":"https:\/\/www.jjlex.si\/en\/wp-json\/wp\/v2\/pages\/184"}],"wp:attachment":[{"href":"https:\/\/www.jjlex.si\/en\/wp-json\/wp\/v2\/media?parent=388"}],"curies":[{"name":"wp","href":"https:\/\/api.w.org\/{rel}","templated":true}]}}