{"id":256,"date":"2015-07-27T09:31:23","date_gmt":"2015-07-27T09:31:23","guid":{"rendered":"https:\/\/www.jjlex.si\/en\/?page_id=256"},"modified":"2018-08-08T08:50:50","modified_gmt":"2018-08-08T08:50:50","slug":"terms-of-use","status":"publish","type":"page","link":"https:\/\/www.jjlex.si\/en\/home\/terms-of-use\/","title":{"rendered":"Terms of use"},"content":{"rendered":"<div class=\"row \"><div class=\"wpv-grid grid-1-1  wpv-first-level first unextended\" style=\"padding-top:0px;padding-bottom:0px\" id=\"wpv-column-894d1d371ac14f3e7229a04569178a53\" ><p>All websites, available on the web address www.jjlex.si, are in accordance with the law, intended exclusively for the purpose of informing the public on performance of legal services.<\/p>\n<p>Part of our website consists of links to websites of third parties. We are not responsible for the content of those websites.<\/div><\/div>\n","protected":false},"excerpt":{"rendered":"<p>All websites, available on the web address www.jjlex.si, are in accordance with the law, intended exclusively for the purpose of informing the public on performance of legal services. Part of our website consists of links to websites of third parties. We are not responsible for the content of those websites.<\/p>\n","protected":false},"author":1,"featured_media":0,"parent":61,"menu_order":3,"comment_status":"closed","ping_status":"closed","template":"","meta":{"footnotes":""},"class_list":["post-256","page","type-page","status-publish","hentry"],"yoast_head":"<!-- This site is optimized with the Yoast SEO plugin v25.1 - https:\/\/yoast.com\/wordpress\/plugins\/seo\/ -->\r\n<title>Terms of use - Odvetni\u0161ka pisarna Jane\u017ei\u010d &amp; Jarkovi\u010d<\/title>\r\n<meta name=\"robots\" content=\"index, follow, max-snippet:-1, max-image-preview:large, max-video-preview:-1\" \/>\r\n<link rel=\"canonical\" href=\"https:\/\/www.jjlex.si\/domov\/splosni-pogoji\/\" \/>\r\n<meta property=\"og:locale\" content=\"en_US\" \/>\r\n<meta property=\"og:type\" content=\"article\" \/>\r\n<meta property=\"og:title\" content=\"Terms of use - Odvetni\u0161ka pisarna Jane\u017ei\u010d &amp; Jarkovi\u010d\" \/>\r\n<meta property=\"og:description\" content=\"All websites, available on the web address www.jjlex.si, are in accordance with the law, intended exclusively for the purpose of informing the public on performance of legal services. Part of our website consists of links to websites of third parties. We are not responsible for the content of those websites.\" \/>\r\n<meta property=\"og:url\" content=\"https:\/\/www.jjlex.si\/domov\/splosni-pogoji\/\" \/>\r\n<meta property=\"og:site_name\" content=\"Odvetni\u0161ka pisarna Jane\u017ei\u010d &amp; Jarkovi\u010d\" \/>\r\n<meta property=\"article:modified_time\" content=\"2018-08-08T08:50:50+00:00\" \/>\r\n<meta name=\"twitter:card\" content=\"summary_large_image\" \/>\r\n<meta name=\"twitter:label1\" content=\"Est. reading time\" \/>\n\t<meta name=\"twitter:data1\" content=\"1 minute\" \/>\r\n<script type=\"application\/ld+json\" class=\"yoast-schema-graph\">{\"@context\":\"https:\/\/schema.org\",\"@graph\":[{\"@type\":\"WebPage\",\"@id\":\"https:\/\/www.jjlex.si\/domov\/splosni-pogoji\/\",\"url\":\"https:\/\/www.jjlex.si\/domov\/splosni-pogoji\/\",\"name\":\"Terms of use - Odvetni\u0161ka pisarna Jane\u017ei\u010d &amp; Jarkovi\u010d\",\"isPartOf\":{\"@id\":\"https:\/\/www.jjlex.si\/#website\"},\"datePublished\":\"2015-07-27T09:31:23+00:00\",\"dateModified\":\"2018-08-08T08:50:50+00:00\",\"breadcrumb\":{\"@id\":\"https:\/\/www.jjlex.si\/domov\/splosni-pogoji\/#breadcrumb\"},\"inLanguage\":\"en-US\",\"potentialAction\":[{\"@type\":\"ReadAction\",\"target\":[\"https:\/\/www.jjlex.si\/domov\/splosni-pogoji\/\"]}]},{\"@type\":\"BreadcrumbList\",\"@id\":\"https:\/\/www.jjlex.si\/domov\/splosni-pogoji\/#breadcrumb\",\"itemListElement\":[{\"@type\":\"ListItem\",\"position\":1,\"name\":\"Home\",\"item\":\"https:\/\/www.jjlex.si\/\"},{\"@type\":\"ListItem\",\"position\":2,\"name\":\"Terms of use\"}]},{\"@type\":\"WebSite\",\"@id\":\"https:\/\/www.jjlex.si\/#website\",\"url\":\"https:\/\/www.jjlex.si\/\",\"name\":\"Odvetni\u0161ka pisarna Jane\u017ei\u010d &amp; Jarkovi\u010d\",\"description\":\"Just another WordPress site\",\"potentialAction\":[{\"@type\":\"SearchAction\",\"target\":{\"@type\":\"EntryPoint\",\"urlTemplate\":\"https:\/\/www.jjlex.si\/?s={search_term_string}\"},\"query-input\":{\"@type\":\"PropertyValueSpecification\",\"valueRequired\":true,\"valueName\":\"search_term_string\"}}],\"inLanguage\":\"en-US\"}]}<\/script>\r\n<!-- \/ Yoast SEO plugin. -->","yoast_head_json":{"title":"Terms of use - Odvetni\u0161ka pisarna Jane\u017ei\u010d &amp; Jarkovi\u010d","robots":{"index":"index","follow":"follow","max-snippet":"max-snippet:-1","max-image-preview":"max-image-preview:large","max-video-preview":"max-video-preview:-1"},"canonical":"https:\/\/www.jjlex.si\/domov\/splosni-pogoji\/","og_locale":"en_US","og_type":"article","og_title":"Terms of use - Odvetni\u0161ka pisarna Jane\u017ei\u010d &amp; Jarkovi\u010d","og_description":"All websites, available on the web address www.jjlex.si, are in accordance with the law, intended exclusively for the purpose of informing the public on performance of legal services. Part of our website consists of links to websites of third parties. We are not responsible for the content of those websites.","og_url":"https:\/\/www.jjlex.si\/domov\/splosni-pogoji\/","og_site_name":"Odvetni\u0161ka pisarna Jane\u017ei\u010d &amp; Jarkovi\u010d","article_modified_time":"2018-08-08T08:50:50+00:00","twitter_card":"summary_large_image","twitter_misc":{"Est. reading time":"1 minute"},"schema":{"@context":"https:\/\/schema.org","@graph":[{"@type":"WebPage","@id":"https:\/\/www.jjlex.si\/domov\/splosni-pogoji\/","url":"https:\/\/www.jjlex.si\/domov\/splosni-pogoji\/","name":"Terms of use - Odvetni\u0161ka pisarna Jane\u017ei\u010d &amp; Jarkovi\u010d","isPartOf":{"@id":"https:\/\/www.jjlex.si\/#website"},"datePublished":"2015-07-27T09:31:23+00:00","dateModified":"2018-08-08T08:50:50+00:00","breadcrumb":{"@id":"https:\/\/www.jjlex.si\/domov\/splosni-pogoji\/#breadcrumb"},"inLanguage":"en-US","potentialAction":[{"@type":"ReadAction","target":["https:\/\/www.jjlex.si\/domov\/splosni-pogoji\/"]}]},{"@type":"BreadcrumbList","@id":"https:\/\/www.jjlex.si\/domov\/splosni-pogoji\/#breadcrumb","itemListElement":[{"@type":"ListItem","position":1,"name":"Home","item":"https:\/\/www.jjlex.si\/"},{"@type":"ListItem","position":2,"name":"Terms of use"}]},{"@type":"WebSite","@id":"https:\/\/www.jjlex.si\/#website","url":"https:\/\/www.jjlex.si\/","name":"Odvetni\u0161ka pisarna Jane\u017ei\u010d &amp; Jarkovi\u010d","description":"Just another WordPress site","potentialAction":[{"@type":"SearchAction","target":{"@type":"EntryPoint","urlTemplate":"https:\/\/www.jjlex.si\/?s={search_term_string}"},"query-input":{"@type":"PropertyValueSpecification","valueRequired":true,"valueName":"search_term_string"}}],"inLanguage":"en-US"}]}},"_links":{"self":[{"href":"https:\/\/www.jjlex.si\/en\/wp-json\/wp\/v2\/pages\/256","targetHints":{"allow":["GET"]}}],"collection":[{"href":"https:\/\/www.jjlex.si\/en\/wp-json\/wp\/v2\/pages"}],"about":[{"href":"https:\/\/www.jjlex.si\/en\/wp-json\/wp\/v2\/types\/page"}],"author":[{"embeddable":true,"href":"https:\/\/www.jjlex.si\/en\/wp-json\/wp\/v2\/users\/1"}],"replies":[{"embeddable":true,"href":"https:\/\/www.jjlex.si\/en\/wp-json\/wp\/v2\/comments?post=256"}],"version-history":[{"count":2,"href":"https:\/\/www.jjlex.si\/en\/wp-json\/wp\/v2\/pages\/256\/revisions"}],"predecessor-version":[{"id":259,"href":"https:\/\/www.jjlex.si\/en\/wp-json\/wp\/v2\/pages\/256\/revisions\/259"}],"up":[{"embeddable":true,"href":"https:\/\/www.jjlex.si\/en\/wp-json\/wp\/v2\/pages\/61"}],"wp:attachment":[{"href":"https:\/\/www.jjlex.si\/en\/wp-json\/wp\/v2\/media?parent=256"}],"curies":[{"name":"wp","href":"https:\/\/api.w.org\/{rel}","templated":true}]}}