{"id":212,"date":"2015-07-08T13:46:53","date_gmt":"2015-07-08T13:46:53","guid":{"rendered":"https:\/\/www.jjlex.si\/en\/?page_id=212"},"modified":"2019-02-12T12:28:44","modified_gmt":"2019-02-12T12:28:44","slug":"andrej-debevec","status":"publish","type":"page","link":"https:\/\/www.jjlex.si\/en\/legal-counsellors\/andrej-debevec\/","title":{"rendered":"Andrej Debevec"},"content":{"rendered":"<div class=\"row \"><div class=\"wpv-grid grid-1-2  wpv-first-level first unextended\" style=\"padding-top:0px;padding-bottom:0px\" id=\"wpv-column-4f067d7af7776fede77fc8235ef4f184\" ><p><img loading=\"lazy\" decoding=\"async\" class=\"alignnone size-full wp-image-271\" src=\"\/wp-content\/uploads\/sites\/10\/2015\/08\/adebevec.jpg\" alt=\"adebevec\" width=\"500\" height=\"500\" srcset=\"https:\/\/www.jjlex.si\/wp-content\/uploads\/sites\/10\/2015\/08\/adebevec.jpg 500w, https:\/\/www.jjlex.si\/wp-content\/uploads\/sites\/10\/2015\/08\/adebevec-150x150.jpg 150w, https:\/\/www.jjlex.si\/wp-content\/uploads\/sites\/10\/2015\/08\/adebevec-300x300.jpg 300w, https:\/\/www.jjlex.si\/wp-content\/uploads\/sites\/10\/2015\/08\/adebevec-60x60.jpg 60w, https:\/\/www.jjlex.si\/wp-content\/uploads\/sites\/10\/2015\/08\/adebevec-360x360.jpg 360w, https:\/\/www.jjlex.si\/wp-content\/uploads\/sites\/10\/2015\/08\/adebevec-262x262.jpg 262w\" sizes=\"auto, (max-width: 500px) 100vw, 500px\" \/><\/div>\n<div class=\"wpv-grid grid-1-2  wpv-first-level unextended\" style=\"padding-top:0px;padding-bottom:0px\" id=\"wpv-column-0ff4f9f6e68a2cab4fa3adcdc8b737e9\" ><div class=\"team-member has-content\">\n\t\t<div class=\"team-member-info\">\n\t\t<h3>\n\t\t\t\t\t\t\t\t\t\t\t\t<\/h3>\n\t\t\t\t\t\t\t\t<div class=\"share-icons clearfix\">\n\t\t\t\t\t<\/div>\n\t<\/div>\n\t\t<div class=\"team-member-bio\">\n\t\t<strong>Legal Areas: <\/strong><br \/>\ncivil law, commercial law, real estate law, litigation, and enforcement procedure<\/p>\n<p><strong>Education:<\/strong><br \/>\nLL M \u2013 Faculty of Law, University of Ljubljana (2011)<\/p>\n<p><strong>Languages:<\/strong><br \/>\nCroatian<br \/>\nEnglish<br \/>\nGerman<br \/>\nRussian\t<\/div>\n\t<\/div>\n<\/div><\/div>\n<div class=\"row \"><div class=\"wpv-grid grid-1-1  wpv-first-level first unextended\" style=\"padding-top:0px;padding-bottom:0px\" id=\"wpv-column-6096deae48ca73f8748b5a854cf0bbe0\" ><div class=\"push\" style='height:50px'><\/div><\/div><\/div>\n","protected":false},"excerpt":{"rendered":"","protected":false},"author":1,"featured_media":0,"parent":186,"menu_order":6,"comment_status":"closed","ping_status":"closed","template":"","meta":{"footnotes":""},"class_list":["post-212","page","type-page","status-publish","hentry"],"yoast_head":"<!-- This site is optimized with the Yoast SEO plugin v25.1 - https:\/\/yoast.com\/wordpress\/plugins\/seo\/ -->\r\n<title>Andrej Debevec - Law office Jane\u017ei\u010d &amp; Jarkovi\u010d<\/title>\r\n<meta name=\"description\" content=\"Senior Associate.\" \/>\r\n<meta name=\"robots\" content=\"index, follow, max-snippet:-1, max-image-preview:large, max-video-preview:-1\" \/>\r\n<link rel=\"canonical\" href=\"https:\/\/www.jjlex.si\/en\/legal-counsellors\/andrej-debevec\/\" \/>\r\n<meta property=\"og:locale\" content=\"en_US\" \/>\r\n<meta property=\"og:type\" content=\"article\" \/>\r\n<meta property=\"og:title\" content=\"Andrej Debevec - Law office Jane\u017ei\u010d &amp; Jarkovi\u010d\" \/>\r\n<meta property=\"og:description\" content=\"Senior Associate.\" \/>\r\n<meta property=\"og:url\" content=\"https:\/\/www.jjlex.si\/en\/legal-counsellors\/andrej-debevec\/\" \/>\r\n<meta property=\"og:site_name\" content=\"Odvetni\u0161ka pisarna Jane\u017ei\u010d &amp; Jarkovi\u010d\" \/>\r\n<meta property=\"article:modified_time\" content=\"2019-02-12T12:28:44+00:00\" \/>\r\n<meta name=\"twitter:card\" content=\"summary_large_image\" \/>\r\n<meta name=\"twitter:label1\" content=\"Est. reading time\" \/>\n\t<meta name=\"twitter:data1\" content=\"1 minute\" \/>\r\n<script type=\"application\/ld+json\" class=\"yoast-schema-graph\">{\"@context\":\"https:\/\/schema.org\",\"@graph\":[{\"@type\":\"WebPage\",\"@id\":\"https:\/\/www.jjlex.si\/en\/legal-counsellors\/andrej-debevec\/\",\"url\":\"https:\/\/www.jjlex.si\/en\/legal-counsellors\/andrej-debevec\/\",\"name\":\"Andrej Debevec - Law office Jane\u017ei\u010d & Jarkovi\u010d\",\"isPartOf\":{\"@id\":\"https:\/\/www.jjlex.si\/#website\"},\"datePublished\":\"2015-07-08T13:46:53+00:00\",\"dateModified\":\"2019-02-12T12:28:44+00:00\",\"description\":\"Senior Associate.\",\"breadcrumb\":{\"@id\":\"https:\/\/www.jjlex.si\/en\/legal-counsellors\/andrej-debevec\/#breadcrumb\"},\"inLanguage\":\"en-US\",\"potentialAction\":[{\"@type\":\"ReadAction\",\"target\":[\"https:\/\/www.jjlex.si\/en\/legal-counsellors\/andrej-debevec\/\"]}]},{\"@type\":\"BreadcrumbList\",\"@id\":\"https:\/\/www.jjlex.si\/en\/legal-counsellors\/andrej-debevec\/#breadcrumb\",\"itemListElement\":[{\"@type\":\"ListItem\",\"position\":1,\"name\":\"Legal counsellors\",\"item\":\"https:\/\/www.jjlex.si\/en\/legal-counsellors\/\"},{\"@type\":\"ListItem\",\"position\":2,\"name\":\"Andrej Debevec\"}]},{\"@type\":\"WebSite\",\"@id\":\"https:\/\/www.jjlex.si\/#website\",\"url\":\"https:\/\/www.jjlex.si\/\",\"name\":\"Odvetni\u0161ka pisarna Jane\u017ei\u010d &amp; Jarkovi\u010d\",\"description\":\"Just another WordPress site\",\"potentialAction\":[{\"@type\":\"SearchAction\",\"target\":{\"@type\":\"EntryPoint\",\"urlTemplate\":\"https:\/\/www.jjlex.si\/?s={search_term_string}\"},\"query-input\":{\"@type\":\"PropertyValueSpecification\",\"valueRequired\":true,\"valueName\":\"search_term_string\"}}],\"inLanguage\":\"en-US\"}]}<\/script>\r\n<!-- \/ Yoast SEO plugin. -->","yoast_head_json":{"title":"Andrej Debevec - Law office Jane\u017ei\u010d & Jarkovi\u010d","description":"Senior Associate.","robots":{"index":"index","follow":"follow","max-snippet":"max-snippet:-1","max-image-preview":"max-image-preview:large","max-video-preview":"max-video-preview:-1"},"canonical":"https:\/\/www.jjlex.si\/en\/legal-counsellors\/andrej-debevec\/","og_locale":"en_US","og_type":"article","og_title":"Andrej Debevec - Law office Jane\u017ei\u010d & Jarkovi\u010d","og_description":"Senior Associate.","og_url":"https:\/\/www.jjlex.si\/en\/legal-counsellors\/andrej-debevec\/","og_site_name":"Odvetni\u0161ka pisarna Jane\u017ei\u010d &amp; Jarkovi\u010d","article_modified_time":"2019-02-12T12:28:44+00:00","twitter_card":"summary_large_image","twitter_misc":{"Est. reading time":"1 minute"},"schema":{"@context":"https:\/\/schema.org","@graph":[{"@type":"WebPage","@id":"https:\/\/www.jjlex.si\/en\/legal-counsellors\/andrej-debevec\/","url":"https:\/\/www.jjlex.si\/en\/legal-counsellors\/andrej-debevec\/","name":"Andrej Debevec - Law office Jane\u017ei\u010d & Jarkovi\u010d","isPartOf":{"@id":"https:\/\/www.jjlex.si\/#website"},"datePublished":"2015-07-08T13:46:53+00:00","dateModified":"2019-02-12T12:28:44+00:00","description":"Senior Associate.","breadcrumb":{"@id":"https:\/\/www.jjlex.si\/en\/legal-counsellors\/andrej-debevec\/#breadcrumb"},"inLanguage":"en-US","potentialAction":[{"@type":"ReadAction","target":["https:\/\/www.jjlex.si\/en\/legal-counsellors\/andrej-debevec\/"]}]},{"@type":"BreadcrumbList","@id":"https:\/\/www.jjlex.si\/en\/legal-counsellors\/andrej-debevec\/#breadcrumb","itemListElement":[{"@type":"ListItem","position":1,"name":"Legal counsellors","item":"https:\/\/www.jjlex.si\/en\/legal-counsellors\/"},{"@type":"ListItem","position":2,"name":"Andrej Debevec"}]},{"@type":"WebSite","@id":"https:\/\/www.jjlex.si\/#website","url":"https:\/\/www.jjlex.si\/","name":"Odvetni\u0161ka pisarna Jane\u017ei\u010d &amp; Jarkovi\u010d","description":"Just another WordPress site","potentialAction":[{"@type":"SearchAction","target":{"@type":"EntryPoint","urlTemplate":"https:\/\/www.jjlex.si\/?s={search_term_string}"},"query-input":{"@type":"PropertyValueSpecification","valueRequired":true,"valueName":"search_term_string"}}],"inLanguage":"en-US"}]}},"_links":{"self":[{"href":"https:\/\/www.jjlex.si\/en\/wp-json\/wp\/v2\/pages\/212","targetHints":{"allow":["GET"]}}],"collection":[{"href":"https:\/\/www.jjlex.si\/en\/wp-json\/wp\/v2\/pages"}],"about":[{"href":"https:\/\/www.jjlex.si\/en\/wp-json\/wp\/v2\/types\/page"}],"author":[{"embeddable":true,"href":"https:\/\/www.jjlex.si\/en\/wp-json\/wp\/v2\/users\/1"}],"replies":[{"embeddable":true,"href":"https:\/\/www.jjlex.si\/en\/wp-json\/wp\/v2\/comments?post=212"}],"version-history":[{"count":7,"href":"https:\/\/www.jjlex.si\/en\/wp-json\/wp\/v2\/pages\/212\/revisions"}],"predecessor-version":[{"id":736,"href":"https:\/\/www.jjlex.si\/en\/wp-json\/wp\/v2\/pages\/212\/revisions\/736"}],"up":[{"embeddable":true,"href":"https:\/\/www.jjlex.si\/en\/wp-json\/wp\/v2\/pages\/186"}],"wp:attachment":[{"href":"https:\/\/www.jjlex.si\/en\/wp-json\/wp\/v2\/media?parent=212"}],"curies":[{"name":"wp","href":"https:\/\/api.w.org\/{rel}","templated":true}]}}