{"id":493,"date":"2015-09-30T12:21:46","date_gmt":"2015-09-30T12:21:46","guid":{"rendered":"https:\/\/www.jjlex.si\/?page_id=493&#038;lang=de"},"modified":"2018-08-08T09:14:40","modified_gmt":"2018-08-08T09:14:40","slug":"andrej-jarkovic","status":"publish","type":"page","link":"https:\/\/www.jjlex.si\/de\/rechtsberater\/andrej-jarkovic\/","title":{"rendered":"Andrej Jarkovi\u010d"},"content":{"rendered":"<div class=\"row \"><div class=\"wpv-grid grid-1-2  wpv-first-level first unextended\" style=\"padding-top:0px;padding-bottom:0px\" id=\"wpv-column-cb07284bb6c4ca858d0f92288154354d\" ><p><img loading=\"lazy\" decoding=\"async\" class=\"alignnone size-full wp-image-273\" src=\"\/wp-content\/uploads\/sites\/10\/2015\/08\/ajarkovic.jpg\" alt=\"ajarkovic\" width=\"500\" height=\"500\" srcset=\"https:\/\/www.jjlex.si\/wp-content\/uploads\/sites\/10\/2015\/08\/ajarkovic.jpg 500w, https:\/\/www.jjlex.si\/wp-content\/uploads\/sites\/10\/2015\/08\/ajarkovic-150x150.jpg 150w, https:\/\/www.jjlex.si\/wp-content\/uploads\/sites\/10\/2015\/08\/ajarkovic-300x300.jpg 300w, https:\/\/www.jjlex.si\/wp-content\/uploads\/sites\/10\/2015\/08\/ajarkovic-60x60.jpg 60w, https:\/\/www.jjlex.si\/wp-content\/uploads\/sites\/10\/2015\/08\/ajarkovic-360x360.jpg 360w, https:\/\/www.jjlex.si\/wp-content\/uploads\/sites\/10\/2015\/08\/ajarkovic-262x262.jpg 262w\" sizes=\"auto, (max-width: 500px) 100vw, 500px\" \/><\/div>\n<div class=\"wpv-grid grid-1-2  wpv-first-level unextended\" style=\"padding-top:0px;padding-bottom:0px\" id=\"wpv-column-925470c60d3e20197f13af4ef9717846\" ><div class=\"team-member has-content\">\n\t\t<div class=\"team-member-info\">\n\t\t<h3>\n\t\t\t\t\t\t\t\t\t\t\t\t<\/h3>\n\t\t\t\t\t\t\t\t<div class=\"share-icons clearfix\">\n\t\t\t\t\t<\/div>\n\t<\/div>\n\t\t<div class=\"team-member-bio\">\n\t\t<strong>Rechtsgebiet:<br \/>\n<\/strong>Schiedsgerichtsrecht, Zivilrecht, Wirtschaftsrecht, geistiges Eigentumsrecht, Wettbewerbsrecht, Liegenschaftsrecht, Zivilprozess- und Vollstreckungsverfahren, Werbe- und Marketingrecht<\/p>\n<p><strong>Ausbildung:<\/strong><br \/>\nSommersemester aus dem amerikanischen Recht und Rechtsinstitutionen, Universit\u00e4t Madison, USA (2001)<br \/>\nMag.iur. \u2013 Rechtswissenschaftliche Fakult\u00e4t der Universit\u00e4t Ljubljana (1992)<\/p>\n<p><strong>Sprachen:<\/strong><br \/>\nDeutsch<br \/>\nEnglisch<br \/>\nKroatisch<br \/>\nSerbisch\t<\/div>\n\t<\/div>\n<\/div><\/div>\n<div class=\"row \"><div class=\"wpv-grid grid-1-1  wpv-first-level first unextended\" style=\"padding-top:0px;padding-bottom:0px\" id=\"wpv-column-488f74176b16ece512d7641ad9fc3393\" ><div class=\"push\" style='height:50px'><\/div><\/div><\/div>\n","protected":false},"excerpt":{"rendered":"","protected":false},"author":1,"featured_media":0,"parent":487,"menu_order":2,"comment_status":"closed","ping_status":"closed","template":"","meta":{"footnotes":""},"class_list":["post-493","page","type-page","status-publish","hentry"],"yoast_head":"<!-- This site is optimized with the Yoast SEO plugin v25.1 - https:\/\/yoast.com\/wordpress\/plugins\/seo\/ -->\r\n<title>Andrej Jarkovi\u010d - Odvetni\u0161ka pisarna Jane\u017ei\u010d &amp; Jarkovi\u010d<\/title>\r\n<meta name=\"robots\" content=\"index, follow, max-snippet:-1, max-image-preview:large, max-video-preview:-1\" \/>\r\n<link rel=\"canonical\" href=\"https:\/\/www.jjlex.si\/pravni-svetovalci\/andrej-jarkovic\/\" \/>\r\n<meta property=\"og:locale\" content=\"de_DE\" \/>\r\n<meta property=\"og:type\" content=\"article\" \/>\r\n<meta property=\"og:title\" content=\"Andrej Jarkovi\u010d - Odvetni\u0161ka pisarna Jane\u017ei\u010d &amp; Jarkovi\u010d\" \/>\r\n<meta property=\"og:url\" content=\"https:\/\/www.jjlex.si\/pravni-svetovalci\/andrej-jarkovic\/\" \/>\r\n<meta property=\"og:site_name\" content=\"Odvetni\u0161ka pisarna Jane\u017ei\u010d &amp; Jarkovi\u010d\" \/>\r\n<meta property=\"article:modified_time\" content=\"2018-08-08T09:14:40+00:00\" \/>\r\n<meta name=\"twitter:card\" content=\"summary_large_image\" \/>\r\n<meta name=\"twitter:label1\" content=\"Gesch\u00e4tzte Lesezeit\" \/>\n\t<meta name=\"twitter:data1\" content=\"1\u00a0Minute\" \/>\r\n<script type=\"application\/ld+json\" class=\"yoast-schema-graph\">{\"@context\":\"https:\/\/schema.org\",\"@graph\":[{\"@type\":\"WebPage\",\"@id\":\"https:\/\/www.jjlex.si\/pravni-svetovalci\/andrej-jarkovic\/\",\"url\":\"https:\/\/www.jjlex.si\/pravni-svetovalci\/andrej-jarkovic\/\",\"name\":\"Andrej Jarkovi\u010d - Odvetni\u0161ka pisarna Jane\u017ei\u010d &amp; Jarkovi\u010d\",\"isPartOf\":{\"@id\":\"https:\/\/www.jjlex.si\/#website\"},\"datePublished\":\"2015-09-30T12:21:46+00:00\",\"dateModified\":\"2018-08-08T09:14:40+00:00\",\"breadcrumb\":{\"@id\":\"https:\/\/www.jjlex.si\/pravni-svetovalci\/andrej-jarkovic\/#breadcrumb\"},\"inLanguage\":\"de\",\"potentialAction\":[{\"@type\":\"ReadAction\",\"target\":[\"https:\/\/www.jjlex.si\/pravni-svetovalci\/andrej-jarkovic\/\"]}]},{\"@type\":\"BreadcrumbList\",\"@id\":\"https:\/\/www.jjlex.si\/pravni-svetovalci\/andrej-jarkovic\/#breadcrumb\",\"itemListElement\":[{\"@type\":\"ListItem\",\"position\":1,\"name\":\"Rechtsberater\",\"item\":\"https:\/\/www.jjlex.si\/de\/rechtsberater\/\"},{\"@type\":\"ListItem\",\"position\":2,\"name\":\"Andrej Jarkovi\u010d\"}]},{\"@type\":\"WebSite\",\"@id\":\"https:\/\/www.jjlex.si\/#website\",\"url\":\"https:\/\/www.jjlex.si\/\",\"name\":\"Odvetni\u0161ka pisarna Jane\u017ei\u010d &amp; Jarkovi\u010d\",\"description\":\"Just another WordPress site\",\"potentialAction\":[{\"@type\":\"SearchAction\",\"target\":{\"@type\":\"EntryPoint\",\"urlTemplate\":\"https:\/\/www.jjlex.si\/?s={search_term_string}\"},\"query-input\":{\"@type\":\"PropertyValueSpecification\",\"valueRequired\":true,\"valueName\":\"search_term_string\"}}],\"inLanguage\":\"de\"}]}<\/script>\r\n<!-- \/ Yoast SEO plugin. -->","yoast_head_json":{"title":"Andrej Jarkovi\u010d - Odvetni\u0161ka pisarna Jane\u017ei\u010d &amp; Jarkovi\u010d","robots":{"index":"index","follow":"follow","max-snippet":"max-snippet:-1","max-image-preview":"max-image-preview:large","max-video-preview":"max-video-preview:-1"},"canonical":"https:\/\/www.jjlex.si\/pravni-svetovalci\/andrej-jarkovic\/","og_locale":"de_DE","og_type":"article","og_title":"Andrej Jarkovi\u010d - Odvetni\u0161ka pisarna Jane\u017ei\u010d &amp; Jarkovi\u010d","og_url":"https:\/\/www.jjlex.si\/pravni-svetovalci\/andrej-jarkovic\/","og_site_name":"Odvetni\u0161ka pisarna Jane\u017ei\u010d &amp; Jarkovi\u010d","article_modified_time":"2018-08-08T09:14:40+00:00","twitter_card":"summary_large_image","twitter_misc":{"Gesch\u00e4tzte Lesezeit":"1\u00a0Minute"},"schema":{"@context":"https:\/\/schema.org","@graph":[{"@type":"WebPage","@id":"https:\/\/www.jjlex.si\/pravni-svetovalci\/andrej-jarkovic\/","url":"https:\/\/www.jjlex.si\/pravni-svetovalci\/andrej-jarkovic\/","name":"Andrej Jarkovi\u010d - Odvetni\u0161ka pisarna Jane\u017ei\u010d &amp; Jarkovi\u010d","isPartOf":{"@id":"https:\/\/www.jjlex.si\/#website"},"datePublished":"2015-09-30T12:21:46+00:00","dateModified":"2018-08-08T09:14:40+00:00","breadcrumb":{"@id":"https:\/\/www.jjlex.si\/pravni-svetovalci\/andrej-jarkovic\/#breadcrumb"},"inLanguage":"de","potentialAction":[{"@type":"ReadAction","target":["https:\/\/www.jjlex.si\/pravni-svetovalci\/andrej-jarkovic\/"]}]},{"@type":"BreadcrumbList","@id":"https:\/\/www.jjlex.si\/pravni-svetovalci\/andrej-jarkovic\/#breadcrumb","itemListElement":[{"@type":"ListItem","position":1,"name":"Rechtsberater","item":"https:\/\/www.jjlex.si\/de\/rechtsberater\/"},{"@type":"ListItem","position":2,"name":"Andrej Jarkovi\u010d"}]},{"@type":"WebSite","@id":"https:\/\/www.jjlex.si\/#website","url":"https:\/\/www.jjlex.si\/","name":"Odvetni\u0161ka pisarna Jane\u017ei\u010d &amp; Jarkovi\u010d","description":"Just another WordPress site","potentialAction":[{"@type":"SearchAction","target":{"@type":"EntryPoint","urlTemplate":"https:\/\/www.jjlex.si\/?s={search_term_string}"},"query-input":{"@type":"PropertyValueSpecification","valueRequired":true,"valueName":"search_term_string"}}],"inLanguage":"de"}]}},"_links":{"self":[{"href":"https:\/\/www.jjlex.si\/de\/wp-json\/wp\/v2\/pages\/493","targetHints":{"allow":["GET"]}}],"collection":[{"href":"https:\/\/www.jjlex.si\/de\/wp-json\/wp\/v2\/pages"}],"about":[{"href":"https:\/\/www.jjlex.si\/de\/wp-json\/wp\/v2\/types\/page"}],"author":[{"embeddable":true,"href":"https:\/\/www.jjlex.si\/de\/wp-json\/wp\/v2\/users\/1"}],"replies":[{"embeddable":true,"href":"https:\/\/www.jjlex.si\/de\/wp-json\/wp\/v2\/comments?post=493"}],"version-history":[{"count":4,"href":"https:\/\/www.jjlex.si\/de\/wp-json\/wp\/v2\/pages\/493\/revisions"}],"predecessor-version":[{"id":740,"href":"https:\/\/www.jjlex.si\/de\/wp-json\/wp\/v2\/pages\/493\/revisions\/740"}],"up":[{"embeddable":true,"href":"https:\/\/www.jjlex.si\/de\/wp-json\/wp\/v2\/pages\/487"}],"wp:attachment":[{"href":"https:\/\/www.jjlex.si\/de\/wp-json\/wp\/v2\/media?parent=493"}],"curies":[{"name":"wp","href":"https:\/\/api.w.org\/{rel}","templated":true}]}}