{"id":479,"date":"2015-09-30T12:03:59","date_gmt":"2015-09-30T12:03:59","guid":{"rendered":"https:\/\/www.jjlex.si\/?page_id=479&#038;lang=de"},"modified":"2018-08-08T09:09:07","modified_gmt":"2018-08-08T09:09:07","slug":"geistiges-eigentumsrecht","status":"publish","type":"page","link":"https:\/\/www.jjlex.si\/de\/rechtsgebiete\/geistiges-eigentumsrecht\/","title":{"rendered":"GEISTIGES EIGENTUMSRECHT"},"content":{"rendered":"<div class=\"row \"><div class=\"wpv-grid grid-1-1  wpv-first-level first unextended\" style=\"padding-top:0px;padding-bottom:0px\" id=\"wpv-column-87a67430bee752bf6d33a3d3602e7e64\" ><p>Beratung  im Bereich des geistigen Eigentumsrechts. Gestaltung von Vertr\u00e4gen  betreffend  geistige Eigentumsrechte und Urheberrechte, Durchf\u00fchrung von Due-Diligence-Pr\u00fcfungen im Bereich der geistigen Eigentumsrechte und Erstellung von Rechtsgutachten. Vertretung von Mandanten in Gerichts- und Verwaltungsverfahren in Verbindung mit Rechtsverletzungen sowie in Verfahren  zur Registrierung und Aufrechterhaltung von Rechten vor dem Amt der Republik Slowenien f\u00fcr geistiges Eigentum,  vor dem f\u00fcr geistiges Eigentum in der Europ\u00e4ischen Union zust\u00e4ndigen  Harmonisierungsamt f\u00fcr den Binnenmarkt  (HABM) sowie bei der Weltorganisation f\u00fcr geistiges Eigentum (WIPO).<\/p>\n<div class=\"push\" style='margin-bottom:-20px'><\/div>\n<div class=\"sep-2\"><\/div>\n<div class=\"push\" style='height:5px'><\/div><\/div><\/div>\n","protected":false},"excerpt":{"rendered":"<p>Beratung im Bereich des geistigen Eigentumsrechts. Gestaltung von Vertr\u00e4gen betreffend geistige Eigentumsrechte und Urheberrechte, Durchf\u00fchrung von Due-Diligence-Pr\u00fcfungen im Bereich der geistigen Eigentumsrechte und Erstellung von Rechtsgutachten. Vertretung von Mandanten in Gerichts- und Verwaltungsverfahren in Verbindung mit Rechtsverletzungen sowie in Verfahren zur Registrierung und Aufrechterhaltung von Rechten vor dem Amt der Republik Slowenien f\u00fcr geistiges Eigentum,&#8230;<\/p>\n","protected":false},"author":1,"featured_media":0,"parent":455,"menu_order":8,"comment_status":"closed","ping_status":"closed","template":"","meta":{"footnotes":""},"class_list":["post-479","page","type-page","status-publish","hentry"],"yoast_head":"<!-- This site is optimized with the Yoast SEO plugin v25.1 - https:\/\/yoast.com\/wordpress\/plugins\/seo\/ -->\r\n<title>GEISTIGES EIGENTUMSRECHT - Odvetni\u0161ka pisarna Jane\u017ei\u010d &amp; Jarkovi\u010d<\/title>\r\n<meta name=\"robots\" content=\"index, follow, max-snippet:-1, max-image-preview:large, max-video-preview:-1\" \/>\r\n<link rel=\"canonical\" href=\"https:\/\/www.jjlex.si\/pravna-podrocja\/pravo-intelektualne-lastnine\/\" \/>\r\n<meta property=\"og:locale\" content=\"de_DE\" \/>\r\n<meta property=\"og:type\" content=\"article\" \/>\r\n<meta property=\"og:title\" content=\"GEISTIGES EIGENTUMSRECHT - Odvetni\u0161ka pisarna Jane\u017ei\u010d &amp; Jarkovi\u010d\" \/>\r\n<meta property=\"og:description\" content=\"Beratung im Bereich des geistigen Eigentumsrechts. Gestaltung von Vertr\u00e4gen betreffend geistige Eigentumsrechte und Urheberrechte, Durchf\u00fchrung von Due-Diligence-Pr\u00fcfungen im Bereich der geistigen Eigentumsrechte und Erstellung von Rechtsgutachten. Vertretung von Mandanten in Gerichts- und Verwaltungsverfahren in Verbindung mit Rechtsverletzungen sowie in Verfahren zur Registrierung und Aufrechterhaltung von Rechten vor dem Amt der Republik Slowenien f\u00fcr geistiges Eigentum,...\" \/>\r\n<meta property=\"og:url\" content=\"https:\/\/www.jjlex.si\/pravna-podrocja\/pravo-intelektualne-lastnine\/\" \/>\r\n<meta property=\"og:site_name\" content=\"Odvetni\u0161ka pisarna Jane\u017ei\u010d &amp; Jarkovi\u010d\" \/>\r\n<meta property=\"article:modified_time\" content=\"2018-08-08T09:09:07+00:00\" \/>\r\n<meta name=\"twitter:card\" content=\"summary_large_image\" \/>\r\n<meta name=\"twitter:label1\" content=\"Gesch\u00e4tzte Lesezeit\" \/>\n\t<meta name=\"twitter:data1\" content=\"1\u00a0Minute\" \/>\r\n<script type=\"application\/ld+json\" class=\"yoast-schema-graph\">{\"@context\":\"https:\/\/schema.org\",\"@graph\":[{\"@type\":\"WebPage\",\"@id\":\"https:\/\/www.jjlex.si\/pravna-podrocja\/pravo-intelektualne-lastnine\/\",\"url\":\"https:\/\/www.jjlex.si\/pravna-podrocja\/pravo-intelektualne-lastnine\/\",\"name\":\"GEISTIGES EIGENTUMSRECHT - Odvetni\u0161ka pisarna Jane\u017ei\u010d &amp; Jarkovi\u010d\",\"isPartOf\":{\"@id\":\"https:\/\/www.jjlex.si\/#website\"},\"datePublished\":\"2015-09-30T12:03:59+00:00\",\"dateModified\":\"2018-08-08T09:09:07+00:00\",\"breadcrumb\":{\"@id\":\"https:\/\/www.jjlex.si\/pravna-podrocja\/pravo-intelektualne-lastnine\/#breadcrumb\"},\"inLanguage\":\"de\",\"potentialAction\":[{\"@type\":\"ReadAction\",\"target\":[\"https:\/\/www.jjlex.si\/pravna-podrocja\/pravo-intelektualne-lastnine\/\"]}]},{\"@type\":\"BreadcrumbList\",\"@id\":\"https:\/\/www.jjlex.si\/pravna-podrocja\/pravo-intelektualne-lastnine\/#breadcrumb\",\"itemListElement\":[{\"@type\":\"ListItem\",\"position\":1,\"name\":\"Rechtsgebiete\",\"item\":\"https:\/\/www.jjlex.si\/pravna-podrocja\/\"},{\"@type\":\"ListItem\",\"position\":2,\"name\":\"GEISTIGES EIGENTUMSRECHT\"}]},{\"@type\":\"WebSite\",\"@id\":\"https:\/\/www.jjlex.si\/#website\",\"url\":\"https:\/\/www.jjlex.si\/\",\"name\":\"Odvetni\u0161ka pisarna Jane\u017ei\u010d &amp; Jarkovi\u010d\",\"description\":\"Just another WordPress site\",\"potentialAction\":[{\"@type\":\"SearchAction\",\"target\":{\"@type\":\"EntryPoint\",\"urlTemplate\":\"https:\/\/www.jjlex.si\/?s={search_term_string}\"},\"query-input\":{\"@type\":\"PropertyValueSpecification\",\"valueRequired\":true,\"valueName\":\"search_term_string\"}}],\"inLanguage\":\"de\"}]}<\/script>\r\n<!-- \/ Yoast SEO plugin. -->","yoast_head_json":{"title":"GEISTIGES EIGENTUMSRECHT - Odvetni\u0161ka pisarna Jane\u017ei\u010d &amp; Jarkovi\u010d","robots":{"index":"index","follow":"follow","max-snippet":"max-snippet:-1","max-image-preview":"max-image-preview:large","max-video-preview":"max-video-preview:-1"},"canonical":"https:\/\/www.jjlex.si\/pravna-podrocja\/pravo-intelektualne-lastnine\/","og_locale":"de_DE","og_type":"article","og_title":"GEISTIGES EIGENTUMSRECHT - Odvetni\u0161ka pisarna Jane\u017ei\u010d &amp; Jarkovi\u010d","og_description":"Beratung im Bereich des geistigen Eigentumsrechts. Gestaltung von Vertr\u00e4gen betreffend geistige Eigentumsrechte und Urheberrechte, Durchf\u00fchrung von Due-Diligence-Pr\u00fcfungen im Bereich der geistigen Eigentumsrechte und Erstellung von Rechtsgutachten. Vertretung von Mandanten in Gerichts- und Verwaltungsverfahren in Verbindung mit Rechtsverletzungen sowie in Verfahren zur Registrierung und Aufrechterhaltung von Rechten vor dem Amt der Republik Slowenien f\u00fcr geistiges Eigentum,...","og_url":"https:\/\/www.jjlex.si\/pravna-podrocja\/pravo-intelektualne-lastnine\/","og_site_name":"Odvetni\u0161ka pisarna Jane\u017ei\u010d &amp; Jarkovi\u010d","article_modified_time":"2018-08-08T09:09:07+00:00","twitter_card":"summary_large_image","twitter_misc":{"Gesch\u00e4tzte Lesezeit":"1\u00a0Minute"},"schema":{"@context":"https:\/\/schema.org","@graph":[{"@type":"WebPage","@id":"https:\/\/www.jjlex.si\/pravna-podrocja\/pravo-intelektualne-lastnine\/","url":"https:\/\/www.jjlex.si\/pravna-podrocja\/pravo-intelektualne-lastnine\/","name":"GEISTIGES EIGENTUMSRECHT - Odvetni\u0161ka pisarna Jane\u017ei\u010d &amp; Jarkovi\u010d","isPartOf":{"@id":"https:\/\/www.jjlex.si\/#website"},"datePublished":"2015-09-30T12:03:59+00:00","dateModified":"2018-08-08T09:09:07+00:00","breadcrumb":{"@id":"https:\/\/www.jjlex.si\/pravna-podrocja\/pravo-intelektualne-lastnine\/#breadcrumb"},"inLanguage":"de","potentialAction":[{"@type":"ReadAction","target":["https:\/\/www.jjlex.si\/pravna-podrocja\/pravo-intelektualne-lastnine\/"]}]},{"@type":"BreadcrumbList","@id":"https:\/\/www.jjlex.si\/pravna-podrocja\/pravo-intelektualne-lastnine\/#breadcrumb","itemListElement":[{"@type":"ListItem","position":1,"name":"Rechtsgebiete","item":"https:\/\/www.jjlex.si\/pravna-podrocja\/"},{"@type":"ListItem","position":2,"name":"GEISTIGES EIGENTUMSRECHT"}]},{"@type":"WebSite","@id":"https:\/\/www.jjlex.si\/#website","url":"https:\/\/www.jjlex.si\/","name":"Odvetni\u0161ka pisarna Jane\u017ei\u010d &amp; Jarkovi\u010d","description":"Just another WordPress site","potentialAction":[{"@type":"SearchAction","target":{"@type":"EntryPoint","urlTemplate":"https:\/\/www.jjlex.si\/?s={search_term_string}"},"query-input":{"@type":"PropertyValueSpecification","valueRequired":true,"valueName":"search_term_string"}}],"inLanguage":"de"}]}},"_links":{"self":[{"href":"https:\/\/www.jjlex.si\/de\/wp-json\/wp\/v2\/pages\/479","targetHints":{"allow":["GET"]}}],"collection":[{"href":"https:\/\/www.jjlex.si\/de\/wp-json\/wp\/v2\/pages"}],"about":[{"href":"https:\/\/www.jjlex.si\/de\/wp-json\/wp\/v2\/types\/page"}],"author":[{"embeddable":true,"href":"https:\/\/www.jjlex.si\/de\/wp-json\/wp\/v2\/users\/1"}],"replies":[{"embeddable":true,"href":"https:\/\/www.jjlex.si\/de\/wp-json\/wp\/v2\/comments?post=479"}],"version-history":[{"count":2,"href":"https:\/\/www.jjlex.si\/de\/wp-json\/wp\/v2\/pages\/479\/revisions"}],"predecessor-version":[{"id":626,"href":"https:\/\/www.jjlex.si\/de\/wp-json\/wp\/v2\/pages\/479\/revisions\/626"}],"up":[{"embeddable":true,"href":"https:\/\/www.jjlex.si\/de\/wp-json\/wp\/v2\/pages\/455"}],"wp:attachment":[{"href":"https:\/\/www.jjlex.si\/de\/wp-json\/wp\/v2\/media?parent=479"}],"curies":[{"name":"wp","href":"https:\/\/api.w.org\/{rel}","templated":true}]}}