{"id":474,"date":"2015-09-30T12:01:14","date_gmt":"2015-09-30T12:01:14","guid":{"rendered":"https:\/\/www.jjlex.si\/?page_id=474&#038;lang=de"},"modified":"2018-08-08T09:09:31","modified_gmt":"2018-08-08T09:09:31","slug":"liegenschaftsrecht-immobilienrecht","status":"publish","type":"page","link":"https:\/\/www.jjlex.si\/de\/rechtsgebiete\/liegenschaftsrecht-immobilienrecht\/","title":{"rendered":"LIEGENSCHAFTSRECHT (IMMOBILIENRECHT)"},"content":{"rendered":"<div class=\"row \"><div class=\"wpv-grid grid-1-1  wpv-first-level first unextended\" style=\"padding-top:0px;padding-bottom:0px\" id=\"wpv-column-9a24f820e6808e552b153b50e5281f9d\" ><p>Beratung und Gestaltung von Vertr\u00e4gen zur \u00dcbertragung  des Eigentumsrechts an Liegenschaften (Kauf-, Schenkungs-, Tauschvertr\u00e4ge), Vertr\u00e4gen betreffend andere Sachrechte (Dienstbarkeitsrecht, Baurecht, Pfandrecht) sowie Miet- und  anderen Vertr\u00e4gen,   Rechtsunterst\u00fctzung bei Einholung von Bau- und Ingebrauchnahmegenehmigungen sowie bei Verfahren zur Einholung unterschiedlicher Zustimmungen. Vertretung von Mandanten  in Grundbuchsverfahren vor Gerichten.<\/p>\n<div class=\"push\" style='margin-bottom:-20px'><\/div>\n<div class=\"sep-2\"><\/div>\n<div class=\"push\" style='height:5px'><\/div><\/div><\/div>\n","protected":false},"excerpt":{"rendered":"<p>Beratung und Gestaltung von Vertr\u00e4gen zur \u00dcbertragung des Eigentumsrechts an Liegenschaften (Kauf-, Schenkungs-, Tauschvertr\u00e4ge), Vertr\u00e4gen betreffend andere Sachrechte (Dienstbarkeitsrecht, Baurecht, Pfandrecht) sowie Miet- und anderen Vertr\u00e4gen, Rechtsunterst\u00fctzung bei Einholung von Bau- und Ingebrauchnahmegenehmigungen sowie bei Verfahren zur Einholung unterschiedlicher Zustimmungen. Vertretung von Mandanten in Grundbuchsverfahren vor Gerichten.<\/p>\n","protected":false},"author":1,"featured_media":0,"parent":455,"menu_order":6,"comment_status":"closed","ping_status":"closed","template":"","meta":{"footnotes":""},"class_list":["post-474","page","type-page","status-publish","hentry"],"yoast_head":"<!-- This site is optimized with the Yoast SEO plugin v25.1 - https:\/\/yoast.com\/wordpress\/plugins\/seo\/ -->\r\n<title>LIEGENSCHAFTSRECHT (IMMOBILIENRECHT) - Odvetni\u0161ka pisarna Jane\u017ei\u010d &amp; Jarkovi\u010d<\/title>\r\n<meta name=\"robots\" content=\"index, follow, max-snippet:-1, max-image-preview:large, max-video-preview:-1\" \/>\r\n<link rel=\"canonical\" href=\"https:\/\/www.jjlex.si\/pravna-podrocja\/nepremicninsko-pravo\/\" \/>\r\n<meta property=\"og:locale\" content=\"de_DE\" \/>\r\n<meta property=\"og:type\" content=\"article\" \/>\r\n<meta property=\"og:title\" content=\"LIEGENSCHAFTSRECHT (IMMOBILIENRECHT) - Odvetni\u0161ka pisarna Jane\u017ei\u010d &amp; Jarkovi\u010d\" \/>\r\n<meta property=\"og:description\" content=\"Beratung und Gestaltung von Vertr\u00e4gen zur \u00dcbertragung des Eigentumsrechts an Liegenschaften (Kauf-, Schenkungs-, Tauschvertr\u00e4ge), Vertr\u00e4gen betreffend andere Sachrechte (Dienstbarkeitsrecht, Baurecht, Pfandrecht) sowie Miet- und anderen Vertr\u00e4gen, Rechtsunterst\u00fctzung bei Einholung von Bau- und Ingebrauchnahmegenehmigungen sowie bei Verfahren zur Einholung unterschiedlicher Zustimmungen. Vertretung von Mandanten in Grundbuchsverfahren vor Gerichten.\" \/>\r\n<meta property=\"og:url\" content=\"https:\/\/www.jjlex.si\/pravna-podrocja\/nepremicninsko-pravo\/\" \/>\r\n<meta property=\"og:site_name\" content=\"Odvetni\u0161ka pisarna Jane\u017ei\u010d &amp; Jarkovi\u010d\" \/>\r\n<meta property=\"article:modified_time\" content=\"2018-08-08T09:09:31+00:00\" \/>\r\n<meta name=\"twitter:card\" content=\"summary_large_image\" \/>\r\n<meta name=\"twitter:label1\" content=\"Gesch\u00e4tzte Lesezeit\" \/>\n\t<meta name=\"twitter:data1\" content=\"1\u00a0Minute\" \/>\r\n<script type=\"application\/ld+json\" class=\"yoast-schema-graph\">{\"@context\":\"https:\/\/schema.org\",\"@graph\":[{\"@type\":\"WebPage\",\"@id\":\"https:\/\/www.jjlex.si\/pravna-podrocja\/nepremicninsko-pravo\/\",\"url\":\"https:\/\/www.jjlex.si\/pravna-podrocja\/nepremicninsko-pravo\/\",\"name\":\"LIEGENSCHAFTSRECHT (IMMOBILIENRECHT) - Odvetni\u0161ka pisarna Jane\u017ei\u010d &amp; Jarkovi\u010d\",\"isPartOf\":{\"@id\":\"https:\/\/www.jjlex.si\/#website\"},\"datePublished\":\"2015-09-30T12:01:14+00:00\",\"dateModified\":\"2018-08-08T09:09:31+00:00\",\"breadcrumb\":{\"@id\":\"https:\/\/www.jjlex.si\/pravna-podrocja\/nepremicninsko-pravo\/#breadcrumb\"},\"inLanguage\":\"de\",\"potentialAction\":[{\"@type\":\"ReadAction\",\"target\":[\"https:\/\/www.jjlex.si\/pravna-podrocja\/nepremicninsko-pravo\/\"]}]},{\"@type\":\"BreadcrumbList\",\"@id\":\"https:\/\/www.jjlex.si\/pravna-podrocja\/nepremicninsko-pravo\/#breadcrumb\",\"itemListElement\":[{\"@type\":\"ListItem\",\"position\":1,\"name\":\"Rechtsgebiete\",\"item\":\"https:\/\/www.jjlex.si\/pravna-podrocja\/\"},{\"@type\":\"ListItem\",\"position\":2,\"name\":\"LIEGENSCHAFTSRECHT (IMMOBILIENRECHT)\"}]},{\"@type\":\"WebSite\",\"@id\":\"https:\/\/www.jjlex.si\/#website\",\"url\":\"https:\/\/www.jjlex.si\/\",\"name\":\"Odvetni\u0161ka pisarna Jane\u017ei\u010d &amp; Jarkovi\u010d\",\"description\":\"Just another WordPress site\",\"potentialAction\":[{\"@type\":\"SearchAction\",\"target\":{\"@type\":\"EntryPoint\",\"urlTemplate\":\"https:\/\/www.jjlex.si\/?s={search_term_string}\"},\"query-input\":{\"@type\":\"PropertyValueSpecification\",\"valueRequired\":true,\"valueName\":\"search_term_string\"}}],\"inLanguage\":\"de\"}]}<\/script>\r\n<!-- \/ Yoast SEO plugin. -->","yoast_head_json":{"title":"LIEGENSCHAFTSRECHT (IMMOBILIENRECHT) - Odvetni\u0161ka pisarna Jane\u017ei\u010d &amp; Jarkovi\u010d","robots":{"index":"index","follow":"follow","max-snippet":"max-snippet:-1","max-image-preview":"max-image-preview:large","max-video-preview":"max-video-preview:-1"},"canonical":"https:\/\/www.jjlex.si\/pravna-podrocja\/nepremicninsko-pravo\/","og_locale":"de_DE","og_type":"article","og_title":"LIEGENSCHAFTSRECHT (IMMOBILIENRECHT) - Odvetni\u0161ka pisarna Jane\u017ei\u010d &amp; Jarkovi\u010d","og_description":"Beratung und Gestaltung von Vertr\u00e4gen zur \u00dcbertragung des Eigentumsrechts an Liegenschaften (Kauf-, Schenkungs-, Tauschvertr\u00e4ge), Vertr\u00e4gen betreffend andere Sachrechte (Dienstbarkeitsrecht, Baurecht, Pfandrecht) sowie Miet- und anderen Vertr\u00e4gen, Rechtsunterst\u00fctzung bei Einholung von Bau- und Ingebrauchnahmegenehmigungen sowie bei Verfahren zur Einholung unterschiedlicher Zustimmungen. Vertretung von Mandanten in Grundbuchsverfahren vor Gerichten.","og_url":"https:\/\/www.jjlex.si\/pravna-podrocja\/nepremicninsko-pravo\/","og_site_name":"Odvetni\u0161ka pisarna Jane\u017ei\u010d &amp; Jarkovi\u010d","article_modified_time":"2018-08-08T09:09:31+00:00","twitter_card":"summary_large_image","twitter_misc":{"Gesch\u00e4tzte Lesezeit":"1\u00a0Minute"},"schema":{"@context":"https:\/\/schema.org","@graph":[{"@type":"WebPage","@id":"https:\/\/www.jjlex.si\/pravna-podrocja\/nepremicninsko-pravo\/","url":"https:\/\/www.jjlex.si\/pravna-podrocja\/nepremicninsko-pravo\/","name":"LIEGENSCHAFTSRECHT (IMMOBILIENRECHT) - Odvetni\u0161ka pisarna Jane\u017ei\u010d &amp; Jarkovi\u010d","isPartOf":{"@id":"https:\/\/www.jjlex.si\/#website"},"datePublished":"2015-09-30T12:01:14+00:00","dateModified":"2018-08-08T09:09:31+00:00","breadcrumb":{"@id":"https:\/\/www.jjlex.si\/pravna-podrocja\/nepremicninsko-pravo\/#breadcrumb"},"inLanguage":"de","potentialAction":[{"@type":"ReadAction","target":["https:\/\/www.jjlex.si\/pravna-podrocja\/nepremicninsko-pravo\/"]}]},{"@type":"BreadcrumbList","@id":"https:\/\/www.jjlex.si\/pravna-podrocja\/nepremicninsko-pravo\/#breadcrumb","itemListElement":[{"@type":"ListItem","position":1,"name":"Rechtsgebiete","item":"https:\/\/www.jjlex.si\/pravna-podrocja\/"},{"@type":"ListItem","position":2,"name":"LIEGENSCHAFTSRECHT (IMMOBILIENRECHT)"}]},{"@type":"WebSite","@id":"https:\/\/www.jjlex.si\/#website","url":"https:\/\/www.jjlex.si\/","name":"Odvetni\u0161ka pisarna Jane\u017ei\u010d &amp; Jarkovi\u010d","description":"Just another WordPress site","potentialAction":[{"@type":"SearchAction","target":{"@type":"EntryPoint","urlTemplate":"https:\/\/www.jjlex.si\/?s={search_term_string}"},"query-input":{"@type":"PropertyValueSpecification","valueRequired":true,"valueName":"search_term_string"}}],"inLanguage":"de"}]}},"_links":{"self":[{"href":"https:\/\/www.jjlex.si\/de\/wp-json\/wp\/v2\/pages\/474","targetHints":{"allow":["GET"]}}],"collection":[{"href":"https:\/\/www.jjlex.si\/de\/wp-json\/wp\/v2\/pages"}],"about":[{"href":"https:\/\/www.jjlex.si\/de\/wp-json\/wp\/v2\/types\/page"}],"author":[{"embeddable":true,"href":"https:\/\/www.jjlex.si\/de\/wp-json\/wp\/v2\/users\/1"}],"replies":[{"embeddable":true,"href":"https:\/\/www.jjlex.si\/de\/wp-json\/wp\/v2\/comments?post=474"}],"version-history":[{"count":1,"href":"https:\/\/www.jjlex.si\/de\/wp-json\/wp\/v2\/pages\/474\/revisions"}],"predecessor-version":[{"id":475,"href":"https:\/\/www.jjlex.si\/de\/wp-json\/wp\/v2\/pages\/474\/revisions\/475"}],"up":[{"embeddable":true,"href":"https:\/\/www.jjlex.si\/de\/wp-json\/wp\/v2\/pages\/455"}],"wp:attachment":[{"href":"https:\/\/www.jjlex.si\/de\/wp-json\/wp\/v2\/media?parent=474"}],"curies":[{"name":"wp","href":"https:\/\/api.w.org\/{rel}","templated":true}]}}