{"id":472,"date":"2015-09-30T11:59:56","date_gmt":"2015-09-30T11:59:56","guid":{"rendered":"https:\/\/www.jjlex.si\/?page_id=472&#038;lang=de"},"modified":"2018-08-08T09:10:46","modified_gmt":"2018-08-08T09:10:46","slug":"wettbewerbsrecht","status":"publish","type":"page","link":"https:\/\/www.jjlex.si\/de\/rechtsgebiete\/wettbewerbsrecht\/","title":{"rendered":"WETTBEWERBSRECHT"},"content":{"rendered":"<div class=\"row \"><div class=\"wpv-grid grid-1-1  wpv-first-level first unextended\" style=\"padding-top:0px;padding-bottom:0px\" id=\"wpv-column-5d6e5573d29aa625ee6791cf8b81acc4\" ><p>Beratung von Mandanten in Sachen  betreffend unlauteren Wettbewerb, Wettbewerbsbeschr\u00e4nkungen und Missbrauch einer marktbeherrschenden Stellung sowie bei  Zusammenschl\u00fcssen und ihre Vertretung vor der \u00f6ffentlichen Agentur  der Republik Slowenien zum Wettbewerbsschutz und vor anderen zust\u00e4ndigen Beh\u00f6rden und Gerichten.<\/p>\n<div class=\"push\" style='margin-bottom:-20px'><\/div>\n<div class=\"sep-2\"><\/div>\n<div class=\"push\" style='height:5px'><\/div><\/div><\/div>\n","protected":false},"excerpt":{"rendered":"<p>Beratung von Mandanten in Sachen betreffend unlauteren Wettbewerb, Wettbewerbsbeschr\u00e4nkungen und Missbrauch einer marktbeherrschenden Stellung sowie bei Zusammenschl\u00fcssen und ihre Vertretung vor der \u00f6ffentlichen Agentur der Republik Slowenien zum Wettbewerbsschutz und vor anderen zust\u00e4ndigen Beh\u00f6rden und Gerichten.<\/p>\n","protected":false},"author":1,"featured_media":0,"parent":455,"menu_order":5,"comment_status":"closed","ping_status":"closed","template":"","meta":{"footnotes":""},"class_list":["post-472","page","type-page","status-publish","hentry"],"yoast_head":"<!-- This site is optimized with the Yoast SEO plugin v25.1 - https:\/\/yoast.com\/wordpress\/plugins\/seo\/ -->\r\n<title>WETTBEWERBSRECHT - Odvetni\u0161ka pisarna Jane\u017ei\u010d &amp; Jarkovi\u010d<\/title>\r\n<meta name=\"robots\" content=\"index, follow, max-snippet:-1, max-image-preview:large, max-video-preview:-1\" \/>\r\n<link rel=\"canonical\" href=\"https:\/\/www.jjlex.si\/pravna-podrocja\/konkurencno-pravo\/\" \/>\r\n<meta property=\"og:locale\" content=\"de_DE\" \/>\r\n<meta property=\"og:type\" content=\"article\" \/>\r\n<meta property=\"og:title\" content=\"WETTBEWERBSRECHT - Odvetni\u0161ka pisarna Jane\u017ei\u010d &amp; Jarkovi\u010d\" \/>\r\n<meta property=\"og:description\" content=\"Beratung von Mandanten in Sachen betreffend unlauteren Wettbewerb, Wettbewerbsbeschr\u00e4nkungen und Missbrauch einer marktbeherrschenden Stellung sowie bei Zusammenschl\u00fcssen und ihre Vertretung vor der \u00f6ffentlichen Agentur der Republik Slowenien zum Wettbewerbsschutz und vor anderen zust\u00e4ndigen Beh\u00f6rden und Gerichten.\" \/>\r\n<meta property=\"og:url\" content=\"https:\/\/www.jjlex.si\/pravna-podrocja\/konkurencno-pravo\/\" \/>\r\n<meta property=\"og:site_name\" content=\"Odvetni\u0161ka pisarna Jane\u017ei\u010d &amp; Jarkovi\u010d\" \/>\r\n<meta property=\"article:modified_time\" content=\"2018-08-08T09:10:46+00:00\" \/>\r\n<meta name=\"twitter:card\" content=\"summary_large_image\" \/>\r\n<meta name=\"twitter:label1\" content=\"Gesch\u00e4tzte Lesezeit\" \/>\n\t<meta name=\"twitter:data1\" content=\"1\u00a0Minute\" \/>\r\n<script type=\"application\/ld+json\" class=\"yoast-schema-graph\">{\"@context\":\"https:\/\/schema.org\",\"@graph\":[{\"@type\":\"WebPage\",\"@id\":\"https:\/\/www.jjlex.si\/pravna-podrocja\/konkurencno-pravo\/\",\"url\":\"https:\/\/www.jjlex.si\/pravna-podrocja\/konkurencno-pravo\/\",\"name\":\"WETTBEWERBSRECHT - Odvetni\u0161ka pisarna Jane\u017ei\u010d &amp; Jarkovi\u010d\",\"isPartOf\":{\"@id\":\"https:\/\/www.jjlex.si\/#website\"},\"datePublished\":\"2015-09-30T11:59:56+00:00\",\"dateModified\":\"2018-08-08T09:10:46+00:00\",\"breadcrumb\":{\"@id\":\"https:\/\/www.jjlex.si\/pravna-podrocja\/konkurencno-pravo\/#breadcrumb\"},\"inLanguage\":\"de\",\"potentialAction\":[{\"@type\":\"ReadAction\",\"target\":[\"https:\/\/www.jjlex.si\/pravna-podrocja\/konkurencno-pravo\/\"]}]},{\"@type\":\"BreadcrumbList\",\"@id\":\"https:\/\/www.jjlex.si\/pravna-podrocja\/konkurencno-pravo\/#breadcrumb\",\"itemListElement\":[{\"@type\":\"ListItem\",\"position\":1,\"name\":\"Rechtsgebiete\",\"item\":\"https:\/\/www.jjlex.si\/pravna-podrocja\/\"},{\"@type\":\"ListItem\",\"position\":2,\"name\":\"WETTBEWERBSRECHT\"}]},{\"@type\":\"WebSite\",\"@id\":\"https:\/\/www.jjlex.si\/#website\",\"url\":\"https:\/\/www.jjlex.si\/\",\"name\":\"Odvetni\u0161ka pisarna Jane\u017ei\u010d &amp; Jarkovi\u010d\",\"description\":\"Just another WordPress site\",\"potentialAction\":[{\"@type\":\"SearchAction\",\"target\":{\"@type\":\"EntryPoint\",\"urlTemplate\":\"https:\/\/www.jjlex.si\/?s={search_term_string}\"},\"query-input\":{\"@type\":\"PropertyValueSpecification\",\"valueRequired\":true,\"valueName\":\"search_term_string\"}}],\"inLanguage\":\"de\"}]}<\/script>\r\n<!-- \/ Yoast SEO plugin. -->","yoast_head_json":{"title":"WETTBEWERBSRECHT - Odvetni\u0161ka pisarna Jane\u017ei\u010d &amp; Jarkovi\u010d","robots":{"index":"index","follow":"follow","max-snippet":"max-snippet:-1","max-image-preview":"max-image-preview:large","max-video-preview":"max-video-preview:-1"},"canonical":"https:\/\/www.jjlex.si\/pravna-podrocja\/konkurencno-pravo\/","og_locale":"de_DE","og_type":"article","og_title":"WETTBEWERBSRECHT - Odvetni\u0161ka pisarna Jane\u017ei\u010d &amp; Jarkovi\u010d","og_description":"Beratung von Mandanten in Sachen betreffend unlauteren Wettbewerb, Wettbewerbsbeschr\u00e4nkungen und Missbrauch einer marktbeherrschenden Stellung sowie bei Zusammenschl\u00fcssen und ihre Vertretung vor der \u00f6ffentlichen Agentur der Republik Slowenien zum Wettbewerbsschutz und vor anderen zust\u00e4ndigen Beh\u00f6rden und Gerichten.","og_url":"https:\/\/www.jjlex.si\/pravna-podrocja\/konkurencno-pravo\/","og_site_name":"Odvetni\u0161ka pisarna Jane\u017ei\u010d &amp; Jarkovi\u010d","article_modified_time":"2018-08-08T09:10:46+00:00","twitter_card":"summary_large_image","twitter_misc":{"Gesch\u00e4tzte Lesezeit":"1\u00a0Minute"},"schema":{"@context":"https:\/\/schema.org","@graph":[{"@type":"WebPage","@id":"https:\/\/www.jjlex.si\/pravna-podrocja\/konkurencno-pravo\/","url":"https:\/\/www.jjlex.si\/pravna-podrocja\/konkurencno-pravo\/","name":"WETTBEWERBSRECHT - Odvetni\u0161ka pisarna Jane\u017ei\u010d &amp; Jarkovi\u010d","isPartOf":{"@id":"https:\/\/www.jjlex.si\/#website"},"datePublished":"2015-09-30T11:59:56+00:00","dateModified":"2018-08-08T09:10:46+00:00","breadcrumb":{"@id":"https:\/\/www.jjlex.si\/pravna-podrocja\/konkurencno-pravo\/#breadcrumb"},"inLanguage":"de","potentialAction":[{"@type":"ReadAction","target":["https:\/\/www.jjlex.si\/pravna-podrocja\/konkurencno-pravo\/"]}]},{"@type":"BreadcrumbList","@id":"https:\/\/www.jjlex.si\/pravna-podrocja\/konkurencno-pravo\/#breadcrumb","itemListElement":[{"@type":"ListItem","position":1,"name":"Rechtsgebiete","item":"https:\/\/www.jjlex.si\/pravna-podrocja\/"},{"@type":"ListItem","position":2,"name":"WETTBEWERBSRECHT"}]},{"@type":"WebSite","@id":"https:\/\/www.jjlex.si\/#website","url":"https:\/\/www.jjlex.si\/","name":"Odvetni\u0161ka pisarna Jane\u017ei\u010d &amp; Jarkovi\u010d","description":"Just another WordPress site","potentialAction":[{"@type":"SearchAction","target":{"@type":"EntryPoint","urlTemplate":"https:\/\/www.jjlex.si\/?s={search_term_string}"},"query-input":{"@type":"PropertyValueSpecification","valueRequired":true,"valueName":"search_term_string"}}],"inLanguage":"de"}]}},"_links":{"self":[{"href":"https:\/\/www.jjlex.si\/de\/wp-json\/wp\/v2\/pages\/472","targetHints":{"allow":["GET"]}}],"collection":[{"href":"https:\/\/www.jjlex.si\/de\/wp-json\/wp\/v2\/pages"}],"about":[{"href":"https:\/\/www.jjlex.si\/de\/wp-json\/wp\/v2\/types\/page"}],"author":[{"embeddable":true,"href":"https:\/\/www.jjlex.si\/de\/wp-json\/wp\/v2\/users\/1"}],"replies":[{"embeddable":true,"href":"https:\/\/www.jjlex.si\/de\/wp-json\/wp\/v2\/comments?post=472"}],"version-history":[{"count":1,"href":"https:\/\/www.jjlex.si\/de\/wp-json\/wp\/v2\/pages\/472\/revisions"}],"predecessor-version":[{"id":473,"href":"https:\/\/www.jjlex.si\/de\/wp-json\/wp\/v2\/pages\/472\/revisions\/473"}],"up":[{"embeddable":true,"href":"https:\/\/www.jjlex.si\/de\/wp-json\/wp\/v2\/pages\/455"}],"wp:attachment":[{"href":"https:\/\/www.jjlex.si\/de\/wp-json\/wp\/v2\/media?parent=472"}],"curies":[{"name":"wp","href":"https:\/\/api.w.org\/{rel}","templated":true}]}}