{"id":470,"date":"2015-09-30T11:58:17","date_gmt":"2015-09-30T11:58:17","guid":{"rendered":"https:\/\/www.jjlex.si\/?page_id=470&#038;lang=de"},"modified":"2018-08-08T09:11:11","modified_gmt":"2018-08-08T09:11:11","slug":"wirtschaftsrecht","status":"publish","type":"page","link":"https:\/\/www.jjlex.si\/de\/rechtsgebiete\/wirtschaftsrecht\/","title":{"rendered":"WIRTSCHAFTSRECHT"},"content":{"rendered":"<div class=\"row \"><div class=\"wpv-grid grid-1-1  wpv-first-level first unextended\" style=\"padding-top:0px;padding-bottom:0px\" id=\"wpv-column-7156b0b7ab26ba98fc683bee24364a12\" ><p>Gr\u00fcndung von Wirtschaftsgesellschaften aller Art (Gestaltung von Gesellschaftsvertr\u00e4gen, Gr\u00fcndungsakten, Satzungen), deren Status\u00e4nderungen und andere Fragen betreffend Gesellschaftsrecht. Gestaltung von Wirtschaftsvertr\u00e4gen, Durchf\u00fchrung von rechtlichen Due-Diligence-Pr\u00fcfungen von Wirtschaftsgesellschaften und Beratung in anderen Angelegenheiten  im wirtschaftsrechtlichen Bereich. Gr\u00fcndung anderer Rechtssubjekte (Gestaltung von Gesellschaftsvertr\u00e4gen, Gr\u00fcndungsakten von Wirtschaftsgesellschaften und Instituten, Satzungen), deren Status\u00e4nderungen und andere Fragen betreffend Gesellschaftsrecht.  Vertretung von Mandanten  in Verfahren vor Inspektions- und anderen Beh\u00f6rden sowie in Konkurs-, Zwangsvergleichs- und Liquidationsverfahren.<\/p>\n<div class=\"push\" style='margin-bottom:-20px'><\/div>\n<div class=\"sep-2\"><\/div>\n<div class=\"push\" style='height:5px'><\/div><\/div><\/div>\n","protected":false},"excerpt":{"rendered":"<p>Gr\u00fcndung von Wirtschaftsgesellschaften aller Art (Gestaltung von Gesellschaftsvertr\u00e4gen, Gr\u00fcndungsakten, Satzungen), deren Status\u00e4nderungen und andere Fragen betreffend Gesellschaftsrecht. Gestaltung von Wirtschaftsvertr\u00e4gen, Durchf\u00fchrung von rechtlichen Due-Diligence-Pr\u00fcfungen von Wirtschaftsgesellschaften und Beratung in anderen Angelegenheiten im wirtschaftsrechtlichen Bereich. Gr\u00fcndung anderer Rechtssubjekte (Gestaltung von Gesellschaftsvertr\u00e4gen, Gr\u00fcndungsakten von Wirtschaftsgesellschaften und Instituten, Satzungen), deren Status\u00e4nderungen und andere Fragen betreffend Gesellschaftsrecht. Vertretung von&#8230;<\/p>\n","protected":false},"author":1,"featured_media":0,"parent":455,"menu_order":4,"comment_status":"closed","ping_status":"closed","template":"","meta":{"footnotes":""},"class_list":["post-470","page","type-page","status-publish","hentry"],"yoast_head":"<!-- This site is optimized with the Yoast SEO plugin v25.1 - https:\/\/yoast.com\/wordpress\/plugins\/seo\/ -->\r\n<title>WIRTSCHAFTSRECHT - Odvetni\u0161ka pisarna Jane\u017ei\u010d &amp; Jarkovi\u010d<\/title>\r\n<meta name=\"robots\" content=\"index, follow, max-snippet:-1, max-image-preview:large, max-video-preview:-1\" \/>\r\n<link rel=\"canonical\" href=\"https:\/\/www.jjlex.si\/pravna-podrocja\/gospodarsko-pravo\/\" \/>\r\n<meta property=\"og:locale\" content=\"de_DE\" \/>\r\n<meta property=\"og:type\" content=\"article\" \/>\r\n<meta property=\"og:title\" content=\"WIRTSCHAFTSRECHT - Odvetni\u0161ka pisarna Jane\u017ei\u010d &amp; Jarkovi\u010d\" \/>\r\n<meta property=\"og:description\" content=\"Gr\u00fcndung von Wirtschaftsgesellschaften aller Art (Gestaltung von Gesellschaftsvertr\u00e4gen, Gr\u00fcndungsakten, Satzungen), deren Status\u00e4nderungen und andere Fragen betreffend Gesellschaftsrecht. Gestaltung von Wirtschaftsvertr\u00e4gen, Durchf\u00fchrung von rechtlichen Due-Diligence-Pr\u00fcfungen von Wirtschaftsgesellschaften und Beratung in anderen Angelegenheiten im wirtschaftsrechtlichen Bereich. Gr\u00fcndung anderer Rechtssubjekte (Gestaltung von Gesellschaftsvertr\u00e4gen, Gr\u00fcndungsakten von Wirtschaftsgesellschaften und Instituten, Satzungen), deren Status\u00e4nderungen und andere Fragen betreffend Gesellschaftsrecht. Vertretung von...\" \/>\r\n<meta property=\"og:url\" content=\"https:\/\/www.jjlex.si\/pravna-podrocja\/gospodarsko-pravo\/\" \/>\r\n<meta property=\"og:site_name\" content=\"Odvetni\u0161ka pisarna Jane\u017ei\u010d &amp; Jarkovi\u010d\" \/>\r\n<meta property=\"article:modified_time\" content=\"2018-08-08T09:11:11+00:00\" \/>\r\n<meta name=\"twitter:card\" content=\"summary_large_image\" \/>\r\n<meta name=\"twitter:label1\" content=\"Gesch\u00e4tzte Lesezeit\" \/>\n\t<meta name=\"twitter:data1\" content=\"1\u00a0Minute\" \/>\r\n<script type=\"application\/ld+json\" class=\"yoast-schema-graph\">{\"@context\":\"https:\/\/schema.org\",\"@graph\":[{\"@type\":\"WebPage\",\"@id\":\"https:\/\/www.jjlex.si\/pravna-podrocja\/gospodarsko-pravo\/\",\"url\":\"https:\/\/www.jjlex.si\/pravna-podrocja\/gospodarsko-pravo\/\",\"name\":\"WIRTSCHAFTSRECHT - Odvetni\u0161ka pisarna Jane\u017ei\u010d &amp; Jarkovi\u010d\",\"isPartOf\":{\"@id\":\"https:\/\/www.jjlex.si\/#website\"},\"datePublished\":\"2015-09-30T11:58:17+00:00\",\"dateModified\":\"2018-08-08T09:11:11+00:00\",\"breadcrumb\":{\"@id\":\"https:\/\/www.jjlex.si\/pravna-podrocja\/gospodarsko-pravo\/#breadcrumb\"},\"inLanguage\":\"de\",\"potentialAction\":[{\"@type\":\"ReadAction\",\"target\":[\"https:\/\/www.jjlex.si\/pravna-podrocja\/gospodarsko-pravo\/\"]}]},{\"@type\":\"BreadcrumbList\",\"@id\":\"https:\/\/www.jjlex.si\/pravna-podrocja\/gospodarsko-pravo\/#breadcrumb\",\"itemListElement\":[{\"@type\":\"ListItem\",\"position\":1,\"name\":\"Rechtsgebiete\",\"item\":\"https:\/\/www.jjlex.si\/pravna-podrocja\/\"},{\"@type\":\"ListItem\",\"position\":2,\"name\":\"WIRTSCHAFTSRECHT\"}]},{\"@type\":\"WebSite\",\"@id\":\"https:\/\/www.jjlex.si\/#website\",\"url\":\"https:\/\/www.jjlex.si\/\",\"name\":\"Odvetni\u0161ka pisarna Jane\u017ei\u010d &amp; Jarkovi\u010d\",\"description\":\"Just another WordPress site\",\"potentialAction\":[{\"@type\":\"SearchAction\",\"target\":{\"@type\":\"EntryPoint\",\"urlTemplate\":\"https:\/\/www.jjlex.si\/?s={search_term_string}\"},\"query-input\":{\"@type\":\"PropertyValueSpecification\",\"valueRequired\":true,\"valueName\":\"search_term_string\"}}],\"inLanguage\":\"de\"}]}<\/script>\r\n<!-- \/ Yoast SEO plugin. -->","yoast_head_json":{"title":"WIRTSCHAFTSRECHT - Odvetni\u0161ka pisarna Jane\u017ei\u010d &amp; Jarkovi\u010d","robots":{"index":"index","follow":"follow","max-snippet":"max-snippet:-1","max-image-preview":"max-image-preview:large","max-video-preview":"max-video-preview:-1"},"canonical":"https:\/\/www.jjlex.si\/pravna-podrocja\/gospodarsko-pravo\/","og_locale":"de_DE","og_type":"article","og_title":"WIRTSCHAFTSRECHT - Odvetni\u0161ka pisarna Jane\u017ei\u010d &amp; Jarkovi\u010d","og_description":"Gr\u00fcndung von Wirtschaftsgesellschaften aller Art (Gestaltung von Gesellschaftsvertr\u00e4gen, Gr\u00fcndungsakten, Satzungen), deren Status\u00e4nderungen und andere Fragen betreffend Gesellschaftsrecht. Gestaltung von Wirtschaftsvertr\u00e4gen, Durchf\u00fchrung von rechtlichen Due-Diligence-Pr\u00fcfungen von Wirtschaftsgesellschaften und Beratung in anderen Angelegenheiten im wirtschaftsrechtlichen Bereich. Gr\u00fcndung anderer Rechtssubjekte (Gestaltung von Gesellschaftsvertr\u00e4gen, Gr\u00fcndungsakten von Wirtschaftsgesellschaften und Instituten, Satzungen), deren Status\u00e4nderungen und andere Fragen betreffend Gesellschaftsrecht. Vertretung von...","og_url":"https:\/\/www.jjlex.si\/pravna-podrocja\/gospodarsko-pravo\/","og_site_name":"Odvetni\u0161ka pisarna Jane\u017ei\u010d &amp; Jarkovi\u010d","article_modified_time":"2018-08-08T09:11:11+00:00","twitter_card":"summary_large_image","twitter_misc":{"Gesch\u00e4tzte Lesezeit":"1\u00a0Minute"},"schema":{"@context":"https:\/\/schema.org","@graph":[{"@type":"WebPage","@id":"https:\/\/www.jjlex.si\/pravna-podrocja\/gospodarsko-pravo\/","url":"https:\/\/www.jjlex.si\/pravna-podrocja\/gospodarsko-pravo\/","name":"WIRTSCHAFTSRECHT - Odvetni\u0161ka pisarna Jane\u017ei\u010d &amp; Jarkovi\u010d","isPartOf":{"@id":"https:\/\/www.jjlex.si\/#website"},"datePublished":"2015-09-30T11:58:17+00:00","dateModified":"2018-08-08T09:11:11+00:00","breadcrumb":{"@id":"https:\/\/www.jjlex.si\/pravna-podrocja\/gospodarsko-pravo\/#breadcrumb"},"inLanguage":"de","potentialAction":[{"@type":"ReadAction","target":["https:\/\/www.jjlex.si\/pravna-podrocja\/gospodarsko-pravo\/"]}]},{"@type":"BreadcrumbList","@id":"https:\/\/www.jjlex.si\/pravna-podrocja\/gospodarsko-pravo\/#breadcrumb","itemListElement":[{"@type":"ListItem","position":1,"name":"Rechtsgebiete","item":"https:\/\/www.jjlex.si\/pravna-podrocja\/"},{"@type":"ListItem","position":2,"name":"WIRTSCHAFTSRECHT"}]},{"@type":"WebSite","@id":"https:\/\/www.jjlex.si\/#website","url":"https:\/\/www.jjlex.si\/","name":"Odvetni\u0161ka pisarna Jane\u017ei\u010d &amp; Jarkovi\u010d","description":"Just another WordPress site","potentialAction":[{"@type":"SearchAction","target":{"@type":"EntryPoint","urlTemplate":"https:\/\/www.jjlex.si\/?s={search_term_string}"},"query-input":{"@type":"PropertyValueSpecification","valueRequired":true,"valueName":"search_term_string"}}],"inLanguage":"de"}]}},"_links":{"self":[{"href":"https:\/\/www.jjlex.si\/de\/wp-json\/wp\/v2\/pages\/470","targetHints":{"allow":["GET"]}}],"collection":[{"href":"https:\/\/www.jjlex.si\/de\/wp-json\/wp\/v2\/pages"}],"about":[{"href":"https:\/\/www.jjlex.si\/de\/wp-json\/wp\/v2\/types\/page"}],"author":[{"embeddable":true,"href":"https:\/\/www.jjlex.si\/de\/wp-json\/wp\/v2\/users\/1"}],"replies":[{"embeddable":true,"href":"https:\/\/www.jjlex.si\/de\/wp-json\/wp\/v2\/comments?post=470"}],"version-history":[{"count":1,"href":"https:\/\/www.jjlex.si\/de\/wp-json\/wp\/v2\/pages\/470\/revisions"}],"predecessor-version":[{"id":471,"href":"https:\/\/www.jjlex.si\/de\/wp-json\/wp\/v2\/pages\/470\/revisions\/471"}],"up":[{"embeddable":true,"href":"https:\/\/www.jjlex.si\/de\/wp-json\/wp\/v2\/pages\/455"}],"wp:attachment":[{"href":"https:\/\/www.jjlex.si\/de\/wp-json\/wp\/v2\/media?parent=470"}],"curies":[{"name":"wp","href":"https:\/\/api.w.org\/{rel}","templated":true}]}}