{"id":459,"date":"2015-09-30T11:48:00","date_gmt":"2015-09-30T11:48:00","guid":{"rendered":"https:\/\/www.jjlex.si\/?page_id=459&#038;lang=de"},"modified":"2018-08-08T09:07:33","modified_gmt":"2018-08-08T09:07:33","slug":"allgemeine-bedingungen","status":"publish","type":"page","link":"https:\/\/www.jjlex.si\/de\/home\/allgemeine-bedingungen\/","title":{"rendered":"Allgemeine Bedingungen"},"content":{"rendered":"<div class=\"row \"><div class=\"wpv-grid grid-1-1  wpv-first-level first unextended\" style=\"padding-top:0px;padding-bottom:0px\" id=\"wpv-column-3f9ca5ca19b3c83d74f2af1e011d8bf9\" ><p>Alle auf der Adresse  www.jjlex.si erreichbaren Webseiten sind laut Gesetz ausschlie\u00dflich zur Information der \u00d6ffentlichkeit \u00fcber die Aus\u00fcbung der Rechtsanwaltst\u00e4tigkeit bestimmt.   <\/p>\n<p>Einen Teil unserer Webseite bilden auch Links zu den Webseiten von Drittpersonen. Wir \u00fcbernehmen keine Verantwortung f\u00fcr den Inhalt auf diesen Webseiten.<\/div><\/div>\n","protected":false},"excerpt":{"rendered":"<p>Alle auf der Adresse www.jjlex.si erreichbaren Webseiten sind laut Gesetz ausschlie\u00dflich zur Information der \u00d6ffentlichkeit \u00fcber die Aus\u00fcbung der Rechtsanwaltst\u00e4tigkeit bestimmt. Einen Teil unserer Webseite bilden auch Links zu den Webseiten von Drittpersonen. Wir \u00fcbernehmen keine Verantwortung f\u00fcr den Inhalt auf diesen Webseiten.<\/p>\n","protected":false},"author":1,"featured_media":0,"parent":442,"menu_order":3,"comment_status":"closed","ping_status":"closed","template":"","meta":{"footnotes":""},"class_list":["post-459","page","type-page","status-publish","hentry"],"yoast_head":"<!-- This site is optimized with the Yoast SEO plugin v27.5 - https:\/\/yoast.com\/product\/yoast-seo-wordpress\/ -->\r\n<title>Allgemeine Bedingungen - Odvetni\u0161ka pisarna Jane\u017ei\u010d &amp; Jarkovi\u010d<\/title>\r\n<meta name=\"robots\" content=\"index, follow, max-snippet:-1, max-image-preview:large, max-video-preview:-1\" \/>\r\n<link rel=\"canonical\" href=\"https:\/\/www.jjlex.si\/domov\/splosni-pogoji\/\" \/>\r\n<meta property=\"og:locale\" content=\"de_DE\" \/>\r\n<meta property=\"og:type\" content=\"article\" \/>\r\n<meta property=\"og:title\" content=\"Allgemeine Bedingungen - Odvetni\u0161ka pisarna Jane\u017ei\u010d &amp; Jarkovi\u010d\" \/>\r\n<meta property=\"og:description\" content=\"Alle auf der Adresse www.jjlex.si erreichbaren Webseiten sind laut Gesetz ausschlie\u00dflich zur Information der \u00d6ffentlichkeit \u00fcber die Aus\u00fcbung der Rechtsanwaltst\u00e4tigkeit bestimmt. Einen Teil unserer Webseite bilden auch Links zu den Webseiten von Drittpersonen. Wir \u00fcbernehmen keine Verantwortung f\u00fcr den Inhalt auf diesen Webseiten.\" \/>\r\n<meta property=\"og:url\" content=\"https:\/\/www.jjlex.si\/domov\/splosni-pogoji\/\" \/>\r\n<meta property=\"og:site_name\" content=\"Odvetni\u0161ka pisarna Jane\u017ei\u010d &amp; Jarkovi\u010d\" \/>\r\n<meta property=\"article:modified_time\" content=\"2018-08-08T09:07:33+00:00\" \/>\r\n<meta name=\"twitter:card\" content=\"summary_large_image\" \/>\r\n<meta name=\"twitter:label1\" content=\"Gesch\u00e4tzte Lesezeit\" \/>\n\t<meta name=\"twitter:data1\" content=\"1\u00a0Minute\" \/>\r\n<script type=\"application\/ld+json\" class=\"yoast-schema-graph\">{\"@context\":\"https:\\\/\\\/schema.org\",\"@graph\":[{\"@type\":\"WebPage\",\"@id\":\"https:\\\/\\\/www.jjlex.si\\\/domov\\\/splosni-pogoji\\\/\",\"url\":\"https:\\\/\\\/www.jjlex.si\\\/domov\\\/splosni-pogoji\\\/\",\"name\":\"Allgemeine Bedingungen - Odvetni\u0161ka pisarna Jane\u017ei\u010d &amp; Jarkovi\u010d\",\"isPartOf\":{\"@id\":\"https:\\\/\\\/www.jjlex.si\\\/#website\"},\"datePublished\":\"2015-09-30T11:48:00+00:00\",\"dateModified\":\"2018-08-08T09:07:33+00:00\",\"breadcrumb\":{\"@id\":\"https:\\\/\\\/www.jjlex.si\\\/domov\\\/splosni-pogoji\\\/#breadcrumb\"},\"inLanguage\":\"de\",\"potentialAction\":[{\"@type\":\"ReadAction\",\"target\":[\"https:\\\/\\\/www.jjlex.si\\\/domov\\\/splosni-pogoji\\\/\"]}]},{\"@type\":\"BreadcrumbList\",\"@id\":\"https:\\\/\\\/www.jjlex.si\\\/domov\\\/splosni-pogoji\\\/#breadcrumb\",\"itemListElement\":[{\"@type\":\"ListItem\",\"position\":1,\"name\":\"Home\",\"item\":\"https:\\\/\\\/www.jjlex.si\\\/\"},{\"@type\":\"ListItem\",\"position\":2,\"name\":\"Allgemeine Bedingungen\"}]},{\"@type\":\"WebSite\",\"@id\":\"https:\\\/\\\/www.jjlex.si\\\/#website\",\"url\":\"https:\\\/\\\/www.jjlex.si\\\/\",\"name\":\"Odvetni\u0161ka pisarna Jane\u017ei\u010d &amp; Jarkovi\u010d\",\"description\":\"Just another WordPress site\",\"potentialAction\":[{\"@type\":\"SearchAction\",\"target\":{\"@type\":\"EntryPoint\",\"urlTemplate\":\"https:\\\/\\\/www.jjlex.si\\\/?s={search_term_string}\"},\"query-input\":{\"@type\":\"PropertyValueSpecification\",\"valueRequired\":true,\"valueName\":\"search_term_string\"}}],\"inLanguage\":\"de\"}]}<\/script>\r\n<!-- \/ Yoast SEO plugin. -->","yoast_head_json":{"title":"Allgemeine Bedingungen - Odvetni\u0161ka pisarna Jane\u017ei\u010d &amp; Jarkovi\u010d","robots":{"index":"index","follow":"follow","max-snippet":"max-snippet:-1","max-image-preview":"max-image-preview:large","max-video-preview":"max-video-preview:-1"},"canonical":"https:\/\/www.jjlex.si\/domov\/splosni-pogoji\/","og_locale":"de_DE","og_type":"article","og_title":"Allgemeine Bedingungen - Odvetni\u0161ka pisarna Jane\u017ei\u010d &amp; Jarkovi\u010d","og_description":"Alle auf der Adresse www.jjlex.si erreichbaren Webseiten sind laut Gesetz ausschlie\u00dflich zur Information der \u00d6ffentlichkeit \u00fcber die Aus\u00fcbung der Rechtsanwaltst\u00e4tigkeit bestimmt. Einen Teil unserer Webseite bilden auch Links zu den Webseiten von Drittpersonen. Wir \u00fcbernehmen keine Verantwortung f\u00fcr den Inhalt auf diesen Webseiten.","og_url":"https:\/\/www.jjlex.si\/domov\/splosni-pogoji\/","og_site_name":"Odvetni\u0161ka pisarna Jane\u017ei\u010d &amp; Jarkovi\u010d","article_modified_time":"2018-08-08T09:07:33+00:00","twitter_card":"summary_large_image","twitter_misc":{"Gesch\u00e4tzte Lesezeit":"1\u00a0Minute"},"schema":{"@context":"https:\/\/schema.org","@graph":[{"@type":"WebPage","@id":"https:\/\/www.jjlex.si\/domov\/splosni-pogoji\/","url":"https:\/\/www.jjlex.si\/domov\/splosni-pogoji\/","name":"Allgemeine Bedingungen - Odvetni\u0161ka pisarna Jane\u017ei\u010d &amp; Jarkovi\u010d","isPartOf":{"@id":"https:\/\/www.jjlex.si\/#website"},"datePublished":"2015-09-30T11:48:00+00:00","dateModified":"2018-08-08T09:07:33+00:00","breadcrumb":{"@id":"https:\/\/www.jjlex.si\/domov\/splosni-pogoji\/#breadcrumb"},"inLanguage":"de","potentialAction":[{"@type":"ReadAction","target":["https:\/\/www.jjlex.si\/domov\/splosni-pogoji\/"]}]},{"@type":"BreadcrumbList","@id":"https:\/\/www.jjlex.si\/domov\/splosni-pogoji\/#breadcrumb","itemListElement":[{"@type":"ListItem","position":1,"name":"Home","item":"https:\/\/www.jjlex.si\/"},{"@type":"ListItem","position":2,"name":"Allgemeine Bedingungen"}]},{"@type":"WebSite","@id":"https:\/\/www.jjlex.si\/#website","url":"https:\/\/www.jjlex.si\/","name":"Odvetni\u0161ka pisarna Jane\u017ei\u010d &amp; Jarkovi\u010d","description":"Just another WordPress site","potentialAction":[{"@type":"SearchAction","target":{"@type":"EntryPoint","urlTemplate":"https:\/\/www.jjlex.si\/?s={search_term_string}"},"query-input":{"@type":"PropertyValueSpecification","valueRequired":true,"valueName":"search_term_string"}}],"inLanguage":"de"}]}},"_links":{"self":[{"href":"https:\/\/www.jjlex.si\/de\/wp-json\/wp\/v2\/pages\/459","targetHints":{"allow":["GET"]}}],"collection":[{"href":"https:\/\/www.jjlex.si\/de\/wp-json\/wp\/v2\/pages"}],"about":[{"href":"https:\/\/www.jjlex.si\/de\/wp-json\/wp\/v2\/types\/page"}],"author":[{"embeddable":true,"href":"https:\/\/www.jjlex.si\/de\/wp-json\/wp\/v2\/users\/1"}],"replies":[{"embeddable":true,"href":"https:\/\/www.jjlex.si\/de\/wp-json\/wp\/v2\/comments?post=459"}],"version-history":[{"count":2,"href":"https:\/\/www.jjlex.si\/de\/wp-json\/wp\/v2\/pages\/459\/revisions"}],"predecessor-version":[{"id":671,"href":"https:\/\/www.jjlex.si\/de\/wp-json\/wp\/v2\/pages\/459\/revisions\/671"}],"up":[{"embeddable":true,"href":"https:\/\/www.jjlex.si\/de\/wp-json\/wp\/v2\/pages\/442"}],"wp:attachment":[{"href":"https:\/\/www.jjlex.si\/de\/wp-json\/wp\/v2\/media?parent=459"}],"curies":[{"name":"wp","href":"https:\/\/api.w.org\/{rel}","templated":true}]}}