{"id":457,"date":"2015-09-30T11:46:07","date_gmt":"2015-09-30T11:46:07","guid":{"rendered":"https:\/\/www.jjlex.si\/?page_id=457&#038;lang=de"},"modified":"2023-02-13T11:38:59","modified_gmt":"2023-02-13T11:38:59","slug":"links","status":"publish","type":"page","link":"https:\/\/www.jjlex.si\/de\/home\/links\/","title":{"rendered":"Links"},"content":{"rendered":"<div class=\"row \"><div class=\"wpv-grid grid-1-1  wpv-first-level first unextended\" style=\"padding-top:0px;padding-bottom:0px\" id=\"wpv-column-68099b5a60a9d881d1d5528cda189de0\" ><div class=\"row \"><div class=\"wpv-grid grid-1-3  first unextended\" style=\"padding-top:0px;padding-bottom:0px\" id=\"wpv-column-20cc9b680e5e90bd26dcea9c92b8d133\" >\t\t<h2 class=\"text-divider-double\">\t\t\t\nGerichte\t\t<\/h2>\t\t<div class=\"sep\"><\/div>\t\n<p>Slowenien<\/p>\n<ol>\n<li><a href=\"http:\/\/www.us-rs.si\/\" target=\"_blank\" rel=\"noopener\">Verfassungsgericht der RS<\/a><\/li>\n<li><a href=\"http:\/\/www.sodisce.si\/\" target=\"_blank\" rel=\"noopener\">Oberster Gerichtshof der RS<\/a><\/li>\n<\/ol>\n<p>Europ\u00e4ische Union<\/p>\n<ol>\n<li><a href=\"http:\/\/www.echr.coe.int\/Pages\/home.aspx?p=home&amp;c=\" target=\"_blank\" rel=\"noopener\">Der Europ\u00e4ische Gerichtshof f\u00fcr Menschenrechte<\/a><\/li>\n<li>Gerichtshof der Europ\u00e4ischen Union \u2013 <a href=\"http:\/\/curia.europa.eu\/jcms\/jcms\/Jo2_6999\/\" target=\"_blank\" rel=\"noopener\">CURIA<\/a><\/li>\n<\/ol>\n\t\t<h2 class=\"text-divider-double\">\t\t\t\nRegister und Vorschriften\t\t<\/h2>\t\t<div class=\"sep\"><\/div>\t\n<ol>\n<li><a href=\"http:\/\/www.ajpes.si\/\" target=\"_blank\" rel=\"noopener\">Ajpes<\/a> &#8211; Agentur der RS f\u00fcr \u00f6ffentlich-rechtliche Datenerfassung und Leistungen<\/li>\n<li><a href=\"http:\/\/www.pisrs.si\/Pis.web\/\" target=\"_blank\" rel=\"noopener\">Rechtsinformationssystem der RS (PIS)<\/a><\/li>\n<li><a href=\"http:\/\/www.uradni-list.si\/\" target=\"_blank\" rel=\"noopener\">Amtsblatt der RS<\/a><\/li>\n<li><a href=\"http:\/\/www.pisrs.si\/Pis.web\/pregledPredpisa?id=TARI184\" target=\"_blank\" rel=\"noopener\">Rechtsanwaltstarif<\/a><\/li>\n<\/ol><\/div>\n<div class=\"wpv-grid grid-1-3  unextended\" style=\"padding-top:0px;padding-bottom:0px\" id=\"wpv-column-a8684c8fc3a5793b56066170eba64d05\" >\t\t<h2 class=\"text-divider-double\">\t\t\t\nInstitutionen\t\t<\/h2>\t\t<div class=\"sep\"><\/div>\t\n<p>Allgemeine Institutionen<\/p>\n<ol>\n<li><a href=\"http:\/\/www.bsi.si\/\" target=\"_blank\" rel=\"noopener\">Banka Slovenije (Nationalbank der RS)<\/a><\/li>\n<li><a href=\"http:\/\/www.dz-rs.si\/\" target=\"_blank\" rel=\"noopener\">Nationalversammlung der RS<\/a><\/li>\n<\/ol>\n<p>Standeskammer und Verb\u00e4nde<\/p>\n<ol>\n<li><a href=\"http:\/\/www.odv-zb.si\/\" target=\"_blank\" rel=\"noopener\">Rechtsanwaltskammer Sloweniens<\/a><\/li>\n<li><a href=\"http:\/\/www.notar-z.si\/\" target=\"_blank\" rel=\"noopener\">Notariatskammer Sloweniens<\/a><\/li>\n<li><a href=\"http:\/\/www.izvrsitelji.si\/\" target=\"_blank\" rel=\"noopener\">Vollstreckungskammer Sloweniens<\/a><\/li>\n<\/ol>\n<p>&nbsp;<\/p>\n<ol start=\"4\">\n<li><a href=\"http:\/\/www.gzs.si\/\" target=\"_blank\" rel=\"noopener\">Wirtschaftskammer Sloweniens<\/a><\/li>\n<li><a href=\"http:\/\/www.soz.si\/\" target=\"_blank\" rel=\"noopener\">Slowenische Werbekammer<\/a><\/li>\n<li><a href=\"http:\/\/www.tzslo.si\/\" target=\"_blank\" rel=\"noopener\">Handelskammer Sloweniens<\/a><\/li>\n<\/ol>\n<p>Geistiges Eigentum<\/p>\n<ol>\n<li><a href=\"http:\/\/www.uil-sipo.si\/\" target=\"_blank\" rel=\"noopener\">Amt der Republik Slowenien f\u00fcr geistiges Eigentum <\/a><\/li>\n<li>Harmonisierungsamt der EU f\u00fcr den Binnenmarkt (Marken und Modelle) <a href=\"http:\/\/oami.europa.eu\/\" target=\"_blank\" rel=\"noopener\">(HABM)<\/a><\/li>\n<li>Weltorganisation f\u00fcr geistiges Eigentum <a href=\"http:\/\/www.wipo.int\/\" target=\"_blank\" rel=\"noopener\">WIPO<\/a><\/li>\n<\/ol><\/div>\n<div class=\"wpv-grid grid-1-3  unextended\" style=\"padding-top:0px;padding-bottom:0px\" id=\"wpv-column-6b82d4029b13e50f8d86cc8195ad7771\" >\t\t<h2 class=\"text-divider-double\">\t\t\t\nE-Verwaltung\t\t<\/h2>\t\t<div class=\"sep\"><\/div>\t\n<ul>\n<li><a href=\"http:\/\/e-uprava.gov.si\/\" target=\"_blank\" rel=\"noopener\">E-Verwaltung<\/a><\/li>\n<\/ul><\/div><\/div><\/div><\/div>\n","protected":false},"excerpt":{"rendered":"<p>Slowenien Verfassungsgericht der RS Oberster Gerichtshof der RS Europ\u00e4ische Union Der Europ\u00e4ische Gerichtshof f\u00fcr Menschenrechte Gerichtshof der Europ\u00e4ischen Union \u2013 CURIA Ajpes &#8211; Agentur der RS f\u00fcr \u00f6ffentlich-rechtliche Datenerfassung und Leistungen Rechtsinformationssystem der RS (PIS) Amtsblatt der RS Rechtsanwaltstarif Allgemeine Institutionen Banka Slovenije (Nationalbank der RS) Nationalversammlung der RS Standeskammer und Verb\u00e4nde Rechtsanwaltskammer Sloweniens Notariatskammer&#8230;<\/p>\n","protected":false},"author":1,"featured_media":0,"parent":442,"menu_order":1,"comment_status":"closed","ping_status":"closed","template":"","meta":{"footnotes":""},"class_list":["post-457","page","type-page","status-publish","hentry"],"yoast_head":"<!-- This site is optimized with the Yoast SEO plugin v25.1 - https:\/\/yoast.com\/wordpress\/plugins\/seo\/ -->\r\n<title>Links - Odvetni\u0161ka pisarna Jane\u017ei\u010d &amp; Jarkovi\u010d<\/title>\r\n<meta name=\"robots\" content=\"index, follow, max-snippet:-1, max-image-preview:large, max-video-preview:-1\" \/>\r\n<link rel=\"canonical\" href=\"https:\/\/www.jjlex.si\/domov\/povezave\/\" \/>\r\n<meta property=\"og:locale\" content=\"de_DE\" \/>\r\n<meta property=\"og:type\" content=\"article\" \/>\r\n<meta property=\"og:title\" content=\"Links - Odvetni\u0161ka pisarna Jane\u017ei\u010d &amp; Jarkovi\u010d\" \/>\r\n<meta property=\"og:description\" content=\"Slowenien Verfassungsgericht der RS Oberster Gerichtshof der RS Europ\u00e4ische Union Der Europ\u00e4ische Gerichtshof f\u00fcr Menschenrechte Gerichtshof der Europ\u00e4ischen Union \u2013 CURIA Ajpes &#8211; Agentur der RS f\u00fcr \u00f6ffentlich-rechtliche Datenerfassung und Leistungen Rechtsinformationssystem der RS (PIS) Amtsblatt der RS Rechtsanwaltstarif Allgemeine Institutionen Banka Slovenije (Nationalbank der RS) Nationalversammlung der RS Standeskammer und Verb\u00e4nde Rechtsanwaltskammer Sloweniens Notariatskammer...\" \/>\r\n<meta property=\"og:url\" content=\"https:\/\/www.jjlex.si\/domov\/povezave\/\" \/>\r\n<meta property=\"og:site_name\" content=\"Odvetni\u0161ka pisarna Jane\u017ei\u010d &amp; Jarkovi\u010d\" \/>\r\n<meta property=\"article:modified_time\" content=\"2023-02-13T11:38:59+00:00\" \/>\r\n<meta name=\"twitter:card\" content=\"summary_large_image\" \/>\r\n<meta name=\"twitter:label1\" content=\"Gesch\u00e4tzte Lesezeit\" \/>\n\t<meta name=\"twitter:data1\" content=\"2\u00a0Minuten\" \/>\r\n<script type=\"application\/ld+json\" class=\"yoast-schema-graph\">{\"@context\":\"https:\/\/schema.org\",\"@graph\":[{\"@type\":\"WebPage\",\"@id\":\"https:\/\/www.jjlex.si\/domov\/povezave\/\",\"url\":\"https:\/\/www.jjlex.si\/domov\/povezave\/\",\"name\":\"Links - Odvetni\u0161ka pisarna Jane\u017ei\u010d &amp; Jarkovi\u010d\",\"isPartOf\":{\"@id\":\"https:\/\/www.jjlex.si\/#website\"},\"datePublished\":\"2015-09-30T11:46:07+00:00\",\"dateModified\":\"2023-02-13T11:38:59+00:00\",\"breadcrumb\":{\"@id\":\"https:\/\/www.jjlex.si\/domov\/povezave\/#breadcrumb\"},\"inLanguage\":\"de\",\"potentialAction\":[{\"@type\":\"ReadAction\",\"target\":[\"https:\/\/www.jjlex.si\/domov\/povezave\/\"]}]},{\"@type\":\"BreadcrumbList\",\"@id\":\"https:\/\/www.jjlex.si\/domov\/povezave\/#breadcrumb\",\"itemListElement\":[{\"@type\":\"ListItem\",\"position\":1,\"name\":\"Home\",\"item\":\"https:\/\/www.jjlex.si\/\"},{\"@type\":\"ListItem\",\"position\":2,\"name\":\"Links\"}]},{\"@type\":\"WebSite\",\"@id\":\"https:\/\/www.jjlex.si\/#website\",\"url\":\"https:\/\/www.jjlex.si\/\",\"name\":\"Odvetni\u0161ka pisarna Jane\u017ei\u010d &amp; Jarkovi\u010d\",\"description\":\"Just another WordPress site\",\"potentialAction\":[{\"@type\":\"SearchAction\",\"target\":{\"@type\":\"EntryPoint\",\"urlTemplate\":\"https:\/\/www.jjlex.si\/?s={search_term_string}\"},\"query-input\":{\"@type\":\"PropertyValueSpecification\",\"valueRequired\":true,\"valueName\":\"search_term_string\"}}],\"inLanguage\":\"de\"}]}<\/script>\r\n<!-- \/ Yoast SEO plugin. -->","yoast_head_json":{"title":"Links - Odvetni\u0161ka pisarna Jane\u017ei\u010d &amp; Jarkovi\u010d","robots":{"index":"index","follow":"follow","max-snippet":"max-snippet:-1","max-image-preview":"max-image-preview:large","max-video-preview":"max-video-preview:-1"},"canonical":"https:\/\/www.jjlex.si\/domov\/povezave\/","og_locale":"de_DE","og_type":"article","og_title":"Links - Odvetni\u0161ka pisarna Jane\u017ei\u010d &amp; Jarkovi\u010d","og_description":"Slowenien Verfassungsgericht der RS Oberster Gerichtshof der RS Europ\u00e4ische Union Der Europ\u00e4ische Gerichtshof f\u00fcr Menschenrechte Gerichtshof der Europ\u00e4ischen Union \u2013 CURIA Ajpes &#8211; Agentur der RS f\u00fcr \u00f6ffentlich-rechtliche Datenerfassung und Leistungen Rechtsinformationssystem der RS (PIS) Amtsblatt der RS Rechtsanwaltstarif Allgemeine Institutionen Banka Slovenije (Nationalbank der RS) Nationalversammlung der RS Standeskammer und Verb\u00e4nde Rechtsanwaltskammer Sloweniens Notariatskammer...","og_url":"https:\/\/www.jjlex.si\/domov\/povezave\/","og_site_name":"Odvetni\u0161ka pisarna Jane\u017ei\u010d &amp; Jarkovi\u010d","article_modified_time":"2023-02-13T11:38:59+00:00","twitter_card":"summary_large_image","twitter_misc":{"Gesch\u00e4tzte Lesezeit":"2\u00a0Minuten"},"schema":{"@context":"https:\/\/schema.org","@graph":[{"@type":"WebPage","@id":"https:\/\/www.jjlex.si\/domov\/povezave\/","url":"https:\/\/www.jjlex.si\/domov\/povezave\/","name":"Links - Odvetni\u0161ka pisarna Jane\u017ei\u010d &amp; Jarkovi\u010d","isPartOf":{"@id":"https:\/\/www.jjlex.si\/#website"},"datePublished":"2015-09-30T11:46:07+00:00","dateModified":"2023-02-13T11:38:59+00:00","breadcrumb":{"@id":"https:\/\/www.jjlex.si\/domov\/povezave\/#breadcrumb"},"inLanguage":"de","potentialAction":[{"@type":"ReadAction","target":["https:\/\/www.jjlex.si\/domov\/povezave\/"]}]},{"@type":"BreadcrumbList","@id":"https:\/\/www.jjlex.si\/domov\/povezave\/#breadcrumb","itemListElement":[{"@type":"ListItem","position":1,"name":"Home","item":"https:\/\/www.jjlex.si\/"},{"@type":"ListItem","position":2,"name":"Links"}]},{"@type":"WebSite","@id":"https:\/\/www.jjlex.si\/#website","url":"https:\/\/www.jjlex.si\/","name":"Odvetni\u0161ka pisarna Jane\u017ei\u010d &amp; Jarkovi\u010d","description":"Just another WordPress site","potentialAction":[{"@type":"SearchAction","target":{"@type":"EntryPoint","urlTemplate":"https:\/\/www.jjlex.si\/?s={search_term_string}"},"query-input":{"@type":"PropertyValueSpecification","valueRequired":true,"valueName":"search_term_string"}}],"inLanguage":"de"}]}},"_links":{"self":[{"href":"https:\/\/www.jjlex.si\/de\/wp-json\/wp\/v2\/pages\/457","targetHints":{"allow":["GET"]}}],"collection":[{"href":"https:\/\/www.jjlex.si\/de\/wp-json\/wp\/v2\/pages"}],"about":[{"href":"https:\/\/www.jjlex.si\/de\/wp-json\/wp\/v2\/types\/page"}],"author":[{"embeddable":true,"href":"https:\/\/www.jjlex.si\/de\/wp-json\/wp\/v2\/users\/1"}],"replies":[{"embeddable":true,"href":"https:\/\/www.jjlex.si\/de\/wp-json\/wp\/v2\/comments?post=457"}],"version-history":[{"count":9,"href":"https:\/\/www.jjlex.si\/de\/wp-json\/wp\/v2\/pages\/457\/revisions"}],"predecessor-version":[{"id":785,"href":"https:\/\/www.jjlex.si\/de\/wp-json\/wp\/v2\/pages\/457\/revisions\/785"}],"up":[{"embeddable":true,"href":"https:\/\/www.jjlex.si\/de\/wp-json\/wp\/v2\/pages\/442"}],"wp:attachment":[{"href":"https:\/\/www.jjlex.si\/de\/wp-json\/wp\/v2\/media?parent=457"}],"curies":[{"name":"wp","href":"https:\/\/api.w.org\/{rel}","templated":true}]}}